{"id":356696,"date":"2026-04-20T01:22:11","date_gmt":"2026-04-19T18:22:11","guid":{"rendered":"https:\/\/moroen.com\/de\/?p=356696"},"modified":"2026-04-20T01:22:11","modified_gmt":"2026-04-19T18:22:11","slug":"nike-quest-3-ozone-blue-cd0230-008","status":"publish","type":"product","link":"https:\/\/moroen.com\/de\/produkt\/nike-quest-3-ozone-blue-cd0230-008\/","title":{"rendered":"Nike Quest 3 \u201eOzone Blue\u201c CD0230-008"},"content":{"rendered":"<p>Verbessern Sie Ihre L\u00e4ufe mit den Nike Quest 3 \u201eOzone Blue\u201c-Laufschuhen. Mit einem atmungsaktiven Mesh-Obermaterial f\u00fcr optimale Bel\u00fcftung bieten diese Sneaker eine sichere und bequeme Passform. Die reaktionsf\u00e4hige Schaumstoff-Mittelsohle absorbiert St\u00f6\u00dfe und treibt Sie voran, w\u00e4hrend die strapazierf\u00e4hige Gummi-Au\u00dfensohle f\u00fcr Traktion auf verschiedenen Oberfl\u00e4chen sorgt. In einem auff\u00e4lligen ozonblauen Farbton verbessert der Nike Quest 3 die Sichtbarkeit und verleiht Ihrem Training einen Hauch von Stil. Egal, ob Sie ein erfahrener L\u00e4ufer sind oder gerade erst damit beginnen, diese Schuhe werden Ihre Leistung steigern und Sie motivieren.<\/p>\n<ul>\n<li><strong>Farbgebung:<\/strong> Blue\/White<\/li>\n<li><strong>Stilcode:<\/strong> CD0230-008<\/li>\n<li><strong>Obermaterial:<\/strong> Textile<\/li>\n<li><strong>Farbe:<\/strong> Blue<\/li>\n<li><strong>Saison:<\/strong> All Season<\/li>\n<li><strong>Erscheinungsjahr:<\/strong> 2020<\/li>\n<\/ul>\n","protected":false},"excerpt":{"rendered":"<p>Verbessern Sie Ihre L\u00e4ufe mit den Nike Quest 3 \u201eOzone Blue\u201c-Laufschuhen. Mit einem atmungsaktiven Mesh-Obermaterial f\u00fcr optimale Bel\u00fcftung bieten diese Sneaker eine sichere und bequeme Passform. Die reaktionsf\u00e4hige Schaumstoff-Mittelsohle absorbiert St\u00f6\u00dfe und treibt Sie voran, w\u00e4hrend die strapazierf\u00e4hige Gummi-Au\u00dfensohle f\u00fcr Traktion auf verschiedenen Oberfl\u00e4chen sorgt. In einem auff\u00e4lligen ozonblauen Farbton verbessert der Nike Quest 3 [&hellip;]<\/p>\n","protected":false},"featured_media":356931,"comment_status":"closed","ping_status":"closed","template":"","meta":[],"product_brand":[],"product_cat":[10773],"product_tag":[10919,18431,12564,10762,10792,10777,12563],"class_list":{"0":"post-356696","1":"product","2":"type-product","3":"status-publish","4":"has-post-thumbnail","6":"product_cat-nike","7":"product_tag-casual-running-shoes","8":"product_tag-geschenkidee-fuer-ihn","9":"product_tag-laufschuhe","10":"product_tag-nike","11":"product_tag-nike-running-shoes","12":"product_tag-performance-running-shoes","13":"product_tag-performance-sportschuhe","15":"first","16":"instock","17":"taxable","18":"shipping-taxable","19":"purchasable","20":"product-type-simple"},"wcpa_form_fields":null,"_links":{"self":[{"href":"https:\/\/moroen.com\/de\/wp-json\/wp\/v2\/product\/356696","targetHints":{"allow":["GET"]}}],"collection":[{"href":"https:\/\/moroen.com\/de\/wp-json\/wp\/v2\/product"}],"about":[{"href":"https:\/\/moroen.com\/de\/wp-json\/wp\/v2\/types\/product"}],"replies":[{"embeddable":true,"href":"https:\/\/moroen.com\/de\/wp-json\/wp\/v2\/comments?post=356696"}],"wp:featuredmedia":[{"embeddable":true,"href":"https:\/\/moroen.com\/de\/wp-json\/wp\/v2\/media\/356931"}],"wp:attachment":[{"href":"https:\/\/moroen.com\/de\/wp-json\/wp\/v2\/media?parent=356696"}],"wp:term":[{"taxonomy":"product_brand","embeddable":true,"href":"https:\/\/moroen.com\/de\/wp-json\/wp\/v2\/product_brand?post=356696"},{"taxonomy":"product_cat","embeddable":true,"href":"https:\/\/moroen.com\/de\/wp-json\/wp\/v2\/product_cat?post=356696"},{"taxonomy":"product_tag","embeddable":true,"href":"https:\/\/moroen.com\/de\/wp-json\/wp\/v2\/product_tag?post=356696"}],"curies":[{"name":"wp","href":"https:\/\/api.w.org\/{rel}","templated":true}]}}