{"id":356717,"date":"2026-04-20T01:22:11","date_gmt":"2026-04-19T18:22:11","guid":{"rendered":"https:\/\/moroen.com\/de\/?p=356717"},"modified":"2026-04-20T01:22:11","modified_gmt":"2026-04-19T18:22:11","slug":"air-jordan-play-slide-university-blue-white-dc9835-401","status":"publish","type":"product","link":"https:\/\/moroen.com\/de\/produkt\/air-jordan-play-slide-university-blue-white-dc9835-401\/","title":{"rendered":"Air Jordan Play Slide \u201eUniversity Blue White\u201c DC9835-401"},"content":{"rendered":"<p>Der Air Jordan Play Slide in Universit\u00e4tsblau und Wei\u00df ist ein stylischer und bequemer Sneaker der Marke Jordan. Er verf\u00fcgt \u00fcber ein schlankes Design mit praktischem Slip-on-Stil und gepolstertem Fu\u00dfbett f\u00fcr ganzt\u00e4gigen Komfort. Diese Pantoletten eignen sich perfekt als Freizeitkleidung oder zum Entspannen nach dem Training und sind eine unverzichtbare Erg\u00e4nzung f\u00fcr jede Sneaker-Sammlung.<\/p>\n<ul>\n<li><strong>Farbgebung:<\/strong> University Blue\/White<\/li>\n<li><strong>Stilcode:<\/strong> DC9835-401<\/li>\n<li><strong>Obermaterial:<\/strong> Synthetic<\/li>\n<li><strong>Farbe:<\/strong> Blue<\/li>\n<li><strong>Erscheinungsjahr:<\/strong> 2023<\/li>\n<\/ul>\n","protected":false},"excerpt":{"rendered":"<p>Der Air Jordan Play Slide in Universit\u00e4tsblau und Wei\u00df ist ein stylischer und bequemer Sneaker der Marke Jordan. Er verf\u00fcgt \u00fcber ein schlankes Design mit praktischem Slip-on-Stil und gepolstertem Fu\u00dfbett f\u00fcr ganzt\u00e4gigen Komfort. Diese Pantoletten eignen sich perfekt als Freizeitkleidung oder zum Entspannen nach dem Training und sind eine unverzichtbare Erg\u00e4nzung f\u00fcr jede Sneaker-Sammlung. Farbgebung: [&hellip;]<\/p>\n","protected":false},"featured_media":357041,"comment_status":"closed","ping_status":"closed","template":"","meta":[],"product_brand":[],"product_cat":[10825],"product_tag":[10923,18431,10819,10756,11336],"class_list":{"0":"post-356717","1":"product","2":"type-product","3":"status-publish","4":"has-post-thumbnail","6":"product_cat-jordan","7":"product_tag-casual-sandals","8":"product_tag-geschenkidee-fuer-ihn","9":"product_tag-jordan","10":"product_tag-lifestyle-casual-shoes","11":"product_tag-slides","13":"first","14":"instock","15":"taxable","16":"shipping-taxable","17":"purchasable","18":"product-type-simple"},"wcpa_form_fields":null,"_links":{"self":[{"href":"https:\/\/moroen.com\/de\/wp-json\/wp\/v2\/product\/356717","targetHints":{"allow":["GET"]}}],"collection":[{"href":"https:\/\/moroen.com\/de\/wp-json\/wp\/v2\/product"}],"about":[{"href":"https:\/\/moroen.com\/de\/wp-json\/wp\/v2\/types\/product"}],"replies":[{"embeddable":true,"href":"https:\/\/moroen.com\/de\/wp-json\/wp\/v2\/comments?post=356717"}],"wp:featuredmedia":[{"embeddable":true,"href":"https:\/\/moroen.com\/de\/wp-json\/wp\/v2\/media\/357041"}],"wp:attachment":[{"href":"https:\/\/moroen.com\/de\/wp-json\/wp\/v2\/media?parent=356717"}],"wp:term":[{"taxonomy":"product_brand","embeddable":true,"href":"https:\/\/moroen.com\/de\/wp-json\/wp\/v2\/product_brand?post=356717"},{"taxonomy":"product_cat","embeddable":true,"href":"https:\/\/moroen.com\/de\/wp-json\/wp\/v2\/product_cat?post=356717"},{"taxonomy":"product_tag","embeddable":true,"href":"https:\/\/moroen.com\/de\/wp-json\/wp\/v2\/product_tag?post=356717"}],"curies":[{"name":"wp","href":"https:\/\/api.w.org\/{rel}","templated":true}]}}