{"id":357110,"date":"2026-04-20T01:22:11","date_gmt":"2026-04-19T18:22:11","guid":{"rendered":"https:\/\/moroen.com\/de\/?p=357110"},"modified":"2026-04-20T01:22:11","modified_gmt":"2026-04-19T18:22:11","slug":"nike-offcourt-adjust-slide-sail-armory-navy-dq9624-101","status":"publish","type":"product","link":"https:\/\/moroen.com\/de\/produkt\/nike-offcourt-adjust-slide-sail-armory-navy-dq9624-101\/","title":{"rendered":"Nike Offcourt Adjust Slide \u201eSail Armory Navy\u201c DQ9624-101"},"content":{"rendered":"<p>Erleben Sie Komfort und Stil mit dem Nike Offcourt Adjust Slide \u201eSail Armory Navy\u201c, der \u00fcber ein gepolstertes Fu\u00dfbett, einen verstellbaren Riemen und ein elegantes Design verf\u00fcgt und sich ideal f\u00fcr Freizeitkleidung oder Entspannung nach dem Training eignet.<\/p>\n<ul>\n<li><strong>Farbgebung:<\/strong> Sail\/Armory Navy\/Sail<\/li>\n<li><strong>Stilcode:<\/strong> DQ9624-101<\/li>\n<li><strong>Obermaterial:<\/strong> Synthetic<\/li>\n<li><strong>Farbe:<\/strong> Beige<\/li>\n<li><strong>Saison:<\/strong> Summer<\/li>\n<li><strong>Erscheinungsjahr:<\/strong> 2024<\/li>\n<\/ul>\n","protected":false},"excerpt":{"rendered":"<p>Erleben Sie Komfort und Stil mit dem Nike Offcourt Adjust Slide \u201eSail Armory Navy\u201c, der \u00fcber ein gepolstertes Fu\u00dfbett, einen verstellbaren Riemen und ein elegantes Design verf\u00fcgt und sich ideal f\u00fcr Freizeitkleidung oder Entspannung nach dem Training eignet. Farbgebung: Sail\/Armory Navy\/Sail Stilcode: DQ9624-101 Obermaterial: Synthetic Farbe: Beige Saison: Summer Erscheinungsjahr: 2024<\/p>\n","protected":false},"featured_media":357242,"comment_status":"closed","ping_status":"closed","template":"","meta":[],"product_brand":[],"product_cat":[10773],"product_tag":[12579,12578,10756,10762,12563,11336],"class_list":{"0":"post-357110","1":"product","2":"type-product","3":"status-publish","4":"has-post-thumbnail","6":"product_cat-nike","7":"product_tag-basketballschuhe","8":"product_tag-basketballschuhe-mit-kna-cheluntersta-tzung","9":"product_tag-lifestyle-casual-shoes","10":"product_tag-nike","11":"product_tag-performance-sportschuhe","12":"product_tag-slides","13":"wcpa_has_options","15":"first","16":"instock","17":"taxable","18":"shipping-taxable","19":"purchasable","20":"product-type-simple"},"wcpa_form_fields":{"rules":{"pric_overide_base_price":false,"pric_overide_base_price_if_gt_zero":false,"pric_overide_base_price_fully":false,"pric_cal_option_once":false,"pric_use_as_fee":false,"bind_quantity":false,"quantity_bind_formula":false},"fields":[{"type":"color-group","required":true,"elementId":"wcpa-color-group-66c4a75505e74","label":"Gr\u00f6\u00dfe - EU Gr\u00f6\u00dfe","inline":true,"priceOptions":"different_for_all","pricingType":"fixed","className":"hassizechart product-shoes-size-eu product-shoes-size","name":"color-group-66c4a75505e89","disp_type":"square","selection_type":"tick-border","disp_size":"44","show_label_inside":true,"adjust_width":true,"cart_display_type":"text","other_text":"Other","cl_rule":"show","col":6,"values":[{"label":"35.5","value":"EU 35.5","price":"","pimage":"","pimage_id":"","pthumb":"","color":""},{"label":"36","value":"EU 36","price":"","pimage":"","pimage_id":"","pthumb":"","color":"","selected":true},{"label":"36.5","value":"EU 36.5","price":"","pimage":"","pimage_id":"","pthumb":"","color":""},{"label":"37.5","value":"EU 37.5","price":"","pimage":"","pimage_id":"","pthumb":"","color":""},{"label":"38","value":"EU 38","price":"","pimage":"","pimage_id":"","pthumb":"","color":""},{"label":"38.5","value":"EU 38.5","price":"","pimage":"","pimage_id":"","pthumb":"","color":""},{"label":"39","value":"EU 39","price":"","pimage":"","pimage_id":"","pthumb":"","color":""},{"label":"40","value":"EU 40","price":"","pimage":"","pimage_id":"","pthumb":"","color":""},{"label":"40.5","value":"EU 40.5","price":"","pimage":"","pimage_id":"","pthumb":"","color":""},{"label":"41","value":"EU 41","price":"","pimage":"","pimage_id":"","pthumb":"","color":""},{"label":"42","value":"EU 42","price":"","pimage":"","pimage_id":"","pthumb":"","color":""},{"label":"42.5","value":"EU 42.5","price":"","pimage":"","pimage_id":"","pthumb":"","color":""},{"label":"43","value":"EU 43","price":"","pimage":"","pimage_id":"","pthumb":"","color":""},{"label":"44","value":"EU 44","price":"","pimage":"","pimage_id":"","pthumb":"","color":""},{"label":"44.5","value":"EU 44.5","price":"","pimage":"","pimage_id":"","pthumb":"","color":""},{"label":"45","value":"EU 45","price":"","pimage":"","pimage_id":"","pthumb":"","color":""},{"label":"45.5","value":"EU 45.5","price":"","pimage":"","pimage_id":"","pthumb":"","color":""},{"label":"46","value":"EU 46","price":"","pimage":"","pimage_id":"","pthumb":"","color":""},{"label":"47","value":"EU 47","price":"","pimage":"","pimage_id":"","pthumb":"","color":""},{"label":"47.5","value":"EU 47.5","price":"","pimage":"","pimage_id":"","pthumb":"","color":""},{"label":"48","value":"EU 48","price":"","pimage":"","pimage_id":"","pthumb":"","color":""}],"relations":[{"operator":false,"rules":[]}],"form_id":18106,"form_rules":{"pric_cal_option_once":false,"exclude_from_discount":false,"pric_use_as_fee":false,"fee_label":"Fee","render_after_acb":false,"disp_hide_options_price":false}}]},"_links":{"self":[{"href":"https:\/\/moroen.com\/de\/wp-json\/wp\/v2\/product\/357110","targetHints":{"allow":["GET"]}}],"collection":[{"href":"https:\/\/moroen.com\/de\/wp-json\/wp\/v2\/product"}],"about":[{"href":"https:\/\/moroen.com\/de\/wp-json\/wp\/v2\/types\/product"}],"replies":[{"embeddable":true,"href":"https:\/\/moroen.com\/de\/wp-json\/wp\/v2\/comments?post=357110"}],"wp:featuredmedia":[{"embeddable":true,"href":"https:\/\/moroen.com\/de\/wp-json\/wp\/v2\/media\/357242"}],"wp:attachment":[{"href":"https:\/\/moroen.com\/de\/wp-json\/wp\/v2\/media?parent=357110"}],"wp:term":[{"taxonomy":"product_brand","embeddable":true,"href":"https:\/\/moroen.com\/de\/wp-json\/wp\/v2\/product_brand?post=357110"},{"taxonomy":"product_cat","embeddable":true,"href":"https:\/\/moroen.com\/de\/wp-json\/wp\/v2\/product_cat?post=357110"},{"taxonomy":"product_tag","embeddable":true,"href":"https:\/\/moroen.com\/de\/wp-json\/wp\/v2\/product_tag?post=357110"}],"curies":[{"name":"wp","href":"https:\/\/api.w.org\/{rel}","templated":true}]}}