{"id":357871,"date":"2026-04-20T01:22:11","date_gmt":"2026-04-19T18:22:11","guid":{"rendered":"https:\/\/moroen.com\/de\/?p=357871"},"modified":"2026-04-20T01:22:11","modified_gmt":"2026-04-19T18:22:11","slug":"j-balvin-x-air-jordan-super-play-slide-dr1330-413","status":"publish","type":"product","link":"https:\/\/moroen.com\/de\/produkt\/j-balvin-x-air-jordan-super-play-slide-dr1330-413\/","title":{"rendered":"J. Balvin x Air Jordan Super Play Slide DR1330-413"},"content":{"rendered":"<p>Wir stellen vor: die J. Balvin x Air Jordan Super Play Slide von Jordan. Diese trendigen Sneaker bieten maximalen Komfort und Stil. Mit ihrem schlanken und modernen Design eignen sich diese Pantoletten perfekt f\u00fcr den l\u00e4ssigen Alltag. Mit dem ikonischen Air Jordan-Logo versehen, sind diese Pantoletten ein Muss f\u00fcr jeden Sneaker-Enthusiasten. Steigern Sie Ihr Schuhspiel mit dem J. Balvin x Air Jordan Super Play Slide.<\/p>\n<ul>\n<li><strong>Farbgebung:<\/strong> Celestine Blue\/White\/Enamel Green<\/li>\n<li><strong>Stilcode:<\/strong> DR1330-413<\/li>\n<li><strong>Obermaterial:<\/strong> Synthetic<\/li>\n<li><strong>Farbe:<\/strong> Blue<\/li>\n<li><strong>Saison:<\/strong> Fall<\/li>\n<li><strong>Erscheinungsjahr:<\/strong> 2022<\/li>\n<\/ul>\n","protected":false},"excerpt":{"rendered":"<p>Wir stellen vor: die J. Balvin x Air Jordan Super Play Slide von Jordan. Diese trendigen Sneaker bieten maximalen Komfort und Stil. Mit ihrem schlanken und modernen Design eignen sich diese Pantoletten perfekt f\u00fcr den l\u00e4ssigen Alltag. Mit dem ikonischen Air Jordan-Logo versehen, sind diese Pantoletten ein Muss f\u00fcr jeden Sneaker-Enthusiasten. Steigern Sie Ihr Schuhspiel [&hellip;]<\/p>\n","protected":false},"featured_media":358238,"comment_status":"closed","ping_status":"closed","template":"","meta":[],"product_brand":[],"product_cat":[10825],"product_tag":[10750,18431,10819,10756,11336,18411],"class_list":{"0":"post-357871","1":"product","2":"type-product","3":"status-publish","4":"has-post-thumbnail","6":"product_cat-jordan","7":"product_tag-athleisure-shoes","8":"product_tag-geschenkidee-fuer-ihn","9":"product_tag-jordan","10":"product_tag-lifestyle-casual-shoes","11":"product_tag-slides","12":"product_tag-unter-dem-regulaeren-preis","14":"first","15":"instock","16":"taxable","17":"shipping-taxable","18":"purchasable","19":"product-type-simple"},"wcpa_form_fields":null,"_links":{"self":[{"href":"https:\/\/moroen.com\/de\/wp-json\/wp\/v2\/product\/357871","targetHints":{"allow":["GET"]}}],"collection":[{"href":"https:\/\/moroen.com\/de\/wp-json\/wp\/v2\/product"}],"about":[{"href":"https:\/\/moroen.com\/de\/wp-json\/wp\/v2\/types\/product"}],"replies":[{"embeddable":true,"href":"https:\/\/moroen.com\/de\/wp-json\/wp\/v2\/comments?post=357871"}],"wp:featuredmedia":[{"embeddable":true,"href":"https:\/\/moroen.com\/de\/wp-json\/wp\/v2\/media\/358238"}],"wp:attachment":[{"href":"https:\/\/moroen.com\/de\/wp-json\/wp\/v2\/media?parent=357871"}],"wp:term":[{"taxonomy":"product_brand","embeddable":true,"href":"https:\/\/moroen.com\/de\/wp-json\/wp\/v2\/product_brand?post=357871"},{"taxonomy":"product_cat","embeddable":true,"href":"https:\/\/moroen.com\/de\/wp-json\/wp\/v2\/product_cat?post=357871"},{"taxonomy":"product_tag","embeddable":true,"href":"https:\/\/moroen.com\/de\/wp-json\/wp\/v2\/product_tag?post=357871"}],"curies":[{"name":"wp","href":"https:\/\/api.w.org\/{rel}","templated":true}]}}