{"id":358629,"date":"2026-04-20T01:22:11","date_gmt":"2026-04-19T18:22:11","guid":{"rendered":"https:\/\/moroen.com\/de\/?p=358629"},"modified":"2026-04-20T01:22:11","modified_gmt":"2026-04-19T18:22:11","slug":"air-jordan-play-slide-black-photon-dust-dc9835-003","status":"publish","type":"product","link":"https:\/\/moroen.com\/de\/produkt\/air-jordan-play-slide-black-photon-dust-dc9835-003\/","title":{"rendered":"Air Jordan Play Slide \u201eBlack Photon Dust\u201c DC9835-003"},"content":{"rendered":"<p>Wir stellen den Air Jordan Play Slide Black Photon Dust von Jordan vor. Diese eleganten Sneaker verf\u00fcgen \u00fcber ein stilvolles, komplett schwarzes Design mit dem ikonischen Jordan-Branding. Mit ihrer bequemen und langlebigen Konstruktion eignen sich diese Pantoletten sowohl f\u00fcr Freizeitkleidung als auch f\u00fcr sportliche Aktivit\u00e4ten. Steigern Sie Ihr Sneaker-Game mit dem Air Jordan Play Slide Black Photon Dust.<\/p>\n<ul>\n<li><strong>Farbgebung:<\/strong> Black\/Photon Dust<\/li>\n<li><strong>Stilcode:<\/strong> DC9835-003<\/li>\n<li><strong>Obermaterial:<\/strong> Synthetic<\/li>\n<li><strong>Farbe:<\/strong> Black<\/li>\n<li><strong>Erscheinungsjahr:<\/strong> 2023<\/li>\n<\/ul>\n","protected":false},"excerpt":{"rendered":"<p>Wir stellen den Air Jordan Play Slide Black Photon Dust von Jordan vor. Diese eleganten Sneaker verf\u00fcgen \u00fcber ein stilvolles, komplett schwarzes Design mit dem ikonischen Jordan-Branding. Mit ihrer bequemen und langlebigen Konstruktion eignen sich diese Pantoletten sowohl f\u00fcr Freizeitkleidung als auch f\u00fcr sportliche Aktivit\u00e4ten. Steigern Sie Ihr Sneaker-Game mit dem Air Jordan Play Slide [&hellip;]<\/p>\n","protected":false},"featured_media":359071,"comment_status":"closed","ping_status":"closed","template":"","meta":[],"product_brand":[],"product_cat":[10825],"product_tag":[10923,18431,10819,10756,11336],"class_list":{"0":"post-358629","1":"product","2":"type-product","3":"status-publish","4":"has-post-thumbnail","6":"product_cat-jordan","7":"product_tag-casual-sandals","8":"product_tag-geschenkidee-fuer-ihn","9":"product_tag-jordan","10":"product_tag-lifestyle-casual-shoes","11":"product_tag-slides","13":"first","14":"instock","15":"taxable","16":"shipping-taxable","17":"purchasable","18":"product-type-simple"},"wcpa_form_fields":null,"_links":{"self":[{"href":"https:\/\/moroen.com\/de\/wp-json\/wp\/v2\/product\/358629","targetHints":{"allow":["GET"]}}],"collection":[{"href":"https:\/\/moroen.com\/de\/wp-json\/wp\/v2\/product"}],"about":[{"href":"https:\/\/moroen.com\/de\/wp-json\/wp\/v2\/types\/product"}],"replies":[{"embeddable":true,"href":"https:\/\/moroen.com\/de\/wp-json\/wp\/v2\/comments?post=358629"}],"wp:featuredmedia":[{"embeddable":true,"href":"https:\/\/moroen.com\/de\/wp-json\/wp\/v2\/media\/359071"}],"wp:attachment":[{"href":"https:\/\/moroen.com\/de\/wp-json\/wp\/v2\/media?parent=358629"}],"wp:term":[{"taxonomy":"product_brand","embeddable":true,"href":"https:\/\/moroen.com\/de\/wp-json\/wp\/v2\/product_brand?post=358629"},{"taxonomy":"product_cat","embeddable":true,"href":"https:\/\/moroen.com\/de\/wp-json\/wp\/v2\/product_cat?post=358629"},{"taxonomy":"product_tag","embeddable":true,"href":"https:\/\/moroen.com\/de\/wp-json\/wp\/v2\/product_tag?post=358629"}],"curies":[{"name":"wp","href":"https:\/\/api.w.org\/{rel}","templated":true}]}}