{"id":359226,"date":"2026-04-20T01:33:27","date_gmt":"2026-04-19T18:33:27","guid":{"rendered":"https:\/\/moroen.com\/de\/?p=359226"},"modified":"2026-04-20T01:33:27","modified_gmt":"2026-04-19T18:33:27","slug":"new-balance-1906l-black-angora-u19068g9","status":"publish","type":"product","link":"https:\/\/moroen.com\/de\/produkt\/new-balance-1906l-black-angora-u19068g9\/","title":{"rendered":"New Balance 1906L \u201eBlack Angora\u201c U19068G9"},"content":{"rendered":"<p>Erleben Sie Stil und Leistung mit dem New Balance 1906L \u201eBlack Angora\u201c U19068G9, einer perfekten Mischung aus modernem Design und Retro-inspirierter \u00c4sthetik. Dieser Premium-Sneaker verf\u00fcgt \u00fcber eine elegante schwarze und erdige Angora-Farbpalette und ist mit einem atmungsaktiven Mesh-Obermaterial und strapazierf\u00e4higen Wildleder-Overlays f\u00fcr Komfort und Haltbarkeit gefertigt. Der Schuh wurde f\u00fcr eine hervorragende D\u00e4mpfung entwickelt und verf\u00fcgt \u00fcber die charakteristische ABZORB-Zwischensohlentechnologie von New Balance f\u00fcr verbesserten Halt und Sto\u00dfd\u00e4mpfung, was ihn ideal f\u00fcr den t\u00e4glichen Gebrauch oder leichtes Training macht. Die flexible Gummiau\u00dfensohle sorgt f\u00fcr hervorragende Traktion, w\u00e4hrend die Vintage-inspirierte Silhouette f\u00fcr einen zeitlosen Look sorgt, der zu jedem Outfit passt. Ganz gleich, ob Sie auf der Stra\u00dfe unterwegs sind oder zu ungezwungenen Anl\u00e4ssen unterwegs sind, der New Balance 1906L \u201eBlack Angora\u201c kombiniert m\u00fchelos Vielseitigkeit mit leistungsstarken Funktionen.<\/p>\n<ul>\n<li><strong>Farbgebung:<\/strong> Black\/Angora<\/li>\n<li><strong>Stilcode:<\/strong> U19068G9<\/li>\n<li><strong>Obermaterial:<\/strong> Mesh<\/li>\n<li><strong>Mittelsohle:<\/strong> NERGY<\/li>\n<li><strong>Farbe:<\/strong> Black<\/li>\n<li><strong>Designer:<\/strong> Charlotte Lee<\/li>\n<li><strong>Saison:<\/strong> Winter<\/li>\n<li><strong>Erscheinungsjahr:<\/strong> 2026<\/li>\n<\/ul>\n","protected":false},"excerpt":{"rendered":"<p>Erleben Sie Stil und Leistung mit dem New Balance 1906L \u201eBlack Angora\u201c U19068G9, einer perfekten Mischung aus modernem Design und Retro-inspirierter \u00c4sthetik. Dieser Premium-Sneaker verf\u00fcgt \u00fcber eine elegante schwarze und erdige Angora-Farbpalette und ist mit einem atmungsaktiven Mesh-Obermaterial und strapazierf\u00e4higen Wildleder-Overlays f\u00fcr Komfort und Haltbarkeit gefertigt. Der Schuh wurde f\u00fcr eine hervorragende D\u00e4mpfung entwickelt und [&hellip;]<\/p>\n","protected":false},"featured_media":359730,"comment_status":"closed","ping_status":"closed","template":"","meta":[],"product_brand":[],"product_cat":[10774],"product_tag":[10750,10756,10758,10760,10763,12446,18411],"class_list":{"0":"post-359226","1":"product","2":"type-product","3":"status-publish","4":"has-post-thumbnail","6":"product_cat-new-balance","7":"product_tag-athleisure-shoes","8":"product_tag-lifestyle-casual-shoes","9":"product_tag-lifestyle-shoes-running-inspired","10":"product_tag-new-balance","11":"product_tag-retro-running-shoes","12":"product_tag-trending-view","13":"product_tag-unter-dem-regulaeren-preis","14":"wcpa_has_options","16":"first","17":"instock","18":"taxable","19":"shipping-taxable","20":"purchasable","21":"product-type-simple"},"wcpa_form_fields":{"rules":{"pric_overide_base_price":false,"pric_overide_base_price_if_gt_zero":false,"pric_overide_base_price_fully":false,"pric_cal_option_once":false,"pric_use_as_fee":false,"bind_quantity":false,"quantity_bind_formula":false},"fields":[{"type":"color-group","required":true,"elementId":"wcpa-color-group-66c4a928225d2","label":"Gr\u00f6\u00dfe","inline":true,"priceOptions":"different_for_all","pricingType":"fixed","className":"hassizechart product-shoes-size-eu product-shoes-size","name":"color-group-66c4a928225e2","disp_type":"square","selection_type":"tick-border","disp_size":"50","show_label_inside":true,"adjust_width":true,"cart_display_type":"text","other_text":"Other","cl_rule":"show","col":6,"values":[{"label":"36","value":"EU 36","price":"","pimage":"","pimage_id":"","pthumb":"","color":"","selected":true},{"label":"37.5","value":"EU 37.5","price":"","pimage":"","pimage_id":"","pthumb":"","color":""},{"label":"38","value":"EU 38","price":"","pimage":"","pimage_id":"","pthumb":"","color":""},{"label":"38.5","value":"EU 38.5","price":"","pimage":"","pimage_id":"","pthumb":"","color":""},{"label":"39","value":"EU 39","price":"","pimage":"","pimage_id":"","pthumb":"","color":""},{"label":"40","value":"EU 40","price":"","pimage":"","pimage_id":"","pthumb":"","color":""},{"label":"40.5","value":"EU 40.5","price":"","pimage":"","pimage_id":"","pthumb":"","color":""},{"label":"42","value":"EU 42","price":"","pimage":"","pimage_id":"","pthumb":"","color":""},{"label":"42.5","value":"EU 42.5","price":"","pimage":"","pimage_id":"","pthumb":"","color":""},{"label":"43","value":"EU 43","price":"","pimage":"","pimage_id":"","pthumb":"","color":""},{"label":"44","value":"EU 44","price":"","pimage":"","pimage_id":"","pthumb":"","color":""},{"label":"44.5","value":"EU 44.5","price":"","pimage":"","pimage_id":"","pthumb":"","color":""},{"label":"45","value":"EU 45","price":"","pimage":"","pimage_id":"","pthumb":"","color":""},{"label":"45.5","value":"EU 45.5","price":"","pimage":"","pimage_id":"","pthumb":"","color":""},{"label":"46","value":"EU 46","price":"","pimage":"","pimage_id":"","pthumb":"","color":""}],"relations":[{"operator":false,"rules":[]}],"form_id":24803,"form_rules":{"pric_cal_option_once":false,"exclude_from_discount":false,"pric_use_as_fee":false,"fee_label":"Fee","render_after_acb":false,"disp_hide_options_price":false}}]},"_links":{"self":[{"href":"https:\/\/moroen.com\/de\/wp-json\/wp\/v2\/product\/359226","targetHints":{"allow":["GET"]}}],"collection":[{"href":"https:\/\/moroen.com\/de\/wp-json\/wp\/v2\/product"}],"about":[{"href":"https:\/\/moroen.com\/de\/wp-json\/wp\/v2\/types\/product"}],"replies":[{"embeddable":true,"href":"https:\/\/moroen.com\/de\/wp-json\/wp\/v2\/comments?post=359226"}],"wp:featuredmedia":[{"embeddable":true,"href":"https:\/\/moroen.com\/de\/wp-json\/wp\/v2\/media\/359730"}],"wp:attachment":[{"href":"https:\/\/moroen.com\/de\/wp-json\/wp\/v2\/media?parent=359226"}],"wp:term":[{"taxonomy":"product_brand","embeddable":true,"href":"https:\/\/moroen.com\/de\/wp-json\/wp\/v2\/product_brand?post=359226"},{"taxonomy":"product_cat","embeddable":true,"href":"https:\/\/moroen.com\/de\/wp-json\/wp\/v2\/product_cat?post=359226"},{"taxonomy":"product_tag","embeddable":true,"href":"https:\/\/moroen.com\/de\/wp-json\/wp\/v2\/product_tag?post=359226"}],"curies":[{"name":"wp","href":"https:\/\/api.w.org\/{rel}","templated":true}]}}