{"id":359252,"date":"2026-04-20T01:33:27","date_gmt":"2026-04-19T18:33:27","guid":{"rendered":"https:\/\/moroen.com\/de\/?p=359252"},"modified":"2026-04-20T01:33:27","modified_gmt":"2026-04-19T18:33:27","slug":"cat-founder-wp-tx-deep-grey-p724666j3kdc08","status":"publish","type":"product","link":"https:\/\/moroen.com\/de\/produkt\/cat-founder-wp-tx-deep-grey-p724666j3kdc08\/","title":{"rendered":"CAT FOUNDER WP TX \u201eDeep Grey\u201c P724666J3KDC08"},"content":{"rendered":"<p>Wir stellen Ihnen den CAT FOUNDER WP TX \u201eDeep Grey\u201c P724666J3KDC08 vor, einen vielseitigen und robusten Stiefel, der f\u00fcr ganzt\u00e4gigen Komfort und Haltbarkeit konzipiert ist. Ausgestattet mit einer wasserdichten, atmungsaktiven Membran h\u00e4lt dieser Stiefel Ihre F\u00fc\u00dfe bei jedem Wetter trocken. Die strapazierf\u00e4hige Gummiau\u00dfensohle sorgt f\u00fcr hervorragende Traktion auf verschiedenen Oberfl\u00e4chen, w\u00e4hrend die gepolsterte Innensohle f\u00fcr maximalen Komfort sorgt. Sein elegantes \u201eDeep Grey\u201c-Finish kombiniert Funktionalit\u00e4t mit Stil und macht es sowohl f\u00fcr die Arbeit als auch f\u00fcr die Freizeit perfekt. Werten Sie Ihre Schuhkollektion mit Trusted auf<\/p>\n<ul>\n<li><strong>Stilcode:<\/strong> P724666J3KDC08<\/li>\n<li><strong>Farbe:<\/strong> Brown<\/li>\n<\/ul>\n","protected":false},"excerpt":{"rendered":"<p>Wir stellen Ihnen den CAT FOUNDER WP TX \u201eDeep Grey\u201c P724666J3KDC08 vor, einen vielseitigen und robusten Stiefel, der f\u00fcr ganzt\u00e4gigen Komfort und Haltbarkeit konzipiert ist. Ausgestattet mit einer wasserdichten, atmungsaktiven Membran h\u00e4lt dieser Stiefel Ihre F\u00fc\u00dfe bei jedem Wetter trocken. Die strapazierf\u00e4hige Gummiau\u00dfensohle sorgt f\u00fcr hervorragende Traktion auf verschiedenen Oberfl\u00e4chen, w\u00e4hrend die gepolsterte Innensohle f\u00fcr [&hellip;]<\/p>\n","protected":false},"featured_media":359913,"comment_status":"closed","ping_status":"closed","template":"","meta":[],"product_brand":[],"product_cat":[19885],"product_tag":[10750,19886,18431,10756,10857,18411],"class_list":{"0":"post-359252","1":"product","2":"type-product","3":"status-publish","4":"has-post-thumbnail","6":"product_cat-cat","7":"product_tag-athleisure-shoes","8":"product_tag-cat","9":"product_tag-geschenkidee-fuer-ihn","10":"product_tag-lifestyle-casual-shoes","11":"product_tag-lifestyle-shoes-casual","12":"product_tag-unter-dem-regulaeren-preis","14":"first","15":"instock","16":"taxable","17":"shipping-taxable","18":"purchasable","19":"product-type-simple"},"wcpa_form_fields":null,"_links":{"self":[{"href":"https:\/\/moroen.com\/de\/wp-json\/wp\/v2\/product\/359252","targetHints":{"allow":["GET"]}}],"collection":[{"href":"https:\/\/moroen.com\/de\/wp-json\/wp\/v2\/product"}],"about":[{"href":"https:\/\/moroen.com\/de\/wp-json\/wp\/v2\/types\/product"}],"replies":[{"embeddable":true,"href":"https:\/\/moroen.com\/de\/wp-json\/wp\/v2\/comments?post=359252"}],"wp:featuredmedia":[{"embeddable":true,"href":"https:\/\/moroen.com\/de\/wp-json\/wp\/v2\/media\/359913"}],"wp:attachment":[{"href":"https:\/\/moroen.com\/de\/wp-json\/wp\/v2\/media?parent=359252"}],"wp:term":[{"taxonomy":"product_brand","embeddable":true,"href":"https:\/\/moroen.com\/de\/wp-json\/wp\/v2\/product_brand?post=359252"},{"taxonomy":"product_cat","embeddable":true,"href":"https:\/\/moroen.com\/de\/wp-json\/wp\/v2\/product_cat?post=359252"},{"taxonomy":"product_tag","embeddable":true,"href":"https:\/\/moroen.com\/de\/wp-json\/wp\/v2\/product_tag?post=359252"}],"curies":[{"name":"wp","href":"https:\/\/api.w.org\/{rel}","templated":true}]}}