{"id":359968,"date":"2026-04-20T01:33:27","date_gmt":"2026-04-19T18:33:27","guid":{"rendered":"https:\/\/moroen.com\/de\/?p=359968"},"modified":"2026-04-20T01:33:27","modified_gmt":"2026-04-19T18:33:27","slug":"damen-ugg-lowmel-sand-1144032-san","status":"publish","type":"product","link":"https:\/\/moroen.com\/de\/produkt\/damen-ugg-lowmel-sand-1144032-san\/","title":{"rendered":"(Damen) UGG Lowmel Sand 1144032-SAN"},"content":{"rendered":"<p>G\u00f6nnen Sie sich luxuri\u00f6sen Komfort mit unseren UGG Lowmel Sand Stiefeln. Diese kn\u00f6chelhohen Stiefel sind aus hochwertigem Wildleder gefertigt und verf\u00fcgen \u00fcber ein weiches Pl\u00fcschfutter f\u00fcr au\u00dfergew\u00f6hnliche W\u00e4rme und D\u00e4mpfung. Die leichte EVA-Au\u00dfensohle sorgt f\u00fcr m\u00fchelose Schritte, w\u00e4hrend das stilvolle Schn\u00fcrdesign einen Hauch von urbanem Chic verleiht. Diese in einem vielseitigen Sandton erh\u00e4ltlichen UGG-Stiefel werten jede Wintergarderobe m\u00fchelos auf und halten Ihre F\u00fc\u00dfe die ganze Saison \u00fcber warm und stilvoll.<\/p>\n<ul>\n<li><strong>Farbgebung:<\/strong> Sand<\/li>\n<li><strong>Stilcode:<\/strong> 1144032-SAN<\/li>\n<li><strong>Obermaterial:<\/strong> Suede<\/li>\n<li><strong>Mittelsohle:<\/strong> EVA<\/li>\n<li><strong>Farbe:<\/strong> Brown<\/li>\n<li><strong>Erscheinungsjahr:<\/strong> 2023<\/li>\n<\/ul>\n","protected":false},"excerpt":{"rendered":"<p>G\u00f6nnen Sie sich luxuri\u00f6sen Komfort mit unseren UGG Lowmel Sand Stiefeln. Diese kn\u00f6chelhohen Stiefel sind aus hochwertigem Wildleder gefertigt und verf\u00fcgen \u00fcber ein weiches Pl\u00fcschfutter f\u00fcr au\u00dfergew\u00f6hnliche W\u00e4rme und D\u00e4mpfung. Die leichte EVA-Au\u00dfensohle sorgt f\u00fcr m\u00fchelose Schritte, w\u00e4hrend das stilvolle Schn\u00fcrdesign einen Hauch von urbanem Chic verleiht. Diese in einem vielseitigen Sandton erh\u00e4ltlichen UGG-Stiefel werten [&hellip;]<\/p>\n","protected":false},"featured_media":360269,"comment_status":"closed","ping_status":"closed","template":"","meta":[],"product_brand":[],"product_cat":[15009],"product_tag":[12310,10923,11358,18453,10913,10756,10914,10924,15097,15181,18411],"class_list":{"0":"post-359968","1":"product","2":"type-product","3":"status-publish","4":"has-post-thumbnail","6":"product_cat-ugg","7":"product_tag-best-seller","8":"product_tag-casual-sandals","9":"product_tag-gallery-look","10":"product_tag-geschenkidee-fuer-sie","11":"product_tag-international-women-day-coll","12":"product_tag-lifestyle-casual-shoes","13":"product_tag-mother-day-coll","14":"product_tag-one-strap-sandals","15":"product_tag-ugg","16":"product_tag-ugg-collection","17":"product_tag-unter-dem-regulaeren-preis","19":"first","20":"instock","21":"taxable","22":"shipping-taxable","23":"purchasable","24":"product-type-simple"},"wcpa_form_fields":null,"_links":{"self":[{"href":"https:\/\/moroen.com\/de\/wp-json\/wp\/v2\/product\/359968","targetHints":{"allow":["GET"]}}],"collection":[{"href":"https:\/\/moroen.com\/de\/wp-json\/wp\/v2\/product"}],"about":[{"href":"https:\/\/moroen.com\/de\/wp-json\/wp\/v2\/types\/product"}],"replies":[{"embeddable":true,"href":"https:\/\/moroen.com\/de\/wp-json\/wp\/v2\/comments?post=359968"}],"wp:featuredmedia":[{"embeddable":true,"href":"https:\/\/moroen.com\/de\/wp-json\/wp\/v2\/media\/360269"}],"wp:attachment":[{"href":"https:\/\/moroen.com\/de\/wp-json\/wp\/v2\/media?parent=359968"}],"wp:term":[{"taxonomy":"product_brand","embeddable":true,"href":"https:\/\/moroen.com\/de\/wp-json\/wp\/v2\/product_brand?post=359968"},{"taxonomy":"product_cat","embeddable":true,"href":"https:\/\/moroen.com\/de\/wp-json\/wp\/v2\/product_cat?post=359968"},{"taxonomy":"product_tag","embeddable":true,"href":"https:\/\/moroen.com\/de\/wp-json\/wp\/v2\/product_tag?post=359968"}],"curies":[{"name":"wp","href":"https:\/\/api.w.org\/{rel}","templated":true}]}}