{"id":360001,"date":"2026-04-20T01:33:27","date_gmt":"2026-04-19T18:33:27","guid":{"rendered":"https:\/\/moroen.com\/de\/?p=360001"},"modified":"2026-04-20T01:33:27","modified_gmt":"2026-04-19T18:33:27","slug":"uno-x-nike-offline-2-0-multi-dn5079-300","status":"publish","type":"product","link":"https:\/\/moroen.com\/de\/produkt\/uno-x-nike-offline-2-0-multi-dn5079-300\/","title":{"rendered":"UNO x Nike Offline 2.0 \u201eMulti\u201c DN5079-300"},"content":{"rendered":"<p>Wir stellen den UNO x Nike Offline 2.0 Multi Sneaker vor, eine Zusammenarbeit zwischen UNO und Nike. Dieser stilvolle und vielseitige Sneaker vereint Komfort, Haltbarkeit und Stil und ist somit perfekt f\u00fcr den Alltag geeignet. Mit seinem mehrfarbigen Design und der erstklassigen Verarbeitung wird dieser Sneaker garantiert alle Blicke auf sich ziehen.<\/p>\n<ul>\n<li><strong>Farbgebung:<\/strong> Light Green Spark\/University Red\/Game Royal\/Black<\/li>\n<li><strong>Stilcode:<\/strong> DN5079-300<\/li>\n<li><strong>Obermaterial:<\/strong> Synthetic<\/li>\n<li><strong>Farbe:<\/strong> Multi<\/li>\n<li><strong>Saison:<\/strong> Winter<\/li>\n<li><strong>Erscheinungsjahr:<\/strong> 2022<\/li>\n<\/ul>\n","protected":false},"excerpt":{"rendered":"<p>Wir stellen den UNO x Nike Offline 2.0 Multi Sneaker vor, eine Zusammenarbeit zwischen UNO und Nike. Dieser stilvolle und vielseitige Sneaker vereint Komfort, Haltbarkeit und Stil und ist somit perfekt f\u00fcr den Alltag geeignet. Mit seinem mehrfarbigen Design und der erstklassigen Verarbeitung wird dieser Sneaker garantiert alle Blicke auf sich ziehen. Farbgebung: Light Green [&hellip;]<\/p>\n","protected":false},"featured_media":360498,"comment_status":"closed","ping_status":"closed","template":"","meta":[],"product_brand":[],"product_cat":[10773],"product_tag":[10750,18431,10756,10758,10762,18411],"class_list":{"0":"post-360001","1":"product","2":"type-product","3":"status-publish","4":"has-post-thumbnail","6":"product_cat-nike","7":"product_tag-athleisure-shoes","8":"product_tag-geschenkidee-fuer-ihn","9":"product_tag-lifestyle-casual-shoes","10":"product_tag-lifestyle-shoes-running-inspired","11":"product_tag-nike","12":"product_tag-unter-dem-regulaeren-preis","13":"wcpa_has_options","15":"first","16":"instock","17":"taxable","18":"shipping-taxable","19":"purchasable","20":"product-type-simple"},"wcpa_form_fields":{"rules":{"pric_overide_base_price":false,"pric_overide_base_price_if_gt_zero":false,"pric_overide_base_price_fully":false,"pric_cal_option_once":false,"pric_use_as_fee":false,"bind_quantity":false,"quantity_bind_formula":false},"fields":[{"type":"color-group","required":true,"elementId":"wcpa-color-group-66c4a75505e74","label":"Gr\u00f6\u00dfe - EU Gr\u00f6\u00dfe","inline":true,"priceOptions":"different_for_all","pricingType":"fixed","className":"hassizechart product-shoes-size-eu product-shoes-size","name":"color-group-66c4a75505e89","disp_type":"square","selection_type":"tick-border","disp_size":"44","show_label_inside":true,"adjust_width":true,"cart_display_type":"text","other_text":"Other","cl_rule":"show","col":6,"values":[{"label":"38.5","value":"EU 38.5","price":"","pimage":"","pimage_id":"","pthumb":"","color":"","selected":true},{"label":"39","value":"EU 39","price":"","pimage":"","pimage_id":"","pthumb":"","color":""},{"label":"40","value":"EU 40","price":"","pimage":"","pimage_id":"","pthumb":"","color":""},{"label":"40.5","value":"EU 40.5","price":"","pimage":"","pimage_id":"","pthumb":"","color":""},{"label":"41","value":"EU 41","price":"","pimage":"","pimage_id":"","pthumb":"","color":""},{"label":"42","value":"EU 42","price":"","pimage":"","pimage_id":"","pthumb":"","color":""},{"label":"42.5","value":"EU 42.5","price":"","pimage":"","pimage_id":"","pthumb":"","color":""},{"label":"43","value":"EU 43","price":"","pimage":"","pimage_id":"","pthumb":"","color":""},{"label":"44","value":"EU 44","price":"","pimage":"","pimage_id":"","pthumb":"","color":""},{"label":"44.5","value":"EU 44.5","price":"","pimage":"","pimage_id":"","pthumb":"","color":""},{"label":"45","value":"EU 45","price":"","pimage":"","pimage_id":"","pthumb":"","color":""},{"label":"45.5","value":"EU 45.5","price":"","pimage":"","pimage_id":"","pthumb":"","color":""},{"label":"46","value":"EU 46","price":"","pimage":"","pimage_id":"","pthumb":"","color":""},{"label":"47","value":"EU 47","price":"","pimage":"","pimage_id":"","pthumb":"","color":""},{"label":"48","value":"EU 48","price":"","pimage":"","pimage_id":"","pthumb":"","color":""}],"relations":[{"operator":false,"rules":[]}],"form_id":18106,"form_rules":{"pric_cal_option_once":false,"exclude_from_discount":false,"pric_use_as_fee":false,"fee_label":"Fee","render_after_acb":false,"disp_hide_options_price":false}}]},"_links":{"self":[{"href":"https:\/\/moroen.com\/de\/wp-json\/wp\/v2\/product\/360001","targetHints":{"allow":["GET"]}}],"collection":[{"href":"https:\/\/moroen.com\/de\/wp-json\/wp\/v2\/product"}],"about":[{"href":"https:\/\/moroen.com\/de\/wp-json\/wp\/v2\/types\/product"}],"replies":[{"embeddable":true,"href":"https:\/\/moroen.com\/de\/wp-json\/wp\/v2\/comments?post=360001"}],"wp:featuredmedia":[{"embeddable":true,"href":"https:\/\/moroen.com\/de\/wp-json\/wp\/v2\/media\/360498"}],"wp:attachment":[{"href":"https:\/\/moroen.com\/de\/wp-json\/wp\/v2\/media?parent=360001"}],"wp:term":[{"taxonomy":"product_brand","embeddable":true,"href":"https:\/\/moroen.com\/de\/wp-json\/wp\/v2\/product_brand?post=360001"},{"taxonomy":"product_cat","embeddable":true,"href":"https:\/\/moroen.com\/de\/wp-json\/wp\/v2\/product_cat?post=360001"},{"taxonomy":"product_tag","embeddable":true,"href":"https:\/\/moroen.com\/de\/wp-json\/wp\/v2\/product_tag?post=360001"}],"curies":[{"name":"wp","href":"https:\/\/api.w.org\/{rel}","templated":true}]}}