{"id":360008,"date":"2026-04-20T01:33:27","date_gmt":"2026-04-19T18:33:27","guid":{"rendered":"https:\/\/moroen.com\/de\/?p=360008"},"modified":"2026-04-20T01:33:27","modified_gmt":"2026-04-19T18:33:27","slug":"asics-gel-kayano-29-metropolis-blue-1011b440-022","status":"publish","type":"product","link":"https:\/\/moroen.com\/de\/produkt\/asics-gel-kayano-29-metropolis-blue-1011b440-022\/","title":{"rendered":"ASICS Gel Kayano 29 \u201eMetropolis Blue\u201c 1011B440-022"},"content":{"rendered":"<p>Erleben Sie unvergleichlichen Komfort mit dem ASICS Gel Kayano 29 \u201eMetropolis Blue\u201c! Diese Laufschuhe wurden mit modernster Technologie entwickelt und verf\u00fcgen \u00fcber ein atmungsaktives Mesh-Obermaterial, eine reaktionsf\u00e4hige GEL-D\u00e4mpfung und ein DYNAMIC DUOMAX-St\u00fctzsystem, das die Stabilit\u00e4t verbessert und \u00dcberpronation reduziert. Die auff\u00e4llige Farbgebung \u201eMetropolis Blue\u201c verleiht Ihrem Training einen Hauch von Stil. Der Gel Kayano 29 wurde f\u00fcr ein dynamisches und ged\u00e4mpftes Laufgef\u00fchl entwickelt und hebt Ihr Lauferlebnis auf ein neues Niveau.<\/p>\n<ul>\n<li><strong>Farbgebung:<\/strong> Metropolis\/White<\/li>\n<li><strong>Stilcode:<\/strong> 1011B440-022<\/li>\n<li><strong>Obermaterial:<\/strong> Knit<\/li>\n<li><strong>Mittelsohle:<\/strong> Gel<\/li>\n<li><strong>Farbe:<\/strong> Grey<\/li>\n<li><strong>Saison:<\/strong> Winter<\/li>\n<li><strong>Erscheinungsjahr:<\/strong> 2023<\/li>\n<\/ul>\n","protected":false},"excerpt":{"rendered":"<p>Erleben Sie unvergleichlichen Komfort mit dem ASICS Gel Kayano 29 \u201eMetropolis Blue\u201c! Diese Laufschuhe wurden mit modernster Technologie entwickelt und verf\u00fcgen \u00fcber ein atmungsaktives Mesh-Obermaterial, eine reaktionsf\u00e4hige GEL-D\u00e4mpfung und ein DYNAMIC DUOMAX-St\u00fctzsystem, das die Stabilit\u00e4t verbessert und \u00dcberpronation reduziert. Die auff\u00e4llige Farbgebung \u201eMetropolis Blue\u201c verleiht Ihrem Training einen Hauch von Stil. Der Gel Kayano 29 [&hellip;]<\/p>\n","protected":false},"featured_media":360541,"comment_status":"closed","ping_status":"closed","template":"","meta":[],"product_brand":[],"product_cat":[12567],"product_tag":[12565,15338,18431,12564,10777,12563,10796,18411],"class_list":{"0":"post-360008","1":"product","2":"type-product","3":"status-publish","4":"has-post-thumbnail","6":"product_cat-asics","7":"product_tag-asics","8":"product_tag-asics-running-shoes","9":"product_tag-geschenkidee-fuer-ihn","10":"product_tag-laufschuhe","11":"product_tag-performance-running-shoes","12":"product_tag-performance-sportschuhe","13":"product_tag-stability-overpronation-running-shoes","14":"product_tag-unter-dem-regulaeren-preis","16":"first","17":"instock","18":"taxable","19":"shipping-taxable","20":"purchasable","21":"product-type-simple"},"wcpa_form_fields":null,"_links":{"self":[{"href":"https:\/\/moroen.com\/de\/wp-json\/wp\/v2\/product\/360008","targetHints":{"allow":["GET"]}}],"collection":[{"href":"https:\/\/moroen.com\/de\/wp-json\/wp\/v2\/product"}],"about":[{"href":"https:\/\/moroen.com\/de\/wp-json\/wp\/v2\/types\/product"}],"replies":[{"embeddable":true,"href":"https:\/\/moroen.com\/de\/wp-json\/wp\/v2\/comments?post=360008"}],"wp:featuredmedia":[{"embeddable":true,"href":"https:\/\/moroen.com\/de\/wp-json\/wp\/v2\/media\/360541"}],"wp:attachment":[{"href":"https:\/\/moroen.com\/de\/wp-json\/wp\/v2\/media?parent=360008"}],"wp:term":[{"taxonomy":"product_brand","embeddable":true,"href":"https:\/\/moroen.com\/de\/wp-json\/wp\/v2\/product_brand?post=360008"},{"taxonomy":"product_cat","embeddable":true,"href":"https:\/\/moroen.com\/de\/wp-json\/wp\/v2\/product_cat?post=360008"},{"taxonomy":"product_tag","embeddable":true,"href":"https:\/\/moroen.com\/de\/wp-json\/wp\/v2\/product_tag?post=360008"}],"curies":[{"name":"wp","href":"https:\/\/api.w.org\/{rel}","templated":true}]}}