{"id":360778,"date":"2026-04-20T01:33:27","date_gmt":"2026-04-19T18:33:27","guid":{"rendered":"https:\/\/moroen.com\/de\/?p=360778"},"modified":"2026-04-20T01:33:27","modified_gmt":"2026-04-19T18:33:27","slug":"puma-mb-01-golden-child-379223-01","status":"publish","type":"product","link":"https:\/\/moroen.com\/de\/produkt\/puma-mb-01-golden-child-379223-01\/","title":{"rendered":"Puma MB.01 &#8216;Golden Child&#8217; 379223-01"},"content":{"rendered":"<p>Wir stellen den Puma MB.01 \u201eGolden Child\u201c 379223-01 vor, den Gipfel der Basketballschuhe f\u00fcr die Elite. Erleben Sie blitzschnelle Geschwindigkeit und pr\u00e4zise Kontrolle mit der leichten, atmungsaktiven Nitro-Schaumpolsterung. Das weiche Obermaterial aus Leder passt sich Ihrem Fu\u00df individuell an und sorgt f\u00fcr maximalen Komfort und Halt. Die auff\u00e4lligen goldenen Akzente strahlen Selbstvertrauen und Stil auf dem Platz aus. Bringen Sie Ihr Spiel auf ein neues Niveau mit dem Puma MB.01 \u201eGolden Child\u201c, dem Inbegriff von Leistung und Stil.<\/p>\n<ul>\n<li><strong>Farbgebung:<\/strong> Metallic Gold\/Fiery Coral<\/li>\n<li><strong>Stilcode:<\/strong> 379223-01<\/li>\n<li><strong>Obermaterial:<\/strong> Mesh<\/li>\n<li><strong>Mittelsohle:<\/strong> Nitro Foam<\/li>\n<li><strong>Farbe:<\/strong> Gold<\/li>\n<li><strong>Designer:<\/strong> null<\/li>\n<li><strong>Saison:<\/strong> Fall<\/li>\n<li><strong>Erscheinungsjahr:<\/strong> 2023<\/li>\n<\/ul>\n","protected":false},"excerpt":{"rendered":"<p>Wir stellen den Puma MB.01 \u201eGolden Child\u201c 379223-01 vor, den Gipfel der Basketballschuhe f\u00fcr die Elite. Erleben Sie blitzschnelle Geschwindigkeit und pr\u00e4zise Kontrolle mit der leichten, atmungsaktiven Nitro-Schaumpolsterung. Das weiche Obermaterial aus Leder passt sich Ihrem Fu\u00df individuell an und sorgt f\u00fcr maximalen Komfort und Halt. Die auff\u00e4lligen goldenen Akzente strahlen Selbstvertrauen und Stil auf [&hellip;]<\/p>\n","protected":false},"featured_media":361293,"comment_status":"closed","ping_status":"closed","template":"","meta":[],"product_brand":[],"product_cat":[19714],"product_tag":[12579,12578,18431,20258,10824,12563,19715,20218,20219,18411],"class_list":{"0":"post-360778","1":"product","2":"type-product","3":"status-publish","4":"has-post-thumbnail","6":"product_cat-puma","7":"product_tag-basketballschuhe","8":"product_tag-basketballschuhe-mit-kna-cheluntersta-tzung","9":"product_tag-geschenkidee-fuer-ihn","10":"product_tag-lamelo-ball","11":"product_tag-lightweight-basketball-shoes","12":"product_tag-performance-sportschuhe","13":"product_tag-puma","14":"product_tag-puma-basketball-shoes","15":"product_tag-puma-skateboarding-shoes","16":"product_tag-unter-dem-regulaeren-preis","18":"first","19":"instock","20":"taxable","21":"shipping-taxable","22":"purchasable","23":"product-type-simple"},"wcpa_form_fields":null,"_links":{"self":[{"href":"https:\/\/moroen.com\/de\/wp-json\/wp\/v2\/product\/360778","targetHints":{"allow":["GET"]}}],"collection":[{"href":"https:\/\/moroen.com\/de\/wp-json\/wp\/v2\/product"}],"about":[{"href":"https:\/\/moroen.com\/de\/wp-json\/wp\/v2\/types\/product"}],"replies":[{"embeddable":true,"href":"https:\/\/moroen.com\/de\/wp-json\/wp\/v2\/comments?post=360778"}],"wp:featuredmedia":[{"embeddable":true,"href":"https:\/\/moroen.com\/de\/wp-json\/wp\/v2\/media\/361293"}],"wp:attachment":[{"href":"https:\/\/moroen.com\/de\/wp-json\/wp\/v2\/media?parent=360778"}],"wp:term":[{"taxonomy":"product_brand","embeddable":true,"href":"https:\/\/moroen.com\/de\/wp-json\/wp\/v2\/product_brand?post=360778"},{"taxonomy":"product_cat","embeddable":true,"href":"https:\/\/moroen.com\/de\/wp-json\/wp\/v2\/product_cat?post=360778"},{"taxonomy":"product_tag","embeddable":true,"href":"https:\/\/moroen.com\/de\/wp-json\/wp\/v2\/product_tag?post=360778"}],"curies":[{"name":"wp","href":"https:\/\/api.w.org\/{rel}","templated":true}]}}