{"id":360788,"date":"2026-04-20T01:33:27","date_gmt":"2026-04-19T18:33:27","guid":{"rendered":"https:\/\/moroen.com\/de\/?p=360788"},"modified":"2026-04-20T01:33:27","modified_gmt":"2026-04-19T18:33:27","slug":"converse-all-star-v-3-ox-schwarz-31316320","status":"publish","type":"product","link":"https:\/\/moroen.com\/de\/produkt\/converse-all-star-v-3-ox-schwarz-31316320\/","title":{"rendered":"Converse All Star V-3 Ox Schwarz 31316320"},"content":{"rendered":"<p>Erneuern Sie Ihren Stil mit den Converse All Star V-3 Ox Black-Sneakern. Diese Sneaker kombinieren die zeitlose Eleganz des klassischen All-Star-Designs mit modernen Akzenten und verf\u00fcgen \u00fcber ein strapazierf\u00e4higes Canvas-Obermaterial und einen dreifachen Klettverschluss f\u00fcr zus\u00e4tzlichen Komfort und Stil. Perfekt f\u00fcr jeden Anlass, ihre elegante schwarze Farbe verleiht Outfits eine moderne Note und sorgt gleichzeitig f\u00fcr un\u00fcbertroffenen Komfort. Diese ikonischen Sneaker sind ideal f\u00fcr Modebegeisterte und ein Grundbestandteil Ihrer Schuhkollektion. Profitieren Sie weltweit von zeitloser Vielseitigkeit.<\/p>\n<ul>\n<li><strong>Farbgebung:<\/strong> Black<\/li>\n<li><strong>Stilcode:<\/strong> 31316320<\/li>\n<li><strong>Obermaterial:<\/strong> Canvas<\/li>\n<li><strong>Farbe:<\/strong> Black<\/li>\n<\/ul>\n","protected":false},"excerpt":{"rendered":"<p>Erneuern Sie Ihren Stil mit den Converse All Star V-3 Ox Black-Sneakern. Diese Sneaker kombinieren die zeitlose Eleganz des klassischen All-Star-Designs mit modernen Akzenten und verf\u00fcgen \u00fcber ein strapazierf\u00e4higes Canvas-Obermaterial und einen dreifachen Klettverschluss f\u00fcr zus\u00e4tzlichen Komfort und Stil. Perfekt f\u00fcr jeden Anlass, ihre elegante schwarze Farbe verleiht Outfits eine moderne Note und sorgt gleichzeitig [&hellip;]<\/p>\n","protected":false},"featured_media":361359,"comment_status":"closed","ping_status":"closed","template":"","meta":[],"product_brand":[],"product_cat":[20041],"product_tag":[10750,20042,10756,10961,10858,18411],"class_list":{"0":"post-360788","1":"product","2":"type-product","3":"status-publish","4":"has-post-thumbnail","6":"product_cat-converse","7":"product_tag-athleisure-shoes","8":"product_tag-converse","9":"product_tag-lifestyle-casual-shoes","10":"product_tag-lifestyle-shoes-skateboarding-inspired","11":"product_tag-retro-casual-shoes","12":"product_tag-unter-dem-regulaeren-preis","14":"first","15":"instock","16":"taxable","17":"shipping-taxable","18":"purchasable","19":"product-type-simple"},"wcpa_form_fields":null,"_links":{"self":[{"href":"https:\/\/moroen.com\/de\/wp-json\/wp\/v2\/product\/360788","targetHints":{"allow":["GET"]}}],"collection":[{"href":"https:\/\/moroen.com\/de\/wp-json\/wp\/v2\/product"}],"about":[{"href":"https:\/\/moroen.com\/de\/wp-json\/wp\/v2\/types\/product"}],"replies":[{"embeddable":true,"href":"https:\/\/moroen.com\/de\/wp-json\/wp\/v2\/comments?post=360788"}],"wp:featuredmedia":[{"embeddable":true,"href":"https:\/\/moroen.com\/de\/wp-json\/wp\/v2\/media\/361359"}],"wp:attachment":[{"href":"https:\/\/moroen.com\/de\/wp-json\/wp\/v2\/media?parent=360788"}],"wp:term":[{"taxonomy":"product_brand","embeddable":true,"href":"https:\/\/moroen.com\/de\/wp-json\/wp\/v2\/product_brand?post=360788"},{"taxonomy":"product_cat","embeddable":true,"href":"https:\/\/moroen.com\/de\/wp-json\/wp\/v2\/product_cat?post=360788"},{"taxonomy":"product_tag","embeddable":true,"href":"https:\/\/moroen.com\/de\/wp-json\/wp\/v2\/product_tag?post=360788"}],"curies":[{"name":"wp","href":"https:\/\/api.w.org\/{rel}","templated":true}]}}