{"id":360790,"date":"2026-04-20T01:33:27","date_gmt":"2026-04-19T18:33:27","guid":{"rendered":"https:\/\/moroen.com\/de\/?p=360790"},"modified":"2026-04-20T01:33:27","modified_gmt":"2026-04-19T18:33:27","slug":"li-ning-liren-4-v2-schwarzer-obsidian-abau037-8","status":"publish","type":"product","link":"https:\/\/moroen.com\/de\/produkt\/li-ning-liren-4-v2-schwarzer-obsidian-abau037-8\/","title":{"rendered":"Li-Ning Liren 4 V2 \u201eSchwarzer Obsidian\u201c ABAU037-8"},"content":{"rendered":"<p>Wir stellen den Li-Ning Liren 4 V2 \u201eBlack Obsidian\u201c vor, den Gipfel der Basketballschuhe. Sein fortschrittliches BOA Fit System und die leichte BOOM-Schaumpolsterung sorgen f\u00fcr unvergleichliche Passform und Komfort. Das schlanke, aerodynamische Design verf\u00fcgt \u00fcber ein atmungsaktives Mesh-Obermaterial und eine strapazierf\u00e4hige Gummi-Au\u00dfensohle f\u00fcr optimale Leistung auf dem Platz. Betreten Sie die Zukunft des Basketballs mit dem Li-Ning Liren 4 V2 \u201eBlack Obsidian\u201c, der auf Geschwindigkeit, Beweglichkeit und un\u00fcbertroffenen Stil ausgelegt ist.<\/p>\n<ul>\n<li><strong>Farbgebung:<\/strong> Black\/Obsidian<\/li>\n<li><strong>Stilcode:<\/strong> ABAU037-8<\/li>\n<li><strong>Obermaterial:<\/strong> Textile<\/li>\n<li><strong>Mittelsohle:<\/strong> BOOM<\/li>\n<li><strong>Farbe:<\/strong> Black<\/li>\n<li><strong>Saison:<\/strong> Winter<\/li>\n<li><strong>Erscheinungsjahr:<\/strong> 2024<\/li>\n<\/ul>\n","protected":false},"excerpt":{"rendered":"<p>Wir stellen den Li-Ning Liren 4 V2 \u201eBlack Obsidian\u201c vor, den Gipfel der Basketballschuhe. Sein fortschrittliches BOA Fit System und die leichte BOOM-Schaumpolsterung sorgen f\u00fcr unvergleichliche Passform und Komfort. Das schlanke, aerodynamische Design verf\u00fcgt \u00fcber ein atmungsaktives Mesh-Obermaterial und eine strapazierf\u00e4hige Gummi-Au\u00dfensohle f\u00fcr optimale Leistung auf dem Platz. Betreten Sie die Zukunft des Basketballs mit [&hellip;]<\/p>\n","protected":false},"featured_media":361375,"comment_status":"closed","ping_status":"closed","template":"","meta":[],"product_brand":[],"product_cat":[19647],"product_tag":[12579,12578,18431,19648,12563,18411],"class_list":{"0":"post-360790","1":"product","2":"type-product","3":"status-publish","4":"has-post-thumbnail","6":"product_cat-li-ning","7":"product_tag-basketballschuhe","8":"product_tag-basketballschuhe-mit-kna-cheluntersta-tzung","9":"product_tag-geschenkidee-fuer-ihn","10":"product_tag-li-ning","11":"product_tag-performance-sportschuhe","12":"product_tag-unter-dem-regulaeren-preis","14":"first","15":"instock","16":"taxable","17":"shipping-taxable","18":"purchasable","19":"product-type-simple"},"wcpa_form_fields":null,"_links":{"self":[{"href":"https:\/\/moroen.com\/de\/wp-json\/wp\/v2\/product\/360790","targetHints":{"allow":["GET"]}}],"collection":[{"href":"https:\/\/moroen.com\/de\/wp-json\/wp\/v2\/product"}],"about":[{"href":"https:\/\/moroen.com\/de\/wp-json\/wp\/v2\/types\/product"}],"replies":[{"embeddable":true,"href":"https:\/\/moroen.com\/de\/wp-json\/wp\/v2\/comments?post=360790"}],"wp:featuredmedia":[{"embeddable":true,"href":"https:\/\/moroen.com\/de\/wp-json\/wp\/v2\/media\/361375"}],"wp:attachment":[{"href":"https:\/\/moroen.com\/de\/wp-json\/wp\/v2\/media?parent=360790"}],"wp:term":[{"taxonomy":"product_brand","embeddable":true,"href":"https:\/\/moroen.com\/de\/wp-json\/wp\/v2\/product_brand?post=360790"},{"taxonomy":"product_cat","embeddable":true,"href":"https:\/\/moroen.com\/de\/wp-json\/wp\/v2\/product_cat?post=360790"},{"taxonomy":"product_tag","embeddable":true,"href":"https:\/\/moroen.com\/de\/wp-json\/wp\/v2\/product_tag?post=360790"}],"curies":[{"name":"wp","href":"https:\/\/api.w.org\/{rel}","templated":true}]}}