{"id":361511,"date":"2026-04-20T01:33:27","date_gmt":"2026-04-19T18:33:27","guid":{"rendered":"https:\/\/moroen.com\/de\/?p=361511"},"modified":"2026-04-20T01:33:27","modified_gmt":"2026-04-19T18:33:27","slug":"converse-chuck-70-plus-high-schwarz-weiss-a00916c","status":"publish","type":"product","link":"https:\/\/moroen.com\/de\/produkt\/converse-chuck-70-plus-high-schwarz-weiss-a00916c\/","title":{"rendered":"Converse Chuck 70 Plus High &#8216;Schwarz Wei\u00df&#8217; A00916C"},"content":{"rendered":"<p>Verbessern Sie Ihr Sneaker-Game mit dem Converse Chuck 70 Plus High \u201eBlack White\u201c A00916C. Dieses klassische und dennoch moderne Design verbindet zeitlosen Stil mit modernstem Komfort. Die elegante Schwarz-Wei\u00df-Farbgebung ist aus hochwertigen Materialien gefertigt und passt zu jedem Outfit. Die High-Top-Silhouette bietet hervorragende Kn\u00f6chelunterst\u00fctzung, w\u00e4hrend die gepolsterte Innensohle ganzt\u00e4gigen Tragekomfort gew\u00e4hrleistet. Diese Sneaker sind ideal f\u00fcr modebewusste Menschen, die Wert auf Haltbarkeit und Stil legen und eine unverzichtbare Erg\u00e4nzung Ihrer Schuhkollektion sind. Werten Sie Ihre Garderobe mit Converse auf<\/p>\n<ul>\n<li><strong>Farbgebung:<\/strong> Black\/Egret\/Black<\/li>\n<li><strong>Stilcode:<\/strong> A00916C<\/li>\n<li><strong>Obermaterial:<\/strong> Canvas<\/li>\n<li><strong>Farbe:<\/strong> Black<\/li>\n<li><strong>Designer:<\/strong> Marquis Mills<\/li>\n<li><strong>Erscheinungsjahr:<\/strong> 2022<\/li>\n<\/ul>\n","protected":false},"excerpt":{"rendered":"<p>Verbessern Sie Ihr Sneaker-Game mit dem Converse Chuck 70 Plus High \u201eBlack White\u201c A00916C. Dieses klassische und dennoch moderne Design verbindet zeitlosen Stil mit modernstem Komfort. Die elegante Schwarz-Wei\u00df-Farbgebung ist aus hochwertigen Materialien gefertigt und passt zu jedem Outfit. Die High-Top-Silhouette bietet hervorragende Kn\u00f6chelunterst\u00fctzung, w\u00e4hrend die gepolsterte Innensohle ganzt\u00e4gigen Tragekomfort gew\u00e4hrleistet. Diese Sneaker sind ideal [&hellip;]<\/p>\n","protected":false},"featured_media":361887,"comment_status":"closed","ping_status":"closed","template":"","meta":[],"product_brand":[],"product_cat":[20041],"product_tag":[10750,20042,10756,10814,10858,18411],"class_list":{"0":"post-361511","1":"product","2":"type-product","3":"status-publish","4":"has-post-thumbnail","6":"product_cat-converse","7":"product_tag-athleisure-shoes","8":"product_tag-converse","9":"product_tag-lifestyle-casual-shoes","10":"product_tag-lifestyle-shoes-basketball-inspired","11":"product_tag-retro-casual-shoes","12":"product_tag-unter-dem-regulaeren-preis","14":"first","15":"instock","16":"taxable","17":"shipping-taxable","18":"purchasable","19":"product-type-simple"},"wcpa_form_fields":null,"_links":{"self":[{"href":"https:\/\/moroen.com\/de\/wp-json\/wp\/v2\/product\/361511","targetHints":{"allow":["GET"]}}],"collection":[{"href":"https:\/\/moroen.com\/de\/wp-json\/wp\/v2\/product"}],"about":[{"href":"https:\/\/moroen.com\/de\/wp-json\/wp\/v2\/types\/product"}],"replies":[{"embeddable":true,"href":"https:\/\/moroen.com\/de\/wp-json\/wp\/v2\/comments?post=361511"}],"wp:featuredmedia":[{"embeddable":true,"href":"https:\/\/moroen.com\/de\/wp-json\/wp\/v2\/media\/361887"}],"wp:attachment":[{"href":"https:\/\/moroen.com\/de\/wp-json\/wp\/v2\/media?parent=361511"}],"wp:term":[{"taxonomy":"product_brand","embeddable":true,"href":"https:\/\/moroen.com\/de\/wp-json\/wp\/v2\/product_brand?post=361511"},{"taxonomy":"product_cat","embeddable":true,"href":"https:\/\/moroen.com\/de\/wp-json\/wp\/v2\/product_cat?post=361511"},{"taxonomy":"product_tag","embeddable":true,"href":"https:\/\/moroen.com\/de\/wp-json\/wp\/v2\/product_tag?post=361511"}],"curies":[{"name":"wp","href":"https:\/\/api.w.org\/{rel}","templated":true}]}}