{"id":361519,"date":"2026-04-20T01:33:27","date_gmt":"2026-04-19T18:33:27","guid":{"rendered":"https:\/\/moroen.com\/de\/?p=361519"},"modified":"2026-04-20T01:33:27","modified_gmt":"2026-04-19T18:33:27","slug":"damen-anta-life-series-low-white-blue-922038031r-10","status":"publish","type":"product","link":"https:\/\/moroen.com\/de\/produkt\/damen-anta-life-series-low-white-blue-922038031r-10\/","title":{"rendered":"(Damen) Anta Life Series Low \u201eWhite Blue\u201c 922038031R-10"},"content":{"rendered":"<p>Werten Sie Ihren Stil mit den Anta Life Series Low-Sneakern auf, die in einer eleganten \u201eWhite Blue\u201c-Palette f\u00fcr einen atemberaubenden Look gefertigt sind. Diese Low-Top-Schuhe vereinen Komfort und Mode und verf\u00fcgen \u00fcber ein atmungsaktives Mesh-Obermaterial, einen gepolsterten Kragen und ein reaktionsf\u00e4higes D\u00e4mpfungssystem. Sie eignen sich perfekt f\u00fcr Freizeitkleidung oder Sportaktivit\u00e4ten und bieten optimalen Halt und einen Hauch von sportlichem Flair. Erleben Sie die Verschmelzung von Funktionalit\u00e4t und Mode mit den Anta Life Series Low \u201eWhite Blue\u201c-Sneakern.<\/p>\n<ul>\n<li><strong>Stilcode:<\/strong> 922038031R-10<\/li>\n<li><strong>Farbe:<\/strong> White<\/li>\n<\/ul>\n","protected":false},"excerpt":{"rendered":"<p>Werten Sie Ihren Stil mit den Anta Life Series Low-Sneakern auf, die in einer eleganten \u201eWhite Blue\u201c-Palette f\u00fcr einen atemberaubenden Look gefertigt sind. Diese Low-Top-Schuhe vereinen Komfort und Mode und verf\u00fcgen \u00fcber ein atmungsaktives Mesh-Obermaterial, einen gepolsterten Kragen und ein reaktionsf\u00e4higes D\u00e4mpfungssystem. Sie eignen sich perfekt f\u00fcr Freizeitkleidung oder Sportaktivit\u00e4ten und bieten optimalen Halt und [&hellip;]<\/p>\n","protected":false},"featured_media":361944,"comment_status":"closed","ping_status":"closed","template":"","meta":[],"product_brand":[],"product_cat":[19910],"product_tag":[19911,10750,10752,18453,10756,10857,18432,10768,18411],"class_list":{"0":"post-361519","1":"product","2":"type-product","3":"status-publish","4":"has-post-thumbnail","6":"product_cat-anta","7":"product_tag-anta","8":"product_tag-athleisure-shoes","9":"product_tag-best-finds-under-100","10":"product_tag-geschenkidee-fuer-sie","11":"product_tag-lifestyle-casual-shoes","12":"product_tag-lifestyle-shoes-casual","13":"product_tag-top-angebote","14":"product_tag-trending-deals-under-150","15":"product_tag-unter-dem-regulaeren-preis","17":"first","18":"instock","19":"taxable","20":"shipping-taxable","21":"purchasable","22":"product-type-simple"},"wcpa_form_fields":null,"_links":{"self":[{"href":"https:\/\/moroen.com\/de\/wp-json\/wp\/v2\/product\/361519","targetHints":{"allow":["GET"]}}],"collection":[{"href":"https:\/\/moroen.com\/de\/wp-json\/wp\/v2\/product"}],"about":[{"href":"https:\/\/moroen.com\/de\/wp-json\/wp\/v2\/types\/product"}],"replies":[{"embeddable":true,"href":"https:\/\/moroen.com\/de\/wp-json\/wp\/v2\/comments?post=361519"}],"wp:featuredmedia":[{"embeddable":true,"href":"https:\/\/moroen.com\/de\/wp-json\/wp\/v2\/media\/361944"}],"wp:attachment":[{"href":"https:\/\/moroen.com\/de\/wp-json\/wp\/v2\/media?parent=361519"}],"wp:term":[{"taxonomy":"product_brand","embeddable":true,"href":"https:\/\/moroen.com\/de\/wp-json\/wp\/v2\/product_brand?post=361519"},{"taxonomy":"product_cat","embeddable":true,"href":"https:\/\/moroen.com\/de\/wp-json\/wp\/v2\/product_cat?post=361519"},{"taxonomy":"product_tag","embeddable":true,"href":"https:\/\/moroen.com\/de\/wp-json\/wp\/v2\/product_tag?post=361519"}],"curies":[{"name":"wp","href":"https:\/\/api.w.org\/{rel}","templated":true}]}}