{"id":361533,"date":"2026-04-20T01:33:27","date_gmt":"2026-04-19T18:33:27","guid":{"rendered":"https:\/\/moroen.com\/de\/?p=361533"},"modified":"2026-04-20T01:33:27","modified_gmt":"2026-04-19T18:33:27","slug":"li-ning-essential-2-0-orange-blue-arrt005-12","status":"publish","type":"product","link":"https:\/\/moroen.com\/de\/produkt\/li-ning-essential-2-0-orange-blue-arrt005-12\/","title":{"rendered":"Li-Ning Essential 2.0 &#8216;Orange Blue&#8217; ARRT005-12"},"content":{"rendered":"<p>Steigern Sie Ihre sportliche Leistung mit den Li-Ning Essential 2.0 \u201eOrange Blue\u201c-Sneakern. Diese Schuhe sind aus atmungsaktivem Mesh gefertigt und mit strapazierf\u00e4higem Synthetikmaterial verst\u00e4rkt und bieten optimalen Komfort und Halt. Das leichte Design sorgt f\u00fcr Agilit\u00e4t, w\u00e4hrend das Anti-Rollover-St\u00fctzsystem die Stabilit\u00e4t bei intensiven Bewegungen erh\u00f6ht. Steigen Sie in den Li-Ning Essential 2.0 ein und erleben Sie die perfekte Balance aus Stil und Funktionalit\u00e4t f\u00fcr Ihre Dominanz auf dem Hallenplatz.<\/p>\n<ul>\n<li><strong>Farbgebung:<\/strong> Orange\/Blue\/White<\/li>\n<li><strong>Stilcode:<\/strong> ARRT005-12<\/li>\n<li><strong>Farbe:<\/strong> Blue<\/li>\n<\/ul>\n","protected":false},"excerpt":{"rendered":"<p>Steigern Sie Ihre sportliche Leistung mit den Li-Ning Essential 2.0 \u201eOrange Blue\u201c-Sneakern. Diese Schuhe sind aus atmungsaktivem Mesh gefertigt und mit strapazierf\u00e4higem Synthetikmaterial verst\u00e4rkt und bieten optimalen Komfort und Halt. Das leichte Design sorgt f\u00fcr Agilit\u00e4t, w\u00e4hrend das Anti-Rollover-St\u00fctzsystem die Stabilit\u00e4t bei intensiven Bewegungen erh\u00f6ht. Steigen Sie in den Li-Ning Essential 2.0 ein und erleben [&hellip;]<\/p>\n","protected":false},"featured_media":362055,"comment_status":"closed","ping_status":"closed","template":"","meta":[],"product_brand":[],"product_cat":[19647],"product_tag":[18431,19648,10756,10758,10763,18432,10768,18411],"class_list":{"0":"post-361533","1":"product","2":"type-product","3":"status-publish","4":"has-post-thumbnail","6":"product_cat-li-ning","7":"product_tag-geschenkidee-fuer-ihn","8":"product_tag-li-ning","9":"product_tag-lifestyle-casual-shoes","10":"product_tag-lifestyle-shoes-running-inspired","11":"product_tag-retro-running-shoes","12":"product_tag-top-angebote","13":"product_tag-trending-deals-under-150","14":"product_tag-unter-dem-regulaeren-preis","16":"first","17":"instock","18":"taxable","19":"shipping-taxable","20":"purchasable","21":"product-type-simple"},"wcpa_form_fields":null,"_links":{"self":[{"href":"https:\/\/moroen.com\/de\/wp-json\/wp\/v2\/product\/361533","targetHints":{"allow":["GET"]}}],"collection":[{"href":"https:\/\/moroen.com\/de\/wp-json\/wp\/v2\/product"}],"about":[{"href":"https:\/\/moroen.com\/de\/wp-json\/wp\/v2\/types\/product"}],"replies":[{"embeddable":true,"href":"https:\/\/moroen.com\/de\/wp-json\/wp\/v2\/comments?post=361533"}],"wp:featuredmedia":[{"embeddable":true,"href":"https:\/\/moroen.com\/de\/wp-json\/wp\/v2\/media\/362055"}],"wp:attachment":[{"href":"https:\/\/moroen.com\/de\/wp-json\/wp\/v2\/media?parent=361533"}],"wp:term":[{"taxonomy":"product_brand","embeddable":true,"href":"https:\/\/moroen.com\/de\/wp-json\/wp\/v2\/product_brand?post=361533"},{"taxonomy":"product_cat","embeddable":true,"href":"https:\/\/moroen.com\/de\/wp-json\/wp\/v2\/product_cat?post=361533"},{"taxonomy":"product_tag","embeddable":true,"href":"https:\/\/moroen.com\/de\/wp-json\/wp\/v2\/product_tag?post=361533"}],"curies":[{"name":"wp","href":"https:\/\/api.w.org\/{rel}","templated":true}]}}