{"id":361551,"date":"2026-04-20T01:33:27","date_gmt":"2026-04-19T18:33:27","guid":{"rendered":"https:\/\/moroen.com\/de\/?p=361551"},"modified":"2026-04-20T01:33:27","modified_gmt":"2026-04-19T18:33:27","slug":"anta-see-hill-1-high-floating-cloud-grey-112141609-4","status":"publish","type":"product","link":"https:\/\/moroen.com\/de\/produkt\/anta-see-hill-1-high-floating-cloud-grey-112141609-4\/","title":{"rendered":"Anta See Hill 1 High \u201eFloating Cloud Grey\u201c 112141609-4"},"content":{"rendered":"<p>Steigern Sie Ihre sportliche Leistung mit Stil mit den Anta See Hill 1 High \u201eFloating Cloud Grey\u201c-Sneakern. Diese High-Top-Basketballschuhe verf\u00fcgen \u00fcber ein leichtes und atmungsaktives Mesh-Obermaterial, das w\u00e4hrend des gesamten Spiels f\u00fcr un\u00fcbertroffenen Komfort sorgt. Die Float 2.0-D\u00e4mpfungstechnologie bietet eine au\u00dfergew\u00f6hnliche Sto\u00dfd\u00e4mpfung und treibt Sie auf dem Platz zu neuen H\u00f6hen. Sein auff\u00e4lliges graues \u00c4u\u00dferes mit kr\u00e4ftigen Akzenten verleiht Ihrem Spieltags-Look eine wilde Note. Steigern Sie Ihre Leistung und erobern Sie den Platz mit den Anta See Hill 1 High \u201eFloating Cloud Grey\u201c-Sneakern.<\/p>\n<ul>\n<li><strong>Stilcode:<\/strong> 112141609-4<\/li>\n<li><strong>Farbe:<\/strong> White<\/li>\n<\/ul>\n","protected":false},"excerpt":{"rendered":"<p>Steigern Sie Ihre sportliche Leistung mit Stil mit den Anta See Hill 1 High \u201eFloating Cloud Grey\u201c-Sneakern. Diese High-Top-Basketballschuhe verf\u00fcgen \u00fcber ein leichtes und atmungsaktives Mesh-Obermaterial, das w\u00e4hrend des gesamten Spiels f\u00fcr un\u00fcbertroffenen Komfort sorgt. Die Float 2.0-D\u00e4mpfungstechnologie bietet eine au\u00dfergew\u00f6hnliche Sto\u00dfd\u00e4mpfung und treibt Sie auf dem Platz zu neuen H\u00f6hen. Sein auff\u00e4lliges graues \u00c4u\u00dferes [&hellip;]<\/p>\n","protected":false},"featured_media":362180,"comment_status":"closed","ping_status":"closed","template":"","meta":[],"product_brand":[],"product_cat":[19910],"product_tag":[19911,19912,10752,18431,10756,10758,10763,18432,10768,18411],"class_list":{"0":"post-361551","1":"product","2":"type-product","3":"status-publish","4":"has-post-thumbnail","6":"product_cat-anta","7":"product_tag-anta","8":"product_tag-anta-basketball-shoes","9":"product_tag-best-finds-under-100","10":"product_tag-geschenkidee-fuer-ihn","11":"product_tag-lifestyle-casual-shoes","12":"product_tag-lifestyle-shoes-running-inspired","13":"product_tag-retro-running-shoes","14":"product_tag-top-angebote","15":"product_tag-trending-deals-under-150","16":"product_tag-unter-dem-regulaeren-preis","18":"first","19":"instock","20":"taxable","21":"shipping-taxable","22":"purchasable","23":"product-type-simple"},"wcpa_form_fields":null,"_links":{"self":[{"href":"https:\/\/moroen.com\/de\/wp-json\/wp\/v2\/product\/361551","targetHints":{"allow":["GET"]}}],"collection":[{"href":"https:\/\/moroen.com\/de\/wp-json\/wp\/v2\/product"}],"about":[{"href":"https:\/\/moroen.com\/de\/wp-json\/wp\/v2\/types\/product"}],"replies":[{"embeddable":true,"href":"https:\/\/moroen.com\/de\/wp-json\/wp\/v2\/comments?post=361551"}],"wp:featuredmedia":[{"embeddable":true,"href":"https:\/\/moroen.com\/de\/wp-json\/wp\/v2\/media\/362180"}],"wp:attachment":[{"href":"https:\/\/moroen.com\/de\/wp-json\/wp\/v2\/media?parent=361551"}],"wp:term":[{"taxonomy":"product_brand","embeddable":true,"href":"https:\/\/moroen.com\/de\/wp-json\/wp\/v2\/product_brand?post=361551"},{"taxonomy":"product_cat","embeddable":true,"href":"https:\/\/moroen.com\/de\/wp-json\/wp\/v2\/product_cat?post=361551"},{"taxonomy":"product_tag","embeddable":true,"href":"https:\/\/moroen.com\/de\/wp-json\/wp\/v2\/product_tag?post=361551"}],"curies":[{"name":"wp","href":"https:\/\/api.w.org\/{rel}","templated":true}]}}