{"id":362265,"date":"2026-04-20T01:33:27","date_gmt":"2026-04-19T18:33:27","guid":{"rendered":"https:\/\/moroen.com\/de\/?p=362265"},"modified":"2026-04-20T01:33:27","modified_gmt":"2026-04-19T18:33:27","slug":"converse-jack-purcell-pro-low-black-flame-165339c","status":"publish","type":"product","link":"https:\/\/moroen.com\/de\/produkt\/converse-jack-purcell-pro-low-black-flame-165339c\/","title":{"rendered":"Converse Jack Purcell Pro Low \u201eBlack Flame\u201c 165339C"},"content":{"rendered":"<p>Steigern Sie Ihr Sneaker-Game mit dem Converse Jack Purcell Pro Low \u201eBlack Flame\u201c 165339C. Diese ikonischen Schuhe vereinen gekonnt zeitloses Design und modernen Stil und zeichnen sich durch ein auff\u00e4lliges schwarzes Flammenmotiv aus, das Sie von anderen abhebt. Sie sind auf Leistung und Komfort ausgelegt und verf\u00fcgen \u00fcber eine gepolsterte OrthoLite-Einlegesohle und eine strapazierf\u00e4hige Gummiau\u00dfensohle, perfekt f\u00fcr jedes Abenteuer in der Stadt. Egal, ob Sie Skateboarder oder Modeliebhaber sind, diese Sneaker bieten un\u00fcbertroffene Vielseitigkeit und herausragenden Stil. Werten Sie Ihre Schuhkollektion mit Converse&#8217;s auf<\/p>\n<ul>\n<li><strong>Farbgebung:<\/strong> Black\/White<\/li>\n<li><strong>Stilcode:<\/strong> 165339C<\/li>\n<li><strong>Obermaterial:<\/strong> Canvas<\/li>\n<li><strong>Farbe:<\/strong> Black<\/li>\n<li><strong>Saison:<\/strong> All Season<\/li>\n<\/ul>\n","protected":false},"excerpt":{"rendered":"<p>Steigern Sie Ihr Sneaker-Game mit dem Converse Jack Purcell Pro Low \u201eBlack Flame\u201c 165339C. Diese ikonischen Schuhe vereinen gekonnt zeitloses Design und modernen Stil und zeichnen sich durch ein auff\u00e4lliges schwarzes Flammenmotiv aus, das Sie von anderen abhebt. Sie sind auf Leistung und Komfort ausgelegt und verf\u00fcgen \u00fcber eine gepolsterte OrthoLite-Einlegesohle und eine strapazierf\u00e4hige Gummiau\u00dfensohle, [&hellip;]<\/p>\n","protected":false},"featured_media":362425,"comment_status":"closed","ping_status":"closed","template":"","meta":[],"product_brand":[],"product_cat":[20041],"product_tag":[10750,20042,10941,10756,20557,18411],"class_list":{"0":"post-362265","1":"product","2":"type-product","3":"status-publish","4":"has-post-thumbnail","6":"product_cat-converse","7":"product_tag-athleisure-shoes","8":"product_tag-converse","9":"product_tag-court-classic-shoes","10":"product_tag-lifestyle-casual-shoes","11":"product_tag-lifestyle-shoes-badminton-inspired","12":"product_tag-unter-dem-regulaeren-preis","14":"first","15":"instock","16":"taxable","17":"shipping-taxable","18":"purchasable","19":"product-type-simple"},"wcpa_form_fields":null,"_links":{"self":[{"href":"https:\/\/moroen.com\/de\/wp-json\/wp\/v2\/product\/362265","targetHints":{"allow":["GET"]}}],"collection":[{"href":"https:\/\/moroen.com\/de\/wp-json\/wp\/v2\/product"}],"about":[{"href":"https:\/\/moroen.com\/de\/wp-json\/wp\/v2\/types\/product"}],"replies":[{"embeddable":true,"href":"https:\/\/moroen.com\/de\/wp-json\/wp\/v2\/comments?post=362265"}],"wp:featuredmedia":[{"embeddable":true,"href":"https:\/\/moroen.com\/de\/wp-json\/wp\/v2\/media\/362425"}],"wp:attachment":[{"href":"https:\/\/moroen.com\/de\/wp-json\/wp\/v2\/media?parent=362265"}],"wp:term":[{"taxonomy":"product_brand","embeddable":true,"href":"https:\/\/moroen.com\/de\/wp-json\/wp\/v2\/product_brand?post=362265"},{"taxonomy":"product_cat","embeddable":true,"href":"https:\/\/moroen.com\/de\/wp-json\/wp\/v2\/product_cat?post=362265"},{"taxonomy":"product_tag","embeddable":true,"href":"https:\/\/moroen.com\/de\/wp-json\/wp\/v2\/product_tag?post=362265"}],"curies":[{"name":"wp","href":"https:\/\/api.w.org\/{rel}","templated":true}]}}