{"id":362266,"date":"2026-04-20T01:33:27","date_gmt":"2026-04-19T18:33:27","guid":{"rendered":"https:\/\/moroen.com\/de\/?p=362266"},"modified":"2026-04-20T01:33:27","modified_gmt":"2026-04-19T18:33:27","slug":"anta-c37-low-white-red-912338003-4","status":"publish","type":"product","link":"https:\/\/moroen.com\/de\/produkt\/anta-c37-low-white-red-912338003-4\/","title":{"rendered":"Anta C37 Low &#8216;White Red&#8217; 912338003-4"},"content":{"rendered":"<p>Werten Sie Ihren Stil mit dem ikonischen Anta C37 Low \u201eWhite Red\u201c auf. Diese schlanke Silhouette verf\u00fcgt \u00fcber eine klare wei\u00dfe Basis, die durch leuchtend rote Details akzentuiert wird. Diese aus strapazierf\u00e4higen Materialien gefertigten Low-Top-Sneaker bieten Komfort und Langlebigkeit. Die reaktionsfreudige D\u00e4mpfung sorgt f\u00fcr ein geschmeidiges und komfortables Laufgef\u00fchl, w\u00e4hrend das atmungsaktive Mesh-Obermaterial Ihre F\u00fc\u00dfe k\u00fchl h\u00e4lt. Komplettiert mit Antas charakteristischem Branding ist der C37 Low \u201eWhite Red\u201c ein Muss f\u00fcr Sneaker-Enthusiasten und modebewusste Menschen gleicherma\u00dfen.<\/p>\n<ul>\n<li><strong>Stilcode:<\/strong> 912338003-4<\/li>\n<\/ul>\n","protected":false},"excerpt":{"rendered":"<p>Werten Sie Ihren Stil mit dem ikonischen Anta C37 Low \u201eWhite Red\u201c auf. Diese schlanke Silhouette verf\u00fcgt \u00fcber eine klare wei\u00dfe Basis, die durch leuchtend rote Details akzentuiert wird. Diese aus strapazierf\u00e4higen Materialien gefertigten Low-Top-Sneaker bieten Komfort und Langlebigkeit. Die reaktionsfreudige D\u00e4mpfung sorgt f\u00fcr ein geschmeidiges und komfortables Laufgef\u00fchl, w\u00e4hrend das atmungsaktive Mesh-Obermaterial Ihre F\u00fc\u00dfe [&hellip;]<\/p>\n","protected":false},"featured_media":362431,"comment_status":"closed","ping_status":"closed","template":"","meta":[],"product_brand":[],"product_cat":[19910],"product_tag":[19911,10752,18431,10756,10758,10763,18432,10768,18411],"class_list":{"0":"post-362266","1":"product","2":"type-product","3":"status-publish","4":"has-post-thumbnail","6":"product_cat-anta","7":"product_tag-anta","8":"product_tag-best-finds-under-100","9":"product_tag-geschenkidee-fuer-ihn","10":"product_tag-lifestyle-casual-shoes","11":"product_tag-lifestyle-shoes-running-inspired","12":"product_tag-retro-running-shoes","13":"product_tag-top-angebote","14":"product_tag-trending-deals-under-150","15":"product_tag-unter-dem-regulaeren-preis","17":"first","18":"instock","19":"taxable","20":"shipping-taxable","21":"purchasable","22":"product-type-simple"},"wcpa_form_fields":null,"_links":{"self":[{"href":"https:\/\/moroen.com\/de\/wp-json\/wp\/v2\/product\/362266","targetHints":{"allow":["GET"]}}],"collection":[{"href":"https:\/\/moroen.com\/de\/wp-json\/wp\/v2\/product"}],"about":[{"href":"https:\/\/moroen.com\/de\/wp-json\/wp\/v2\/types\/product"}],"replies":[{"embeddable":true,"href":"https:\/\/moroen.com\/de\/wp-json\/wp\/v2\/comments?post=362266"}],"wp:featuredmedia":[{"embeddable":true,"href":"https:\/\/moroen.com\/de\/wp-json\/wp\/v2\/media\/362431"}],"wp:attachment":[{"href":"https:\/\/moroen.com\/de\/wp-json\/wp\/v2\/media?parent=362266"}],"wp:term":[{"taxonomy":"product_brand","embeddable":true,"href":"https:\/\/moroen.com\/de\/wp-json\/wp\/v2\/product_brand?post=362266"},{"taxonomy":"product_cat","embeddable":true,"href":"https:\/\/moroen.com\/de\/wp-json\/wp\/v2\/product_cat?post=362266"},{"taxonomy":"product_tag","embeddable":true,"href":"https:\/\/moroen.com\/de\/wp-json\/wp\/v2\/product_tag?post=362266"}],"curies":[{"name":"wp","href":"https:\/\/api.w.org\/{rel}","templated":true}]}}