{"id":362993,"date":"2026-04-20T01:33:27","date_gmt":"2026-04-19T18:33:27","guid":{"rendered":"https:\/\/moroen.com\/de\/?p=362993"},"modified":"2026-04-20T01:33:27","modified_gmt":"2026-04-19T18:33:27","slug":"nike-zoomx-invincible-3-white-photon-dust-dr2615-103","status":"publish","type":"product","link":"https:\/\/moroen.com\/de\/produkt\/nike-zoomx-invincible-3-white-photon-dust-dr2615-103\/","title":{"rendered":"Nike ZoomX Invincible 3 \u201eWhite Photon Dust\u201c DR2615-103"},"content":{"rendered":"<p>Erleben Sie Transzendenz bei jedem Schritt mit dem Nike ZoomX Invincible 3 \u201eWhite Photon Dust\u201c. Diese Laufschuhe sind mit dem revolution\u00e4ren ZoomX-Schaum ausgestattet und bieten eine beispiellose Energier\u00fcckgabe f\u00fcr ein m\u00fcheloses und unglaublich reaktionsfreudiges Laufgef\u00fchl. Das elegante Design in Wei\u00df und Silber strahlt Eleganz aus, w\u00e4hrend das fortschrittliche Flyknit-Obermaterial f\u00fcr eine bequeme, atmungsaktive Passform sorgt. Der Nike ZoomX Invincible 3 \u201eWhite Photon Dust\u201c eignet sich perfekt f\u00fcr lange L\u00e4ufe oder intensive Trainingseinheiten und erm\u00f6glicht es Ihnen, mit Selbstvertrauen und Stil an Ihre Grenzen zu gehen.<\/p>\n<ul>\n<li><strong>Farbgebung:<\/strong> White\/Platinum Tint\/White\/Photon Dust<\/li>\n<li><strong>Stilcode:<\/strong> DR2615-103<\/li>\n<li><strong>Obermaterial:<\/strong> Flyknit<\/li>\n<li><strong>Mittelsohle:<\/strong> Zoom X<\/li>\n<li><strong>Farbe:<\/strong> White<\/li>\n<li><strong>Erscheinungsjahr:<\/strong> 2023<\/li>\n<\/ul>\n","protected":false},"excerpt":{"rendered":"<p>Erleben Sie Transzendenz bei jedem Schritt mit dem Nike ZoomX Invincible 3 \u201eWhite Photon Dust\u201c. Diese Laufschuhe sind mit dem revolution\u00e4ren ZoomX-Schaum ausgestattet und bieten eine beispiellose Energier\u00fcckgabe f\u00fcr ein m\u00fcheloses und unglaublich reaktionsfreudiges Laufgef\u00fchl. Das elegante Design in Wei\u00df und Silber strahlt Eleganz aus, w\u00e4hrend das fortschrittliche Flyknit-Obermaterial f\u00fcr eine bequeme, atmungsaktive Passform sorgt. [&hellip;]<\/p>\n","protected":false},"featured_media":363106,"comment_status":"closed","ping_status":"closed","template":"","meta":[],"product_brand":[],"product_cat":[10773],"product_tag":[10752,18431,12564,10772,10762,10777,12563,18432,10768,18411],"class_list":{"0":"post-362993","1":"product","2":"type-product","3":"status-publish","4":"has-post-thumbnail","6":"product_cat-nike","7":"product_tag-best-finds-under-100","8":"product_tag-geschenkidee-fuer-ihn","9":"product_tag-laufschuhe","10":"product_tag-max-cushion-cushioned-running-shoes","11":"product_tag-nike","12":"product_tag-performance-running-shoes","13":"product_tag-performance-sportschuhe","14":"product_tag-top-angebote","15":"product_tag-trending-deals-under-150","16":"product_tag-unter-dem-regulaeren-preis","18":"first","19":"instock","20":"taxable","21":"shipping-taxable","22":"purchasable","23":"product-type-simple"},"wcpa_form_fields":null,"_links":{"self":[{"href":"https:\/\/moroen.com\/de\/wp-json\/wp\/v2\/product\/362993","targetHints":{"allow":["GET"]}}],"collection":[{"href":"https:\/\/moroen.com\/de\/wp-json\/wp\/v2\/product"}],"about":[{"href":"https:\/\/moroen.com\/de\/wp-json\/wp\/v2\/types\/product"}],"replies":[{"embeddable":true,"href":"https:\/\/moroen.com\/de\/wp-json\/wp\/v2\/comments?post=362993"}],"wp:featuredmedia":[{"embeddable":true,"href":"https:\/\/moroen.com\/de\/wp-json\/wp\/v2\/media\/363106"}],"wp:attachment":[{"href":"https:\/\/moroen.com\/de\/wp-json\/wp\/v2\/media?parent=362993"}],"wp:term":[{"taxonomy":"product_brand","embeddable":true,"href":"https:\/\/moroen.com\/de\/wp-json\/wp\/v2\/product_brand?post=362993"},{"taxonomy":"product_cat","embeddable":true,"href":"https:\/\/moroen.com\/de\/wp-json\/wp\/v2\/product_cat?post=362993"},{"taxonomy":"product_tag","embeddable":true,"href":"https:\/\/moroen.com\/de\/wp-json\/wp\/v2\/product_tag?post=362993"}],"curies":[{"name":"wp","href":"https:\/\/api.w.org\/{rel}","templated":true}]}}