{"id":363018,"date":"2026-04-20T01:33:27","date_gmt":"2026-04-19T18:33:27","guid":{"rendered":"https:\/\/moroen.com\/de\/?p=363018"},"modified":"2026-04-20T01:33:27","modified_gmt":"2026-04-19T18:33:27","slug":"mizuno-speed-2k-beige-d1gh222916","status":"publish","type":"product","link":"https:\/\/moroen.com\/de\/produkt\/mizuno-speed-2k-beige-d1gh222916\/","title":{"rendered":"Mizuno Speed 2K &#8216;Beige&#8217; D1GH222916"},"content":{"rendered":"<p>Wir stellen den Mizuno Speed 2K \u201eBeige\u201c D1GH222916 vor, den Gipfel an Leistung und Stil. Schl\u00fcpfen Sie in diese Sneaker mit leichtem und atmungsaktivem Mesh-Obermaterial f\u00fcr au\u00dfergew\u00f6hnlichen Komfort. Die U4ic-Zwischensohle bietet unvergleichliche D\u00e4mpfung und Reaktionsf\u00e4higkeit und treibt Sie bei jedem Schritt voran. Ausgestattet mit einer strapazierf\u00e4higen Gummi-Au\u00dfensohle bietet der \u201eBeige\u201c Speed \u200b\u200b2K optimale Traktion und Grip auf verschiedenen Oberfl\u00e4chen. Steigern Sie Ihr Lauferlebnis mit der perfekten Mischung aus Geschwindigkeit, Stabilit\u00e4t und modischem Design. Ab sofort erh\u00e4ltlich f\u00fcr alle, die das ultimative Performance-Schuhwerk suchen.<\/p>\n<ul>\n<li><strong>Farbgebung:<\/strong> Grey\/Green<\/li>\n<li><strong>Stilcode:<\/strong> D1GH222916<\/li>\n<li><strong>Farbe:<\/strong> White<\/li>\n<\/ul>\n","protected":false},"excerpt":{"rendered":"<p>Wir stellen den Mizuno Speed 2K \u201eBeige\u201c D1GH222916 vor, den Gipfel an Leistung und Stil. Schl\u00fcpfen Sie in diese Sneaker mit leichtem und atmungsaktivem Mesh-Obermaterial f\u00fcr au\u00dfergew\u00f6hnlichen Komfort. Die U4ic-Zwischensohle bietet unvergleichliche D\u00e4mpfung und Reaktionsf\u00e4higkeit und treibt Sie bei jedem Schritt voran. Ausgestattet mit einer strapazierf\u00e4higen Gummi-Au\u00dfensohle bietet der \u201eBeige\u201c Speed \u200b\u200b2K optimale Traktion und [&hellip;]<\/p>\n","protected":false},"featured_media":363252,"comment_status":"closed","ping_status":"closed","template":"","meta":[],"product_brand":[],"product_cat":[19674],"product_tag":[18431,12564,19675,10777,12563,18411],"class_list":{"0":"post-363018","1":"product","2":"type-product","3":"status-publish","4":"has-post-thumbnail","6":"product_cat-mizuno","7":"product_tag-geschenkidee-fuer-ihn","8":"product_tag-laufschuhe","9":"product_tag-mizuno","10":"product_tag-performance-running-shoes","11":"product_tag-performance-sportschuhe","12":"product_tag-unter-dem-regulaeren-preis","14":"first","15":"instock","16":"taxable","17":"shipping-taxable","18":"purchasable","19":"product-type-simple"},"wcpa_form_fields":null,"_links":{"self":[{"href":"https:\/\/moroen.com\/de\/wp-json\/wp\/v2\/product\/363018","targetHints":{"allow":["GET"]}}],"collection":[{"href":"https:\/\/moroen.com\/de\/wp-json\/wp\/v2\/product"}],"about":[{"href":"https:\/\/moroen.com\/de\/wp-json\/wp\/v2\/types\/product"}],"replies":[{"embeddable":true,"href":"https:\/\/moroen.com\/de\/wp-json\/wp\/v2\/comments?post=363018"}],"wp:featuredmedia":[{"embeddable":true,"href":"https:\/\/moroen.com\/de\/wp-json\/wp\/v2\/media\/363252"}],"wp:attachment":[{"href":"https:\/\/moroen.com\/de\/wp-json\/wp\/v2\/media?parent=363018"}],"wp:term":[{"taxonomy":"product_brand","embeddable":true,"href":"https:\/\/moroen.com\/de\/wp-json\/wp\/v2\/product_brand?post=363018"},{"taxonomy":"product_cat","embeddable":true,"href":"https:\/\/moroen.com\/de\/wp-json\/wp\/v2\/product_cat?post=363018"},{"taxonomy":"product_tag","embeddable":true,"href":"https:\/\/moroen.com\/de\/wp-json\/wp\/v2\/product_tag?post=363018"}],"curies":[{"name":"wp","href":"https:\/\/api.w.org\/{rel}","templated":true}]}}