{"id":363073,"date":"2026-04-20T01:33:27","date_gmt":"2026-04-19T18:33:27","guid":{"rendered":"https:\/\/moroen.com\/de\/?p=363073"},"modified":"2026-04-20T01:33:27","modified_gmt":"2026-04-19T18:33:27","slug":"erke-xtep-low-pure-white-51122301413-003","status":"publish","type":"product","link":"https:\/\/moroen.com\/de\/produkt\/erke-xtep-low-pure-white-51122301413-003\/","title":{"rendered":"ERKE XTEP Low &#8216;Pure White&#8217; 51122301413-003"},"content":{"rendered":"<p>Erweitern Sie Ihr Schuhwerk mit den ERKE XTEP Low \u201ePure White\u201c 51122301413-003 Sneakers. Diese Low-Top-Sneaker sind sowohl auf Stil als auch auf Komfort ausgelegt und zeichnen sich durch ein elegantes, ganz in Wei\u00df gehaltenes Design aus, das zu jedem Outfit passt. Sie bestehen aus hochwertigen Materialien f\u00fcr Strapazierf\u00e4higkeit und einer gepolsterten Innensohle f\u00fcr ultimativen Komfort und eignen sich perfekt f\u00fcr den t\u00e4glichen Gebrauch. Egal, ob Sie ins Fitnessstudio oder auf die Stra\u00dfe gehen, diese Sneaker bieten die perfekte Mischung aus Leistung und zeitlosem Stil.<\/p>\n<ul>\n<li><strong>Stilcode:<\/strong> 51122301413-003<\/li>\n<li><strong>Farbe:<\/strong> White<\/li>\n<\/ul>\n","protected":false},"excerpt":{"rendered":"<p>Erweitern Sie Ihr Schuhwerk mit den ERKE XTEP Low \u201ePure White\u201c 51122301413-003 Sneakers. Diese Low-Top-Sneaker sind sowohl auf Stil als auch auf Komfort ausgelegt und zeichnen sich durch ein elegantes, ganz in Wei\u00df gehaltenes Design aus, das zu jedem Outfit passt. Sie bestehen aus hochwertigen Materialien f\u00fcr Strapazierf\u00e4higkeit und einer gepolsterten Innensohle f\u00fcr ultimativen Komfort [&hellip;]<\/p>\n","protected":false},"featured_media":363617,"comment_status":"closed","ping_status":"closed","template":"","meta":[],"product_brand":[],"product_cat":[19932],"product_tag":[10750,10752,19933,18431,10756,10857,18432,10768,18411],"class_list":{"0":"post-363073","1":"product","2":"type-product","3":"status-publish","4":"has-post-thumbnail","6":"product_cat-erke","7":"product_tag-athleisure-shoes","8":"product_tag-best-finds-under-100","9":"product_tag-erke","10":"product_tag-geschenkidee-fuer-ihn","11":"product_tag-lifestyle-casual-shoes","12":"product_tag-lifestyle-shoes-casual","13":"product_tag-top-angebote","14":"product_tag-trending-deals-under-150","15":"product_tag-unter-dem-regulaeren-preis","17":"first","18":"instock","19":"taxable","20":"shipping-taxable","21":"purchasable","22":"product-type-simple"},"wcpa_form_fields":null,"_links":{"self":[{"href":"https:\/\/moroen.com\/de\/wp-json\/wp\/v2\/product\/363073","targetHints":{"allow":["GET"]}}],"collection":[{"href":"https:\/\/moroen.com\/de\/wp-json\/wp\/v2\/product"}],"about":[{"href":"https:\/\/moroen.com\/de\/wp-json\/wp\/v2\/types\/product"}],"replies":[{"embeddable":true,"href":"https:\/\/moroen.com\/de\/wp-json\/wp\/v2\/comments?post=363073"}],"wp:featuredmedia":[{"embeddable":true,"href":"https:\/\/moroen.com\/de\/wp-json\/wp\/v2\/media\/363617"}],"wp:attachment":[{"href":"https:\/\/moroen.com\/de\/wp-json\/wp\/v2\/media?parent=363073"}],"wp:term":[{"taxonomy":"product_brand","embeddable":true,"href":"https:\/\/moroen.com\/de\/wp-json\/wp\/v2\/product_brand?post=363073"},{"taxonomy":"product_cat","embeddable":true,"href":"https:\/\/moroen.com\/de\/wp-json\/wp\/v2\/product_cat?post=363073"},{"taxonomy":"product_tag","embeddable":true,"href":"https:\/\/moroen.com\/de\/wp-json\/wp\/v2\/product_tag?post=363073"}],"curies":[{"name":"wp","href":"https:\/\/api.w.org\/{rel}","templated":true}]}}