{"id":363075,"date":"2026-04-20T01:33:27","date_gmt":"2026-04-19T18:33:27","guid":{"rendered":"https:\/\/moroen.com\/de\/?p=363075"},"modified":"2026-04-20T01:33:27","modified_gmt":"2026-04-19T18:33:27","slug":"converse-chuck-70-mule-schwarz-172591c","status":"publish","type":"product","link":"https:\/\/moroen.com\/de\/produkt\/converse-chuck-70-mule-schwarz-172591c\/","title":{"rendered":"Converse Chuck 70 Mule &#8216;Schwarz&#8217; 172591C"},"content":{"rendered":"<p>## M\u00fchelose Coolness trifft auf ikonischen Stil mit dem Converse Chuck 70 Mule \u201eBlack\u201c (172591C).  <\/p>\n<p>Diese Slip-On-Sneaker verf\u00fcgen \u00fcber die klassische Chuck 70-Silhouette, jetzt im l\u00e4ssigen Mule-Design. Mit strapazierf\u00e4higem Canvas-Obermaterial, charakteristischem Kn\u00f6chelaufn\u00e4her und vulkanisierter Gummi-Au\u00dfensohle sind diese Pantoletten Ihr neuer Begleiter f\u00fcr m\u00fchelosen Stil.  Gehen Sie auf der wilden Seite des Komforts.<\/p>\n<ul>\n<li><strong>Farbgebung:<\/strong> Black\/Black\/Egret<\/li>\n<li><strong>Stilcode:<\/strong> 172591C<\/li>\n<li><strong>Obermaterial:<\/strong> Canvas<\/li>\n<li><strong>Farbe:<\/strong> Black<\/li>\n<li><strong>Designer:<\/strong> Marquis Mills<\/li>\n<li><strong>Saison:<\/strong> Winter<\/li>\n<li><strong>Erscheinungsjahr:<\/strong> 2022<\/li>\n<\/ul>\n","protected":false},"excerpt":{"rendered":"<p>## M\u00fchelose Coolness trifft auf ikonischen Stil mit dem Converse Chuck 70 Mule \u201eBlack\u201c (172591C). Diese Slip-On-Sneaker verf\u00fcgen \u00fcber die klassische Chuck 70-Silhouette, jetzt im l\u00e4ssigen Mule-Design. Mit strapazierf\u00e4higem Canvas-Obermaterial, charakteristischem Kn\u00f6chelaufn\u00e4her und vulkanisierter Gummi-Au\u00dfensohle sind diese Pantoletten Ihr neuer Begleiter f\u00fcr m\u00fchelosen Stil. Gehen Sie auf der wilden Seite des Komforts. Farbgebung: Black\/Black\/Egret Stilcode: [&hellip;]<\/p>\n","protected":false},"featured_media":363627,"comment_status":"closed","ping_status":"closed","template":"","meta":[],"product_brand":[],"product_cat":[20041],"product_tag":[10750,20042,18431,10756,10814,10858,18411],"class_list":{"0":"post-363075","1":"product","2":"type-product","3":"status-publish","4":"has-post-thumbnail","6":"product_cat-converse","7":"product_tag-athleisure-shoes","8":"product_tag-converse","9":"product_tag-geschenkidee-fuer-ihn","10":"product_tag-lifestyle-casual-shoes","11":"product_tag-lifestyle-shoes-basketball-inspired","12":"product_tag-retro-casual-shoes","13":"product_tag-unter-dem-regulaeren-preis","15":"first","16":"instock","17":"taxable","18":"shipping-taxable","19":"purchasable","20":"product-type-simple"},"wcpa_form_fields":null,"_links":{"self":[{"href":"https:\/\/moroen.com\/de\/wp-json\/wp\/v2\/product\/363075","targetHints":{"allow":["GET"]}}],"collection":[{"href":"https:\/\/moroen.com\/de\/wp-json\/wp\/v2\/product"}],"about":[{"href":"https:\/\/moroen.com\/de\/wp-json\/wp\/v2\/types\/product"}],"replies":[{"embeddable":true,"href":"https:\/\/moroen.com\/de\/wp-json\/wp\/v2\/comments?post=363075"}],"wp:featuredmedia":[{"embeddable":true,"href":"https:\/\/moroen.com\/de\/wp-json\/wp\/v2\/media\/363627"}],"wp:attachment":[{"href":"https:\/\/moroen.com\/de\/wp-json\/wp\/v2\/media?parent=363075"}],"wp:term":[{"taxonomy":"product_brand","embeddable":true,"href":"https:\/\/moroen.com\/de\/wp-json\/wp\/v2\/product_brand?post=363075"},{"taxonomy":"product_cat","embeddable":true,"href":"https:\/\/moroen.com\/de\/wp-json\/wp\/v2\/product_cat?post=363075"},{"taxonomy":"product_tag","embeddable":true,"href":"https:\/\/moroen.com\/de\/wp-json\/wp\/v2\/product_tag?post=363075"}],"curies":[{"name":"wp","href":"https:\/\/api.w.org\/{rel}","templated":true}]}}