{"id":363089,"date":"2026-04-20T01:33:27","date_gmt":"2026-04-19T18:33:27","guid":{"rendered":"https:\/\/moroen.com\/de\/?p=363089"},"modified":"2026-04-20T01:33:27","modified_gmt":"2026-04-19T18:33:27","slug":"anta-flyknit-weiss-912315582-2","status":"publish","type":"product","link":"https:\/\/moroen.com\/de\/produkt\/anta-flyknit-weiss-912315582-2\/","title":{"rendered":"Anta Flyknit &#8216;Wei\u00df&#8217; 912315582-2"},"content":{"rendered":"<p>Bereiten Sie sich mit dem eiskalten Stil des Anta Woven Low \u201eWhite Walker\u201c auf den Winter vor. Diese von der erfolgreichen Fantasy-Serie inspirierten Sneaker verf\u00fcgen \u00fcber ein klares wei\u00dfes Design mit eisblauen Akzenten und einer durchscheinenden Au\u00dfensohle. Das gewebte Obermaterial sorgt f\u00fcr atmungsaktiven Komfort, w\u00e4hrend die leichte Polsterung ganzt\u00e4gigen Tragekomfort gew\u00e4hrleistet. Betreten Sie das Reich der Mode und erobern Sie jedes Terrain mit diesen limitierten \u201eWhite Walker\u201c-Sneakern.<\/p>\n<ul>\n<li><strong>Farbgebung:<\/strong> White<\/li>\n<li><strong>Stilcode:<\/strong> 912315582-2<\/li>\n<\/ul>\n","protected":false},"excerpt":{"rendered":"<p>Bereiten Sie sich mit dem eiskalten Stil des Anta Woven Low \u201eWhite Walker\u201c auf den Winter vor. Diese von der erfolgreichen Fantasy-Serie inspirierten Sneaker verf\u00fcgen \u00fcber ein klares wei\u00dfes Design mit eisblauen Akzenten und einer durchscheinenden Au\u00dfensohle. Das gewebte Obermaterial sorgt f\u00fcr atmungsaktiven Komfort, w\u00e4hrend die leichte Polsterung ganzt\u00e4gigen Tragekomfort gew\u00e4hrleistet. Betreten Sie das Reich [&hellip;]<\/p>\n","protected":false},"featured_media":363718,"comment_status":"closed","ping_status":"closed","template":"","meta":[],"product_brand":[],"product_cat":[19910],"product_tag":[19911,10750,10752,18431,10756,10758,18432,10768,18411],"class_list":{"0":"post-363089","1":"product","2":"type-product","3":"status-publish","4":"has-post-thumbnail","6":"product_cat-anta","7":"product_tag-anta","8":"product_tag-athleisure-shoes","9":"product_tag-best-finds-under-100","10":"product_tag-geschenkidee-fuer-ihn","11":"product_tag-lifestyle-casual-shoes","12":"product_tag-lifestyle-shoes-running-inspired","13":"product_tag-top-angebote","14":"product_tag-trending-deals-under-150","15":"product_tag-unter-dem-regulaeren-preis","17":"first","18":"instock","19":"taxable","20":"shipping-taxable","21":"purchasable","22":"product-type-simple"},"wcpa_form_fields":null,"_links":{"self":[{"href":"https:\/\/moroen.com\/de\/wp-json\/wp\/v2\/product\/363089","targetHints":{"allow":["GET"]}}],"collection":[{"href":"https:\/\/moroen.com\/de\/wp-json\/wp\/v2\/product"}],"about":[{"href":"https:\/\/moroen.com\/de\/wp-json\/wp\/v2\/types\/product"}],"replies":[{"embeddable":true,"href":"https:\/\/moroen.com\/de\/wp-json\/wp\/v2\/comments?post=363089"}],"wp:featuredmedia":[{"embeddable":true,"href":"https:\/\/moroen.com\/de\/wp-json\/wp\/v2\/media\/363718"}],"wp:attachment":[{"href":"https:\/\/moroen.com\/de\/wp-json\/wp\/v2\/media?parent=363089"}],"wp:term":[{"taxonomy":"product_brand","embeddable":true,"href":"https:\/\/moroen.com\/de\/wp-json\/wp\/v2\/product_brand?post=363089"},{"taxonomy":"product_cat","embeddable":true,"href":"https:\/\/moroen.com\/de\/wp-json\/wp\/v2\/product_cat?post=363089"},{"taxonomy":"product_tag","embeddable":true,"href":"https:\/\/moroen.com\/de\/wp-json\/wp\/v2\/product_tag?post=363089"}],"curies":[{"name":"wp","href":"https:\/\/api.w.org\/{rel}","templated":true}]}}