{"id":363734,"date":"2026-04-20T01:33:27","date_gmt":"2026-04-19T18:33:27","guid":{"rendered":"https:\/\/moroen.com\/de\/?p=363734"},"modified":"2026-04-20T01:33:27","modified_gmt":"2026-04-19T18:33:27","slug":"vans-authentic-weiss-vn000ee3wht","status":"publish","type":"product","link":"https:\/\/moroen.com\/de\/produkt\/vans-authentic-weiss-vn000ee3wht\/","title":{"rendered":"Vans Authentic &#8216;Wei\u00df&#8217; VN000EE3WHT"},"content":{"rendered":"<p>Die Vans Authentic White-Sneaker sind eine klassische und zeitlose Wahl f\u00fcr jeden Sneaker-Enthusiasten. Diese von der renommierten Marke Vans hergestellten Sneaker verf\u00fcgen \u00fcber ein elegantes wei\u00dfes Design, das problemlos zu jedem Outfit passt. Egal, ob Sie einen l\u00e4ssigen Streetstyle oder einen eleganteren Look bevorzugen, diese Vans Authentic White-Sneakers sind die perfekte Wahl.<\/p>\n<ul>\n<li><strong>Farbgebung:<\/strong> White<\/li>\n<li><strong>Stilcode:<\/strong> VN000EE3WHT<\/li>\n<li><strong>Farbe:<\/strong> White<\/li>\n<li><strong>Saison:<\/strong> Summer<\/li>\n<li><strong>Erscheinungsjahr:<\/strong> 2022<\/li>\n<\/ul>\n","protected":false},"excerpt":{"rendered":"<p>Die Vans Authentic White-Sneaker sind eine klassische und zeitlose Wahl f\u00fcr jeden Sneaker-Enthusiasten. Diese von der renommierten Marke Vans hergestellten Sneaker verf\u00fcgen \u00fcber ein elegantes wei\u00dfes Design, das problemlos zu jedem Outfit passt. Egal, ob Sie einen l\u00e4ssigen Streetstyle oder einen eleganteren Look bevorzugen, diese Vans Authentic White-Sneakers sind die perfekte Wahl. Farbgebung: White Stilcode: [&hellip;]<\/p>\n","protected":false},"featured_media":363888,"comment_status":"closed","ping_status":"closed","template":"","meta":[],"product_brand":[],"product_cat":[19794],"product_tag":[10750,18431,10756,10961,10858,18411,19795],"class_list":{"0":"post-363734","1":"product","2":"type-product","3":"status-publish","4":"has-post-thumbnail","6":"product_cat-vans","7":"product_tag-athleisure-shoes","8":"product_tag-geschenkidee-fuer-ihn","9":"product_tag-lifestyle-casual-shoes","10":"product_tag-lifestyle-shoes-skateboarding-inspired","11":"product_tag-retro-casual-shoes","12":"product_tag-unter-dem-regulaeren-preis","13":"product_tag-vans","15":"first","16":"instock","17":"taxable","18":"shipping-taxable","19":"purchasable","20":"product-type-simple"},"wcpa_form_fields":null,"_links":{"self":[{"href":"https:\/\/moroen.com\/de\/wp-json\/wp\/v2\/product\/363734","targetHints":{"allow":["GET"]}}],"collection":[{"href":"https:\/\/moroen.com\/de\/wp-json\/wp\/v2\/product"}],"about":[{"href":"https:\/\/moroen.com\/de\/wp-json\/wp\/v2\/types\/product"}],"replies":[{"embeddable":true,"href":"https:\/\/moroen.com\/de\/wp-json\/wp\/v2\/comments?post=363734"}],"wp:featuredmedia":[{"embeddable":true,"href":"https:\/\/moroen.com\/de\/wp-json\/wp\/v2\/media\/363888"}],"wp:attachment":[{"href":"https:\/\/moroen.com\/de\/wp-json\/wp\/v2\/media?parent=363734"}],"wp:term":[{"taxonomy":"product_brand","embeddable":true,"href":"https:\/\/moroen.com\/de\/wp-json\/wp\/v2\/product_brand?post=363734"},{"taxonomy":"product_cat","embeddable":true,"href":"https:\/\/moroen.com\/de\/wp-json\/wp\/v2\/product_cat?post=363734"},{"taxonomy":"product_tag","embeddable":true,"href":"https:\/\/moroen.com\/de\/wp-json\/wp\/v2\/product_tag?post=363734"}],"curies":[{"name":"wp","href":"https:\/\/api.w.org\/{rel}","templated":true}]}}