{"id":363764,"date":"2026-04-20T01:33:27","date_gmt":"2026-04-19T18:33:27","guid":{"rendered":"https:\/\/moroen.com\/de\/?p=363764"},"modified":"2026-04-20T01:33:27","modified_gmt":"2026-04-19T18:33:27","slug":"converse-jack-purcell-low-schwarz-164224c","status":"publish","type":"product","link":"https:\/\/moroen.com\/de\/produkt\/converse-jack-purcell-low-schwarz-164224c\/","title":{"rendered":"Converse Jack Purcell Low &#8216;Schwarz&#8217; 164224C"},"content":{"rendered":"<p>Steigern Sie Ihren Stil mit den Converse Jack Purcell Low \u201eBlack\u201c-Sneakern. Diese Schuhe sind f\u00fcr ihr zeitloses Design und das unverwechselbare L\u00e4cheln auf der Zehenkappe bekannt und vereinen klassischen Charme mit modernem Komfort. Sie bestehen aus strapazierf\u00e4higem Canvas und verf\u00fcgen \u00fcber ein gepolstertes Fu\u00dfbett, sodass sie den ganzen Tag \u00fcber optimalen Tragekomfort bieten. Diese Sneaker eignen sich perfekt f\u00fcr Freizeitausfl\u00fcge oder einen entspannten B\u00fcro-Look und passen nahtlos vom Tag in die Nacht. Werten Sie Ihre Garderobe mit diesem ikonischen Schuh-Basic auf.<\/p>\n<ul>\n<li><strong>Farbgebung:<\/strong> Black<\/li>\n<li><strong>Stilcode:<\/strong> 164224C<\/li>\n<li><strong>Obermaterial:<\/strong> Leather<\/li>\n<li><strong>Farbe:<\/strong> Black<\/li>\n<li><strong>Saison:<\/strong> All Season<\/li>\n<\/ul>\n","protected":false},"excerpt":{"rendered":"<p>Steigern Sie Ihren Stil mit den Converse Jack Purcell Low \u201eBlack\u201c-Sneakern. Diese Schuhe sind f\u00fcr ihr zeitloses Design und das unverwechselbare L\u00e4cheln auf der Zehenkappe bekannt und vereinen klassischen Charme mit modernem Komfort. Sie bestehen aus strapazierf\u00e4higem Canvas und verf\u00fcgen \u00fcber ein gepolstertes Fu\u00dfbett, sodass sie den ganzen Tag \u00fcber optimalen Tragekomfort bieten. Diese Sneaker [&hellip;]<\/p>\n","protected":false},"featured_media":364050,"comment_status":"closed","ping_status":"closed","template":"","meta":[],"product_brand":[],"product_cat":[20041],"product_tag":[10750,10752,12310,20042,20769,10941,18431,10756,20557,18432,10768,18411],"class_list":{"0":"post-363764","1":"product","2":"type-product","3":"status-publish","4":"has-post-thumbnail","6":"product_cat-converse","7":"product_tag-athleisure-shoes","8":"product_tag-best-finds-under-100","9":"product_tag-best-seller","10":"product_tag-converse","11":"product_tag-converse-skateboarding-shoes","12":"product_tag-court-classic-shoes","13":"product_tag-geschenkidee-fuer-ihn","14":"product_tag-lifestyle-casual-shoes","15":"product_tag-lifestyle-shoes-badminton-inspired","16":"product_tag-top-angebote","17":"product_tag-trending-deals-under-150","18":"product_tag-unter-dem-regulaeren-preis","20":"first","21":"instock","22":"taxable","23":"shipping-taxable","24":"purchasable","25":"product-type-simple"},"wcpa_form_fields":null,"_links":{"self":[{"href":"https:\/\/moroen.com\/de\/wp-json\/wp\/v2\/product\/363764","targetHints":{"allow":["GET"]}}],"collection":[{"href":"https:\/\/moroen.com\/de\/wp-json\/wp\/v2\/product"}],"about":[{"href":"https:\/\/moroen.com\/de\/wp-json\/wp\/v2\/types\/product"}],"replies":[{"embeddable":true,"href":"https:\/\/moroen.com\/de\/wp-json\/wp\/v2\/comments?post=363764"}],"wp:featuredmedia":[{"embeddable":true,"href":"https:\/\/moroen.com\/de\/wp-json\/wp\/v2\/media\/364050"}],"wp:attachment":[{"href":"https:\/\/moroen.com\/de\/wp-json\/wp\/v2\/media?parent=363764"}],"wp:term":[{"taxonomy":"product_brand","embeddable":true,"href":"https:\/\/moroen.com\/de\/wp-json\/wp\/v2\/product_brand?post=363764"},{"taxonomy":"product_cat","embeddable":true,"href":"https:\/\/moroen.com\/de\/wp-json\/wp\/v2\/product_cat?post=363764"},{"taxonomy":"product_tag","embeddable":true,"href":"https:\/\/moroen.com\/de\/wp-json\/wp\/v2\/product_tag?post=363764"}],"curies":[{"name":"wp","href":"https:\/\/api.w.org\/{rel}","templated":true}]}}