{"id":364473,"date":"2026-04-20T01:33:27","date_gmt":"2026-04-19T18:33:27","guid":{"rendered":"https:\/\/moroen.com\/de\/?p=364473"},"modified":"2026-04-20T01:33:27","modified_gmt":"2026-04-19T18:33:27","slug":"damen-polo-ralph-lauren-solid-v-ausschnitt-langarmpullover-weiss-211891641-001","status":"publish","type":"product","link":"https:\/\/moroen.com\/de\/produkt\/damen-polo-ralph-lauren-solid-v-ausschnitt-langarmpullover-weiss-211891641-001\/","title":{"rendered":"(Damen) Polo Ralph Lauren Solid V-Ausschnitt Langarmpullover Wei\u00df 211891641-001"},"content":{"rendered":"<p>Erleben Sie zeitlose Eleganz mit dem Polo Ralph Lauren Solid V-Neck Long Sleeve Sweater f\u00fcr Damen in Wei\u00df, gefertigt aus hochwertigen Materialien f\u00fcr ultimativen Komfort und Stil.<\/p>\n<ul>\n<li><strong>Stilcode:<\/strong> 211891641-001<\/li>\n<\/ul>\n","protected":false},"excerpt":{"rendered":"<p>Erleben Sie zeitlose Eleganz mit dem Polo Ralph Lauren Solid V-Neck Long Sleeve Sweater f\u00fcr Damen in Wei\u00df, gefertigt aus hochwertigen Materialien f\u00fcr ultimativen Komfort und Stil. Stilcode: 211891641-001<\/p>\n","protected":false},"featured_media":364775,"comment_status":"closed","ping_status":"closed","template":"","meta":[],"product_brand":[],"product_cat":[21226],"product_tag":[21227,21250,20058],"class_list":{"0":"post-364473","1":"product","2":"type-product","3":"status-publish","4":"has-post-thumbnail","6":"product_cat-ralph-lauren","7":"product_tag-ralph-lauren","8":"product_tag-sweaters-knits","9":"product_tag-tops","11":"first","12":"instock","13":"taxable","14":"shipping-taxable","15":"purchasable","16":"product-type-simple"},"wcpa_form_fields":null,"_links":{"self":[{"href":"https:\/\/moroen.com\/de\/wp-json\/wp\/v2\/product\/364473","targetHints":{"allow":["GET"]}}],"collection":[{"href":"https:\/\/moroen.com\/de\/wp-json\/wp\/v2\/product"}],"about":[{"href":"https:\/\/moroen.com\/de\/wp-json\/wp\/v2\/types\/product"}],"replies":[{"embeddable":true,"href":"https:\/\/moroen.com\/de\/wp-json\/wp\/v2\/comments?post=364473"}],"wp:featuredmedia":[{"embeddable":true,"href":"https:\/\/moroen.com\/de\/wp-json\/wp\/v2\/media\/364775"}],"wp:attachment":[{"href":"https:\/\/moroen.com\/de\/wp-json\/wp\/v2\/media?parent=364473"}],"wp:term":[{"taxonomy":"product_brand","embeddable":true,"href":"https:\/\/moroen.com\/de\/wp-json\/wp\/v2\/product_brand?post=364473"},{"taxonomy":"product_cat","embeddable":true,"href":"https:\/\/moroen.com\/de\/wp-json\/wp\/v2\/product_cat?post=364473"},{"taxonomy":"product_tag","embeddable":true,"href":"https:\/\/moroen.com\/de\/wp-json\/wp\/v2\/product_tag?post=364473"}],"curies":[{"name":"wp","href":"https:\/\/api.w.org\/{rel}","templated":true}]}}