{"id":364512,"date":"2026-04-20T01:33:27","date_gmt":"2026-04-19T18:33:27","guid":{"rendered":"https:\/\/moroen.com\/de\/?p=364512"},"modified":"2026-04-20T01:33:27","modified_gmt":"2026-04-19T18:33:27","slug":"crocs-dylan-clog-schwarz-209366-001","status":"publish","type":"product","link":"https:\/\/moroen.com\/de\/produkt\/crocs-dylan-clog-schwarz-209366-001\/","title":{"rendered":"Crocs Dylan Clog &#8218;Schwarz&#8216; 209366-001"},"content":{"rendered":"<p>Wir stellen Ihnen den Crocs Dylan Clog in elegantem Schwarz vor, die perfekte Mischung aus Stil und Funktionalit\u00e4t. Diese aus Croslite\u2122-Material gefertigten Clogs bieten un\u00fcbertroffenen Komfort und D\u00e4mpfung. Das ikonische Crocs-Design sorgt f\u00fcr Atmungsaktivit\u00e4t und einfachen Tragekomfort und macht sie ideal f\u00fcr Indoor- und Outdoor-Abenteuer. Mit ihrem vielseitigen Design erg\u00e4nzt der Dylan Clog jede Freizeitgarderobe und verleiht Ihrem Alltagslook einen Hauch von Komfort und Stil.<\/p>\n<ul>\n<li><strong>Farbgebung:<\/strong> Black<\/li>\n<li><strong>Stilcode:<\/strong> 209366-001<\/li>\n<li><strong>Obermaterial:<\/strong> Croslite<\/li>\n<li><strong>Farbe:<\/strong> Black<\/li>\n<li><strong>Saison:<\/strong> Summer<\/li>\n<li><strong>Erscheinungsjahr:<\/strong> 2023<\/li>\n<\/ul>\n","protected":false},"excerpt":{"rendered":"<p>Wir stellen Ihnen den Crocs Dylan Clog in elegantem Schwarz vor, die perfekte Mischung aus Stil und Funktionalit\u00e4t. Diese aus Croslite\u2122-Material gefertigten Clogs bieten un\u00fcbertroffenen Komfort und D\u00e4mpfung. Das ikonische Crocs-Design sorgt f\u00fcr Atmungsaktivit\u00e4t und einfachen Tragekomfort und macht sie ideal f\u00fcr Indoor- und Outdoor-Abenteuer. Mit ihrem vielseitigen Design erg\u00e4nzt der Dylan Clog jede Freizeitgarderobe [&hellip;]<\/p>\n","protected":false},"featured_media":364971,"comment_status":"closed","ping_status":"closed","template":"","meta":[],"product_brand":[],"product_cat":[20025],"product_tag":[12310,10923,19642,20026,18431,10756],"class_list":{"0":"post-364512","1":"product","2":"type-product","3":"status-publish","4":"has-post-thumbnail","6":"product_cat-crocs","7":"product_tag-best-seller","8":"product_tag-casual-sandals","9":"product_tag-clogs","10":"product_tag-crocs","11":"product_tag-geschenkidee-fuer-ihn","12":"product_tag-lifestyle-casual-shoes","14":"first","15":"instock","16":"taxable","17":"shipping-taxable","18":"purchasable","19":"product-type-simple"},"wcpa_form_fields":null,"_links":{"self":[{"href":"https:\/\/moroen.com\/de\/wp-json\/wp\/v2\/product\/364512","targetHints":{"allow":["GET"]}}],"collection":[{"href":"https:\/\/moroen.com\/de\/wp-json\/wp\/v2\/product"}],"about":[{"href":"https:\/\/moroen.com\/de\/wp-json\/wp\/v2\/types\/product"}],"replies":[{"embeddable":true,"href":"https:\/\/moroen.com\/de\/wp-json\/wp\/v2\/comments?post=364512"}],"wp:featuredmedia":[{"embeddable":true,"href":"https:\/\/moroen.com\/de\/wp-json\/wp\/v2\/media\/364971"}],"wp:attachment":[{"href":"https:\/\/moroen.com\/de\/wp-json\/wp\/v2\/media?parent=364512"}],"wp:term":[{"taxonomy":"product_brand","embeddable":true,"href":"https:\/\/moroen.com\/de\/wp-json\/wp\/v2\/product_brand?post=364512"},{"taxonomy":"product_cat","embeddable":true,"href":"https:\/\/moroen.com\/de\/wp-json\/wp\/v2\/product_cat?post=364512"},{"taxonomy":"product_tag","embeddable":true,"href":"https:\/\/moroen.com\/de\/wp-json\/wp\/v2\/product_tag?post=364512"}],"curies":[{"name":"wp","href":"https:\/\/api.w.org\/{rel}","templated":true}]}}