{"id":364516,"date":"2026-04-20T01:33:27","date_gmt":"2026-04-19T18:33:27","guid":{"rendered":"https:\/\/moroen.com\/de\/?p=364516"},"modified":"2026-04-20T01:33:27","modified_gmt":"2026-04-19T18:33:27","slug":"crocs-dylan-clog-cognac-209366-21n","status":"publish","type":"product","link":"https:\/\/moroen.com\/de\/produkt\/crocs-dylan-clog-cognac-209366-21n\/","title":{"rendered":"Crocs Dylan Clog &#8216;Cognac&#8217; 209366-21N"},"content":{"rendered":"<p>Schl\u00fcpfen Sie in m\u00fchelosen Stil mit dem Crocs Dylan Clog \u201eCognac\u201c! Diese aus Croslite-Material gefertigten Clogs bieten unvergleichlichen Komfort und Haltbarkeit. Sein minimalistisches Design und der erdige \u201eCognac\u201c-Farbton machen ihn perfekt f\u00fcr Freizeitkleidung, w\u00e4hrend seine Croslite-Au\u00dfensohle f\u00fcr au\u00dfergew\u00f6hnliche Traktion sorgt. Genie\u00dfen Sie den ganzen Tag Komfort mit Crocs Dylan Clog \u2013 eine stilvolle und praktische Wahl f\u00fcr Ihre Garderobe.<\/p>\n<ul>\n<li><strong>Farbgebung:<\/strong> Cognac<\/li>\n<li><strong>Stilcode:<\/strong> 209366-21N<\/li>\n<li><strong>Obermaterial:<\/strong> Croslite<\/li>\n<li><strong>Farbe:<\/strong> Brown<\/li>\n<li><strong>Saison:<\/strong> Summer<\/li>\n<li><strong>Erscheinungsjahr:<\/strong> 2023<\/li>\n<\/ul>\n","protected":false},"excerpt":{"rendered":"<p>Schl\u00fcpfen Sie in m\u00fchelosen Stil mit dem Crocs Dylan Clog \u201eCognac\u201c! Diese aus Croslite-Material gefertigten Clogs bieten unvergleichlichen Komfort und Haltbarkeit. Sein minimalistisches Design und der erdige \u201eCognac\u201c-Farbton machen ihn perfekt f\u00fcr Freizeitkleidung, w\u00e4hrend seine Croslite-Au\u00dfensohle f\u00fcr au\u00dfergew\u00f6hnliche Traktion sorgt. Genie\u00dfen Sie den ganzen Tag Komfort mit Crocs Dylan Clog \u2013 eine stilvolle und praktische [&hellip;]<\/p>\n","protected":false},"featured_media":364992,"comment_status":"closed","ping_status":"closed","template":"","meta":[],"product_brand":[],"product_cat":[20025],"product_tag":[10923,19642,20026,18431,10756,18411],"class_list":{"0":"post-364516","1":"product","2":"type-product","3":"status-publish","4":"has-post-thumbnail","6":"product_cat-crocs","7":"product_tag-casual-sandals","8":"product_tag-clogs","9":"product_tag-crocs","10":"product_tag-geschenkidee-fuer-ihn","11":"product_tag-lifestyle-casual-shoes","12":"product_tag-unter-dem-regulaeren-preis","14":"first","15":"instock","16":"taxable","17":"shipping-taxable","18":"purchasable","19":"product-type-simple"},"wcpa_form_fields":null,"_links":{"self":[{"href":"https:\/\/moroen.com\/de\/wp-json\/wp\/v2\/product\/364516","targetHints":{"allow":["GET"]}}],"collection":[{"href":"https:\/\/moroen.com\/de\/wp-json\/wp\/v2\/product"}],"about":[{"href":"https:\/\/moroen.com\/de\/wp-json\/wp\/v2\/types\/product"}],"replies":[{"embeddable":true,"href":"https:\/\/moroen.com\/de\/wp-json\/wp\/v2\/comments?post=364516"}],"wp:featuredmedia":[{"embeddable":true,"href":"https:\/\/moroen.com\/de\/wp-json\/wp\/v2\/media\/364992"}],"wp:attachment":[{"href":"https:\/\/moroen.com\/de\/wp-json\/wp\/v2\/media?parent=364516"}],"wp:term":[{"taxonomy":"product_brand","embeddable":true,"href":"https:\/\/moroen.com\/de\/wp-json\/wp\/v2\/product_brand?post=364516"},{"taxonomy":"product_cat","embeddable":true,"href":"https:\/\/moroen.com\/de\/wp-json\/wp\/v2\/product_cat?post=364516"},{"taxonomy":"product_tag","embeddable":true,"href":"https:\/\/moroen.com\/de\/wp-json\/wp\/v2\/product_tag?post=364516"}],"curies":[{"name":"wp","href":"https:\/\/api.w.org\/{rel}","templated":true}]}}