{"id":365147,"date":"2026-04-20T01:33:27","date_gmt":"2026-04-19T18:33:27","guid":{"rendered":"https:\/\/moroen.com\/de\/?p=365147"},"modified":"2026-04-20T01:33:27","modified_gmt":"2026-04-19T18:33:27","slug":"crocs-echo-wave-chalk-210521-0wv","status":"publish","type":"product","link":"https:\/\/moroen.com\/de\/produkt\/crocs-echo-wave-chalk-210521-0wv\/","title":{"rendered":"Crocs Echo Wave \u201eChalk\u201c 210521-0WV"},"content":{"rendered":"<p>Erleben Sie die perfekte Mischung aus Komfort und modernem Stil mit dem Crocs Echo Wave \u201eChalk\u201c, der f\u00fcr ganzt\u00e4giges Tragen und m\u00fchelose Vielseitigkeit konzipiert ist.<\/p>\n<ul>\n<li><strong>Farbgebung:<\/strong> Chalk<\/li>\n<li><strong>Stilcode:<\/strong> 210521-0WV<\/li>\n<li><strong>Obermaterial:<\/strong> Croslite<\/li>\n<li><strong>Farbe:<\/strong> Beige<\/li>\n<li><strong>Saison:<\/strong> Summer<\/li>\n<li><strong>Erscheinungsjahr:<\/strong> 2025<\/li>\n<\/ul>\n","protected":false},"excerpt":{"rendered":"<p>Erleben Sie die perfekte Mischung aus Komfort und modernem Stil mit dem Crocs Echo Wave \u201eChalk\u201c, der f\u00fcr ganzt\u00e4giges Tragen und m\u00fchelose Vielseitigkeit konzipiert ist. Farbgebung: Chalk Stilcode: 210521-0WV Obermaterial: Croslite Farbe: Beige Saison: Summer Erscheinungsjahr: 2025<\/p>\n","protected":false},"featured_media":365557,"comment_status":"closed","ping_status":"closed","template":"","meta":[],"product_brand":[],"product_cat":[20025],"product_tag":[10923,19642,20026,10756],"class_list":{"0":"post-365147","1":"product","2":"type-product","3":"status-publish","4":"has-post-thumbnail","6":"product_cat-crocs","7":"product_tag-casual-sandals","8":"product_tag-clogs","9":"product_tag-crocs","10":"product_tag-lifestyle-casual-shoes","12":"first","13":"instock","14":"taxable","15":"shipping-taxable","16":"purchasable","17":"product-type-simple"},"wcpa_form_fields":null,"_links":{"self":[{"href":"https:\/\/moroen.com\/de\/wp-json\/wp\/v2\/product\/365147","targetHints":{"allow":["GET"]}}],"collection":[{"href":"https:\/\/moroen.com\/de\/wp-json\/wp\/v2\/product"}],"about":[{"href":"https:\/\/moroen.com\/de\/wp-json\/wp\/v2\/types\/product"}],"replies":[{"embeddable":true,"href":"https:\/\/moroen.com\/de\/wp-json\/wp\/v2\/comments?post=365147"}],"wp:featuredmedia":[{"embeddable":true,"href":"https:\/\/moroen.com\/de\/wp-json\/wp\/v2\/media\/365557"}],"wp:attachment":[{"href":"https:\/\/moroen.com\/de\/wp-json\/wp\/v2\/media?parent=365147"}],"wp:term":[{"taxonomy":"product_brand","embeddable":true,"href":"https:\/\/moroen.com\/de\/wp-json\/wp\/v2\/product_brand?post=365147"},{"taxonomy":"product_cat","embeddable":true,"href":"https:\/\/moroen.com\/de\/wp-json\/wp\/v2\/product_cat?post=365147"},{"taxonomy":"product_tag","embeddable":true,"href":"https:\/\/moroen.com\/de\/wp-json\/wp\/v2\/product_tag?post=365147"}],"curies":[{"name":"wp","href":"https:\/\/api.w.org\/{rel}","templated":true}]}}