{"id":365174,"date":"2026-04-20T01:33:27","date_gmt":"2026-04-19T18:33:27","guid":{"rendered":"https:\/\/moroen.com\/de\/?p=365174"},"modified":"2026-04-20T01:33:27","modified_gmt":"2026-04-19T18:33:27","slug":"converse-chuck-taylor-all-star-totally-neutral-a06565c","status":"publish","type":"product","link":"https:\/\/moroen.com\/de\/produkt\/converse-chuck-taylor-all-star-totally-neutral-a06565c\/","title":{"rendered":"Converse Chuck Taylor All Star \u201eTotally Neutral\u201c A06565C"},"content":{"rendered":"<p>Wir stellen Ihnen die Converse Chuck Taylor All Star \u201eTotally Neutral\u201c-Sneaker vor, bei denen ikonischer Stil auf un\u00fcbertroffenen Komfort trifft. Diese aus hochwertigem Canvas in einem vielseitigen Beigeton gefertigten Sneaker sorgen f\u00fcr einen zeitlosen und m\u00fchelosen Look. Die klassische Chuck Taylor-Silhouette verf\u00fcgt \u00fcber eine strapazierf\u00e4hige Gummiau\u00dfensohle f\u00fcr zuverl\u00e4ssige Traktion, w\u00e4hrend das OrthoLite-Fu\u00dfbett f\u00fcr ganzt\u00e4gige D\u00e4mpfung sorgt. Werten Sie Ihre Garderobe mit der perfekten Mischung aus Mode und Funktionalit\u00e4t auf, mit den Converse Chuck Taylor All Star \u201eTotally Neutral\u201c-Sneakern.<\/p>\n<ul>\n<li><strong>Farbgebung:<\/strong> Totally Neutral<\/li>\n<li><strong>Stilcode:<\/strong> A06565C<\/li>\n<li><strong>Farbe:<\/strong> Grey<\/li>\n<\/ul>\n","protected":false},"excerpt":{"rendered":"<p>Wir stellen Ihnen die Converse Chuck Taylor All Star \u201eTotally Neutral\u201c-Sneaker vor, bei denen ikonischer Stil auf un\u00fcbertroffenen Komfort trifft. Diese aus hochwertigem Canvas in einem vielseitigen Beigeton gefertigten Sneaker sorgen f\u00fcr einen zeitlosen und m\u00fchelosen Look. Die klassische Chuck Taylor-Silhouette verf\u00fcgt \u00fcber eine strapazierf\u00e4hige Gummiau\u00dfensohle f\u00fcr zuverl\u00e4ssige Traktion, w\u00e4hrend das OrthoLite-Fu\u00dfbett f\u00fcr ganzt\u00e4gige D\u00e4mpfung [&hellip;]<\/p>\n","protected":false},"featured_media":365719,"comment_status":"closed","ping_status":"closed","template":"","meta":[],"product_brand":[],"product_cat":[20041],"product_tag":[10750,20042,18431,10756,10814,10858,18411],"class_list":{"0":"post-365174","1":"product","2":"type-product","3":"status-publish","4":"has-post-thumbnail","6":"product_cat-converse","7":"product_tag-athleisure-shoes","8":"product_tag-converse","9":"product_tag-geschenkidee-fuer-ihn","10":"product_tag-lifestyle-casual-shoes","11":"product_tag-lifestyle-shoes-basketball-inspired","12":"product_tag-retro-casual-shoes","13":"product_tag-unter-dem-regulaeren-preis","15":"first","16":"instock","17":"taxable","18":"shipping-taxable","19":"purchasable","20":"product-type-simple"},"wcpa_form_fields":null,"_links":{"self":[{"href":"https:\/\/moroen.com\/de\/wp-json\/wp\/v2\/product\/365174","targetHints":{"allow":["GET"]}}],"collection":[{"href":"https:\/\/moroen.com\/de\/wp-json\/wp\/v2\/product"}],"about":[{"href":"https:\/\/moroen.com\/de\/wp-json\/wp\/v2\/types\/product"}],"replies":[{"embeddable":true,"href":"https:\/\/moroen.com\/de\/wp-json\/wp\/v2\/comments?post=365174"}],"wp:featuredmedia":[{"embeddable":true,"href":"https:\/\/moroen.com\/de\/wp-json\/wp\/v2\/media\/365719"}],"wp:attachment":[{"href":"https:\/\/moroen.com\/de\/wp-json\/wp\/v2\/media?parent=365174"}],"wp:term":[{"taxonomy":"product_brand","embeddable":true,"href":"https:\/\/moroen.com\/de\/wp-json\/wp\/v2\/product_brand?post=365174"},{"taxonomy":"product_cat","embeddable":true,"href":"https:\/\/moroen.com\/de\/wp-json\/wp\/v2\/product_cat?post=365174"},{"taxonomy":"product_tag","embeddable":true,"href":"https:\/\/moroen.com\/de\/wp-json\/wp\/v2\/product_tag?post=365174"}],"curies":[{"name":"wp","href":"https:\/\/api.w.org\/{rel}","templated":true}]}}