{"id":365819,"date":"2026-04-20T01:33:27","date_gmt":"2026-04-19T18:33:27","guid":{"rendered":"https:\/\/moroen.com\/de\/?p=365819"},"modified":"2026-04-20T01:33:27","modified_gmt":"2026-04-19T18:33:27","slug":"vans-trek-slip-on-schwarz-vn0a5hf8blk","status":"publish","type":"product","link":"https:\/\/moroen.com\/de\/produkt\/vans-trek-slip-on-schwarz-vn0a5hf8blk\/","title":{"rendered":"Vans Trek Slip-On \u201eSchwarz\u201c VN0A5HF8BLK"},"content":{"rendered":"<p>Der Vans Trek Slip-On Black ist ein stylischer und vielseitiger Schuh der renommierten Marke Vans. Seine elegante schwarze Farbe verleiht jedem Outfit einen Hauch von Eleganz. Schl\u00fcpfen Sie in diese bequemen und langlebigen Slipper, perfekt f\u00fcr den Alltag oder f\u00fcr Ausfl\u00fcge in die Natur.<\/p>\n<ul>\n<li><strong>Farbgebung:<\/strong> Black\/Black<\/li>\n<li><strong>Stilcode:<\/strong> VN0A5HF8BLK<\/li>\n<li><strong>Obermaterial:<\/strong> TPU<\/li>\n<li><strong>Farbe:<\/strong> Black<\/li>\n<li><strong>Designer:<\/strong> Paul Van Doren<\/li>\n<li><strong>Saison:<\/strong> Summer<\/li>\n<\/ul>\n","protected":false},"excerpt":{"rendered":"<p>Der Vans Trek Slip-On Black ist ein stylischer und vielseitiger Schuh der renommierten Marke Vans. Seine elegante schwarze Farbe verleiht jedem Outfit einen Hauch von Eleganz. Schl\u00fcpfen Sie in diese bequemen und langlebigen Slipper, perfekt f\u00fcr den Alltag oder f\u00fcr Ausfl\u00fcge in die Natur. Farbgebung: Black\/Black Stilcode: VN0A5HF8BLK Obermaterial: TPU Farbe: Black Designer: Paul Van [&hellip;]<\/p>\n","protected":false},"featured_media":366091,"comment_status":"closed","ping_status":"closed","template":"","meta":[],"product_brand":[],"product_cat":[19794],"product_tag":[10750,12310,11358,18431,10756,10961,10858,19795],"class_list":{"0":"post-365819","1":"product","2":"type-product","3":"status-publish","4":"has-post-thumbnail","6":"product_cat-vans","7":"product_tag-athleisure-shoes","8":"product_tag-best-seller","9":"product_tag-gallery-look","10":"product_tag-geschenkidee-fuer-ihn","11":"product_tag-lifestyle-casual-shoes","12":"product_tag-lifestyle-shoes-skateboarding-inspired","13":"product_tag-retro-casual-shoes","14":"product_tag-vans","16":"first","17":"instock","18":"taxable","19":"shipping-taxable","20":"purchasable","21":"product-type-simple"},"wcpa_form_fields":null,"_links":{"self":[{"href":"https:\/\/moroen.com\/de\/wp-json\/wp\/v2\/product\/365819","targetHints":{"allow":["GET"]}}],"collection":[{"href":"https:\/\/moroen.com\/de\/wp-json\/wp\/v2\/product"}],"about":[{"href":"https:\/\/moroen.com\/de\/wp-json\/wp\/v2\/types\/product"}],"replies":[{"embeddable":true,"href":"https:\/\/moroen.com\/de\/wp-json\/wp\/v2\/comments?post=365819"}],"wp:featuredmedia":[{"embeddable":true,"href":"https:\/\/moroen.com\/de\/wp-json\/wp\/v2\/media\/366091"}],"wp:attachment":[{"href":"https:\/\/moroen.com\/de\/wp-json\/wp\/v2\/media?parent=365819"}],"wp:term":[{"taxonomy":"product_brand","embeddable":true,"href":"https:\/\/moroen.com\/de\/wp-json\/wp\/v2\/product_brand?post=365819"},{"taxonomy":"product_cat","embeddable":true,"href":"https:\/\/moroen.com\/de\/wp-json\/wp\/v2\/product_cat?post=365819"},{"taxonomy":"product_tag","embeddable":true,"href":"https:\/\/moroen.com\/de\/wp-json\/wp\/v2\/product_tag?post=365819"}],"curies":[{"name":"wp","href":"https:\/\/api.w.org\/{rel}","templated":true}]}}