{"id":365833,"date":"2026-04-20T01:33:27","date_gmt":"2026-04-19T18:33:27","guid":{"rendered":"https:\/\/moroen.com\/de\/?p=365833"},"modified":"2026-04-20T01:33:27","modified_gmt":"2026-04-19T18:33:27","slug":"damen-converse-chuck-70-high-split-upper-jacquard-camo-a01704c","status":"publish","type":"product","link":"https:\/\/moroen.com\/de\/produkt\/damen-converse-chuck-70-high-split-upper-jacquard-camo-a01704c\/","title":{"rendered":"(Damen) Converse Chuck 70 High \u201eSplit Upper \u2013 Jacquard Camo\u201c A01704C"},"content":{"rendered":"<p>Verbessern Sie Ihren Stil mit dem Converse Chuck 70 High \u201eSplit Upper \u2013 Jacquard Camo\u201c A01704C. Dieser ikonische Sneaker vereint klassischen Charme mit modernem Flair und verf\u00fcgt \u00fcber ein markantes Design mit geteiltem Obermaterial in auff\u00e4lligem Jacquard-Camouflage, das daf\u00fcr sorgt, dass Sie auffallen. Die auf Komfort ausgelegte OrthoLite-Polsterung und das strapazierf\u00e4hige Canvas versprechen ganzt\u00e4gigen Tragekomfort. Ganz gleich, ob Sie auf der Stra\u00dfe unterwegs sind oder Ihrem Outfit ein Statement verleihen, dieser weltweite Favorit verbindet zeitlose Vielseitigkeit mit abenteuerlicher Mode. Perfekt f\u00fcr den Trend<\/p>\n<ul>\n<li><strong>Farbgebung:<\/strong> Sand Dune\/Dark Raisin\/Egret<\/li>\n<li><strong>Stilcode:<\/strong> A01704C<\/li>\n<li><strong>Obermaterial:<\/strong> Jacquard<\/li>\n<li><strong>Farbe:<\/strong> Brown<\/li>\n<li><strong>Designer:<\/strong> Marquis Mills<\/li>\n<li><strong>Saison:<\/strong> Summer<\/li>\n<li><strong>Erscheinungsjahr:<\/strong> 2022<\/li>\n<\/ul>\n","protected":false},"excerpt":{"rendered":"<p>Verbessern Sie Ihren Stil mit dem Converse Chuck 70 High \u201eSplit Upper \u2013 Jacquard Camo\u201c A01704C. Dieser ikonische Sneaker vereint klassischen Charme mit modernem Flair und verf\u00fcgt \u00fcber ein markantes Design mit geteiltem Obermaterial in auff\u00e4lligem Jacquard-Camouflage, das daf\u00fcr sorgt, dass Sie auffallen. Die auf Komfort ausgelegte OrthoLite-Polsterung und das strapazierf\u00e4hige Canvas versprechen ganzt\u00e4gigen Tragekomfort. [&hellip;]<\/p>\n","protected":false},"featured_media":366171,"comment_status":"closed","ping_status":"closed","template":"","meta":[],"product_brand":[],"product_cat":[20041],"product_tag":[10750,20042,21030,18453,10756,10814,10858],"class_list":{"0":"post-365833","1":"product","2":"type-product","3":"status-publish","4":"has-post-thumbnail","6":"product_cat-converse","7":"product_tag-athleisure-shoes","8":"product_tag-converse","9":"product_tag-converse-running-shoes","10":"product_tag-geschenkidee-fuer-sie","11":"product_tag-lifestyle-casual-shoes","12":"product_tag-lifestyle-shoes-basketball-inspired","13":"product_tag-retro-casual-shoes","15":"first","16":"instock","17":"taxable","18":"shipping-taxable","19":"purchasable","20":"product-type-simple"},"wcpa_form_fields":null,"_links":{"self":[{"href":"https:\/\/moroen.com\/de\/wp-json\/wp\/v2\/product\/365833","targetHints":{"allow":["GET"]}}],"collection":[{"href":"https:\/\/moroen.com\/de\/wp-json\/wp\/v2\/product"}],"about":[{"href":"https:\/\/moroen.com\/de\/wp-json\/wp\/v2\/types\/product"}],"replies":[{"embeddable":true,"href":"https:\/\/moroen.com\/de\/wp-json\/wp\/v2\/comments?post=365833"}],"wp:featuredmedia":[{"embeddable":true,"href":"https:\/\/moroen.com\/de\/wp-json\/wp\/v2\/media\/366171"}],"wp:attachment":[{"href":"https:\/\/moroen.com\/de\/wp-json\/wp\/v2\/media?parent=365833"}],"wp:term":[{"taxonomy":"product_brand","embeddable":true,"href":"https:\/\/moroen.com\/de\/wp-json\/wp\/v2\/product_brand?post=365833"},{"taxonomy":"product_cat","embeddable":true,"href":"https:\/\/moroen.com\/de\/wp-json\/wp\/v2\/product_cat?post=365833"},{"taxonomy":"product_tag","embeddable":true,"href":"https:\/\/moroen.com\/de\/wp-json\/wp\/v2\/product_tag?post=365833"}],"curies":[{"name":"wp","href":"https:\/\/api.w.org\/{rel}","templated":true}]}}