{"id":365881,"date":"2026-04-20T01:33:27","date_gmt":"2026-04-19T18:33:27","guid":{"rendered":"https:\/\/moroen.com\/de\/?p=365881"},"modified":"2026-04-20T01:33:27","modified_gmt":"2026-04-19T18:33:27","slug":"damen-adidas-ozweego-clear-pink-fx6094","status":"publish","type":"product","link":"https:\/\/moroen.com\/de\/produkt\/damen-adidas-ozweego-clear-pink-fx6094\/","title":{"rendered":"(Damen) adidas Ozweego \u201eClear Pink\u201c FX6094"},"content":{"rendered":"<p>Treten Sie mit dem adidas Ozweego \u201eClear Pink\u201c FX6094 in den Streetstyle-Star ein. Mit einem halbtransparenten Mesh-Obermaterial in einem faszinierenden Rosaton verk\u00f6rpern diese futuristischen Sneaker urbanes Flair. Aufgestickte Drei-Streifen sorgen f\u00fcr einen Hauch sportlicher Tradition, w\u00e4hrend die dicke Adiprene-D\u00e4mpfung f\u00fcr ganzt\u00e4gigen Komfort sorgt. Erweitern Sie Ihr Sneaker-Spiel mit dem Ozweego \u201eClear Pink\u201c, bei dem Komfort auf modernstes Design trifft.<\/p>\n<ul>\n<li><strong>Farbgebung:<\/strong> Clear Pink\/Clear Pink\/Clear Pink<\/li>\n<li><strong>Stilcode:<\/strong> FX6094<\/li>\n<li><strong>Obermaterial:<\/strong> Mesh<\/li>\n<li><strong>Farbe:<\/strong> Pink<\/li>\n<li><strong>Saison:<\/strong> All Season<\/li>\n<\/ul>\n","protected":false},"excerpt":{"rendered":"<p>Treten Sie mit dem adidas Ozweego \u201eClear Pink\u201c FX6094 in den Streetstyle-Star ein. Mit einem halbtransparenten Mesh-Obermaterial in einem faszinierenden Rosaton verk\u00f6rpern diese futuristischen Sneaker urbanes Flair. Aufgestickte Drei-Streifen sorgen f\u00fcr einen Hauch sportlicher Tradition, w\u00e4hrend die dicke Adiprene-D\u00e4mpfung f\u00fcr ganzt\u00e4gigen Komfort sorgt. Erweitern Sie Ihr Sneaker-Spiel mit dem Ozweego \u201eClear Pink\u201c, bei dem Komfort [&hellip;]<\/p>\n","protected":false},"featured_media":366498,"comment_status":"closed","ping_status":"closed","template":"","meta":[],"product_brand":[],"product_cat":[10791],"product_tag":[10789,10750,18453,10756,10758,10763,18411],"class_list":{"0":"post-365881","1":"product","2":"type-product","3":"status-publish","4":"has-post-thumbnail","6":"product_cat-adidas","7":"product_tag-adidas","8":"product_tag-athleisure-shoes","9":"product_tag-geschenkidee-fuer-sie","10":"product_tag-lifestyle-casual-shoes","11":"product_tag-lifestyle-shoes-running-inspired","12":"product_tag-retro-running-shoes","13":"product_tag-unter-dem-regulaeren-preis","15":"first","16":"instock","17":"taxable","18":"shipping-taxable","19":"purchasable","20":"product-type-simple"},"wcpa_form_fields":null,"_links":{"self":[{"href":"https:\/\/moroen.com\/de\/wp-json\/wp\/v2\/product\/365881","targetHints":{"allow":["GET"]}}],"collection":[{"href":"https:\/\/moroen.com\/de\/wp-json\/wp\/v2\/product"}],"about":[{"href":"https:\/\/moroen.com\/de\/wp-json\/wp\/v2\/types\/product"}],"replies":[{"embeddable":true,"href":"https:\/\/moroen.com\/de\/wp-json\/wp\/v2\/comments?post=365881"}],"wp:featuredmedia":[{"embeddable":true,"href":"https:\/\/moroen.com\/de\/wp-json\/wp\/v2\/media\/366498"}],"wp:attachment":[{"href":"https:\/\/moroen.com\/de\/wp-json\/wp\/v2\/media?parent=365881"}],"wp:term":[{"taxonomy":"product_brand","embeddable":true,"href":"https:\/\/moroen.com\/de\/wp-json\/wp\/v2\/product_brand?post=365881"},{"taxonomy":"product_cat","embeddable":true,"href":"https:\/\/moroen.com\/de\/wp-json\/wp\/v2\/product_cat?post=365881"},{"taxonomy":"product_tag","embeddable":true,"href":"https:\/\/moroen.com\/de\/wp-json\/wp\/v2\/product_tag?post=365881"}],"curies":[{"name":"wp","href":"https:\/\/api.w.org\/{rel}","templated":true}]}}