{"id":366619,"date":"2026-04-20T01:33:27","date_gmt":"2026-04-19T18:33:27","guid":{"rendered":"https:\/\/moroen.com\/de\/?p=366619"},"modified":"2026-04-20T01:33:27","modified_gmt":"2026-04-19T18:33:27","slug":"vans-authentic-multi-color-vn0a5krduuw","status":"publish","type":"product","link":"https:\/\/moroen.com\/de\/produkt\/vans-authentic-multi-color-vn0a5krduuw\/","title":{"rendered":"Vans Authentic \u201eMulti Color\u201c VN0A5KRDUUW"},"content":{"rendered":"<p>Verleihen Sie Ihrer Garderobe einen Hauch von Farbe mit Vans Authentic \u201eMulti Color\u201c VN0A5KRDUUW. Dieser klassische Sneaker verf\u00fcgt \u00fcber eine lebendige Farbpalette auf seinem strapazierf\u00e4higen Canvas-Obermaterial und bietet einen einzigartigen und auff\u00e4lligen Stil. Die charakteristische Gummi-Waffel-Au\u00dfensohle bietet au\u00dfergew\u00f6hnlichen Halt und Halt, w\u00e4hrend der gepolsterte Kragen den ganzen Tag \u00fcber f\u00fcr Komfort sorgt. Diese Vans Authentic-Sneaker eignen sich perfekt f\u00fcr Freizeitkleidung oder verleihen jedem Outfit einen Hauch von Farbe und sind ein Muss f\u00fcr modebewusste Menschen.<\/p>\n<ul>\n<li><strong>Farbgebung:<\/strong> Multi-Color<\/li>\n<li><strong>Stilcode:<\/strong> VN0A5KRDUUW<\/li>\n<li><strong>Farbe:<\/strong> Black<\/li>\n<\/ul>\n","protected":false},"excerpt":{"rendered":"<p>Verleihen Sie Ihrer Garderobe einen Hauch von Farbe mit Vans Authentic \u201eMulti Color\u201c VN0A5KRDUUW. Dieser klassische Sneaker verf\u00fcgt \u00fcber eine lebendige Farbpalette auf seinem strapazierf\u00e4higen Canvas-Obermaterial und bietet einen einzigartigen und auff\u00e4lligen Stil. Die charakteristische Gummi-Waffel-Au\u00dfensohle bietet au\u00dfergew\u00f6hnlichen Halt und Halt, w\u00e4hrend der gepolsterte Kragen den ganzen Tag \u00fcber f\u00fcr Komfort sorgt. Diese Vans Authentic-Sneaker [&hellip;]<\/p>\n","protected":false},"featured_media":367276,"comment_status":"closed","ping_status":"closed","template":"","meta":[],"product_brand":[],"product_cat":[19794],"product_tag":[10750,18431,10756,10961,10858,19795],"class_list":{"0":"post-366619","1":"product","2":"type-product","3":"status-publish","4":"has-post-thumbnail","6":"product_cat-vans","7":"product_tag-athleisure-shoes","8":"product_tag-geschenkidee-fuer-ihn","9":"product_tag-lifestyle-casual-shoes","10":"product_tag-lifestyle-shoes-skateboarding-inspired","11":"product_tag-retro-casual-shoes","12":"product_tag-vans","14":"first","15":"instock","16":"taxable","17":"shipping-taxable","18":"purchasable","19":"product-type-simple"},"wcpa_form_fields":null,"_links":{"self":[{"href":"https:\/\/moroen.com\/de\/wp-json\/wp\/v2\/product\/366619","targetHints":{"allow":["GET"]}}],"collection":[{"href":"https:\/\/moroen.com\/de\/wp-json\/wp\/v2\/product"}],"about":[{"href":"https:\/\/moroen.com\/de\/wp-json\/wp\/v2\/types\/product"}],"replies":[{"embeddable":true,"href":"https:\/\/moroen.com\/de\/wp-json\/wp\/v2\/comments?post=366619"}],"wp:featuredmedia":[{"embeddable":true,"href":"https:\/\/moroen.com\/de\/wp-json\/wp\/v2\/media\/367276"}],"wp:attachment":[{"href":"https:\/\/moroen.com\/de\/wp-json\/wp\/v2\/media?parent=366619"}],"wp:term":[{"taxonomy":"product_brand","embeddable":true,"href":"https:\/\/moroen.com\/de\/wp-json\/wp\/v2\/product_brand?post=366619"},{"taxonomy":"product_cat","embeddable":true,"href":"https:\/\/moroen.com\/de\/wp-json\/wp\/v2\/product_cat?post=366619"},{"taxonomy":"product_tag","embeddable":true,"href":"https:\/\/moroen.com\/de\/wp-json\/wp\/v2\/product_tag?post=366619"}],"curies":[{"name":"wp","href":"https:\/\/api.w.org\/{rel}","templated":true}]}}