{"id":367324,"date":"2026-04-20T01:33:27","date_gmt":"2026-04-19T18:33:27","guid":{"rendered":"https:\/\/moroen.com\/de\/?p=367324"},"modified":"2026-04-20T01:33:27","modified_gmt":"2026-04-19T18:33:27","slug":"damen-ugg-lanah-clog-chestnut-1153516-che","status":"publish","type":"product","link":"https:\/\/moroen.com\/de\/produkt\/damen-ugg-lanah-clog-chestnut-1153516-che\/","title":{"rendered":"(Damen) UGG Lanah Clog \u201eChestnut\u201c 1153516-CHE"},"content":{"rendered":"<p>G\u00f6nnen Sie sich ultimativen Komfort und Stil mit dem UGG Lanah Clog \u201eChestnut\u201c! Diese modischen Clogs sind aus hochwertigem Wildleder gefertigt und verf\u00fcgen \u00fcber ein weiches UGGpure\u2122-Wollfutter, das Ihre F\u00fc\u00dfe den ganzen Tag lang kuschelig h\u00e4lt. Mit einer trendigen Silhouette, einer st\u00fctzenden EVA-Sohle und einem praktischen Slip-on-Design werten diese Clogs jedes Outfit m\u00fchelos auf. Erleben Sie den unvergleichlichen Komfort und die zeitlose Ausstrahlung von UGG mit dem Lanah Clog \u201eChestnut\u201c \u2013 die perfekte Verbindung von Mode und Funktion.<\/p>\n<ul>\n<li><strong>Farbgebung:<\/strong> Chestnut<\/li>\n<li><strong>Stilcode:<\/strong> 1153516-CHE<\/li>\n<li><strong>Farbe:<\/strong> Brown<\/li>\n<\/ul>\n","protected":false},"excerpt":{"rendered":"<p>G\u00f6nnen Sie sich ultimativen Komfort und Stil mit dem UGG Lanah Clog \u201eChestnut\u201c! Diese modischen Clogs sind aus hochwertigem Wildleder gefertigt und verf\u00fcgen \u00fcber ein weiches UGGpure\u2122-Wollfutter, das Ihre F\u00fc\u00dfe den ganzen Tag lang kuschelig h\u00e4lt. Mit einer trendigen Silhouette, einer st\u00fctzenden EVA-Sohle und einem praktischen Slip-on-Design werten diese Clogs jedes Outfit m\u00fchelos auf. Erleben [&hellip;]<\/p>\n","protected":false},"featured_media":367593,"comment_status":"closed","ping_status":"closed","template":"","meta":[],"product_brand":[],"product_cat":[15009],"product_tag":[15317,19642,18453,10756,15097,15181,18411],"class_list":{"0":"post-367324","1":"product","2":"type-product","3":"status-publish","4":"has-post-thumbnail","6":"product_cat-ugg","7":"product_tag-casual","8":"product_tag-clogs","9":"product_tag-geschenkidee-fuer-sie","10":"product_tag-lifestyle-casual-shoes","11":"product_tag-ugg","12":"product_tag-ugg-collection","13":"product_tag-unter-dem-regulaeren-preis","14":"wcpa_has_options","16":"first","17":"instock","18":"taxable","19":"shipping-taxable","20":"purchasable","21":"product-type-simple"},"wcpa_form_fields":{"rules":{"pric_overide_base_price":false,"pric_overide_base_price_if_gt_zero":false,"pric_overide_base_price_fully":false,"pric_cal_option_once":false,"pric_use_as_fee":false,"bind_quantity":false,"quantity_bind_formula":false},"fields":[{"type":"color-group","required":true,"elementId":"wcpa-color-group-69a5ad3fdca11","label":"Gr\u00f6\u00dfe","inline":true,"priceOptions":"different_for_all","pricingType":"fixed","className":"hassizechart product-shoes-size-eu product-shoes-size","name":"color-group-69a5ad3fdca1a","disp_type":"square","selection_type":"tick-border","disp_size":"50","show_label_inside":true,"adjust_width":true,"cart_display_type":"text","other_text":"Other","cl_rule":"show","col":6,"values":[{"label":"36","value":"EU 36","price":"","pimage":"","pimage_id":"","pthumb":"","color":"","selected":true},{"label":"37","value":"EU 37","price":"","pimage":"","pimage_id":"","pthumb":"","color":""},{"label":"37.5","value":"EU 37.5","price":"","pimage":"","pimage_id":"","pthumb":"","color":""},{"label":"38","value":"EU 38","price":"","pimage":"","pimage_id":"","pthumb":"","color":""},{"label":"38.5","value":"EU 38.5","price":"","pimage":"","pimage_id":"","pthumb":"","color":""},{"label":"39","value":"EU 39","price":"","pimage":"","pimage_id":"","pthumb":"","color":""},{"label":"40","value":"EU 40","price":"","pimage":"","pimage_id":"","pthumb":"","color":""},{"label":"40.5","value":"EU 40.5","price":"","pimage":"","pimage_id":"","pthumb":"","color":""},{"label":" 41.5","value":"EU 41.5","price":"","pimage":"","pimage_id":"","pthumb":"","color":""},{"label":"42","value":"EU 42","price":"","pimage":"","pimage_id":"","pthumb":"","color":""},{"label":"43","value":"EU 43","price":"","pimage":"","pimage_id":"","pthumb":"","color":""},{"label":"44","value":"EU 44","price":"","pimage":"","pimage_id":"","pthumb":"","color":""}],"relations":[{"operator":false,"rules":[]}],"form_id":184314,"form_rules":{"pric_cal_option_once":false,"exclude_from_discount":false,"pric_use_as_fee":false,"fee_label":"Fee","render_after_acb":false,"disp_hide_options_price":false}}]},"_links":{"self":[{"href":"https:\/\/moroen.com\/de\/wp-json\/wp\/v2\/product\/367324","targetHints":{"allow":["GET"]}}],"collection":[{"href":"https:\/\/moroen.com\/de\/wp-json\/wp\/v2\/product"}],"about":[{"href":"https:\/\/moroen.com\/de\/wp-json\/wp\/v2\/types\/product"}],"replies":[{"embeddable":true,"href":"https:\/\/moroen.com\/de\/wp-json\/wp\/v2\/comments?post=367324"}],"wp:featuredmedia":[{"embeddable":true,"href":"https:\/\/moroen.com\/de\/wp-json\/wp\/v2\/media\/367593"}],"wp:attachment":[{"href":"https:\/\/moroen.com\/de\/wp-json\/wp\/v2\/media?parent=367324"}],"wp:term":[{"taxonomy":"product_brand","embeddable":true,"href":"https:\/\/moroen.com\/de\/wp-json\/wp\/v2\/product_brand?post=367324"},{"taxonomy":"product_cat","embeddable":true,"href":"https:\/\/moroen.com\/de\/wp-json\/wp\/v2\/product_cat?post=367324"},{"taxonomy":"product_tag","embeddable":true,"href":"https:\/\/moroen.com\/de\/wp-json\/wp\/v2\/product_tag?post=367324"}],"curies":[{"name":"wp","href":"https:\/\/api.w.org\/{rel}","templated":true}]}}