{"id":368000,"date":"2026-04-20T01:33:27","date_gmt":"2026-04-19T18:33:27","guid":{"rendered":"https:\/\/moroen.com\/de\/?p=368000"},"modified":"2026-04-20T01:33:27","modified_gmt":"2026-04-19T18:33:27","slug":"puma-tarrenz-sb-schwarz-weiss-370551-01","status":"publish","type":"product","link":"https:\/\/moroen.com\/de\/produkt\/puma-tarrenz-sb-schwarz-weiss-370551-01\/","title":{"rendered":"Puma Tarrenz SB &#8216;Schwarz Wei\u00df&#8217; 370551-01"},"content":{"rendered":"<p>Erleben Sie ultimativen Komfort und Stil mit den Puma Tarrenz SB \u201eBlack White\u201c 370551-01 Sneakers. Mit einem eleganten Schwarz-Wei\u00df-Design verbinden diese Schuhe nahtlos moderne \u00c4sthetik mit klassischem Charme. Der Tarrenz SB ist aus hochwertigen Materialien f\u00fcr eine lange Lebensdauer gefertigt und bietet hervorragende D\u00e4mpfung und Unterst\u00fctzung. Das vielseitige Design macht es perfekt f\u00fcr jeden Anlass, egal ob Sie auf der Stra\u00dfe oder im Fitnessstudio sind. Verbessern Sie Ihr Schuhwerk mit Pumas charakteristischer Mischung aus Leistung und Mode.<\/p>\n<ul>\n<li><strong>Farbgebung:<\/strong> Black And White<\/li>\n<li><strong>Stilcode:<\/strong> 370551-01<\/li>\n<li><strong>Obermaterial:<\/strong> Leather<\/li>\n<li><strong>Farbe:<\/strong> Black<\/li>\n<li><strong>Saison:<\/strong> All Season<\/li>\n<\/ul>\n","protected":false},"excerpt":{"rendered":"<p>Erleben Sie ultimativen Komfort und Stil mit den Puma Tarrenz SB \u201eBlack White\u201c 370551-01 Sneakers. Mit einem eleganten Schwarz-Wei\u00df-Design verbinden diese Schuhe nahtlos moderne \u00c4sthetik mit klassischem Charme. Der Tarrenz SB ist aus hochwertigen Materialien f\u00fcr eine lange Lebensdauer gefertigt und bietet hervorragende D\u00e4mpfung und Unterst\u00fctzung. Das vielseitige Design macht es perfekt f\u00fcr jeden Anlass, [&hellip;]<\/p>\n","protected":false},"featured_media":368107,"comment_status":"closed","ping_status":"closed","template":"","meta":[],"product_brand":[],"product_cat":[19714],"product_tag":[18431,12563,19715,20219,10881,18411],"class_list":{"0":"post-368000","1":"product","2":"type-product","3":"status-publish","4":"has-post-thumbnail","6":"product_cat-puma","7":"product_tag-geschenkidee-fuer-ihn","8":"product_tag-performance-sportschuhe","9":"product_tag-puma","10":"product_tag-puma-skateboarding-shoes","11":"product_tag-skateboard-shoes","12":"product_tag-unter-dem-regulaeren-preis","14":"first","15":"instock","16":"taxable","17":"shipping-taxable","18":"purchasable","19":"product-type-simple"},"wcpa_form_fields":null,"_links":{"self":[{"href":"https:\/\/moroen.com\/de\/wp-json\/wp\/v2\/product\/368000","targetHints":{"allow":["GET"]}}],"collection":[{"href":"https:\/\/moroen.com\/de\/wp-json\/wp\/v2\/product"}],"about":[{"href":"https:\/\/moroen.com\/de\/wp-json\/wp\/v2\/types\/product"}],"replies":[{"embeddable":true,"href":"https:\/\/moroen.com\/de\/wp-json\/wp\/v2\/comments?post=368000"}],"wp:featuredmedia":[{"embeddable":true,"href":"https:\/\/moroen.com\/de\/wp-json\/wp\/v2\/media\/368107"}],"wp:attachment":[{"href":"https:\/\/moroen.com\/de\/wp-json\/wp\/v2\/media?parent=368000"}],"wp:term":[{"taxonomy":"product_brand","embeddable":true,"href":"https:\/\/moroen.com\/de\/wp-json\/wp\/v2\/product_brand?post=368000"},{"taxonomy":"product_cat","embeddable":true,"href":"https:\/\/moroen.com\/de\/wp-json\/wp\/v2\/product_cat?post=368000"},{"taxonomy":"product_tag","embeddable":true,"href":"https:\/\/moroen.com\/de\/wp-json\/wp\/v2\/product_tag?post=368000"}],"curies":[{"name":"wp","href":"https:\/\/api.w.org\/{rel}","templated":true}]}}