{"id":368002,"date":"2026-04-20T01:33:27","date_gmt":"2026-04-19T18:33:27","guid":{"rendered":"https:\/\/moroen.com\/de\/?p=368002"},"modified":"2026-04-20T01:33:27","modified_gmt":"2026-04-19T18:33:27","slug":"anta-light-cloud-schwarzblau-112345530-2","status":"publish","type":"product","link":"https:\/\/moroen.com\/de\/produkt\/anta-light-cloud-schwarzblau-112345530-2\/","title":{"rendered":"Anta Light Cloud &#8216;Schwarzblau&#8217; 112345530-2"},"content":{"rendered":"<p>Steigern Sie Ihre sportliche Leistung mit den Anta Light Cloud \u201eBlack White\u201c 112345530-2 Sneakers. Diese Premium-Schuhe wurden f\u00fcr ultimativen Komfort und Stil entwickelt und verf\u00fcgen \u00fcber ein leichtes Design und eine fortschrittliche D\u00e4mpfung, die beispiellosen Halt bei hochintensiven Aktivit\u00e4ten bieten. Die elegante Schwarz-Wei\u00df-Farbgebung verleiht einen Hauch moderner Eleganz und erg\u00e4nzt m\u00fchelos jedes Sport- oder Freizeitoutfit. Der Anta Light Cloud eignet sich perfekt zum Laufen, Training oder f\u00fcr den Alltag und sorgt daf\u00fcr, dass Sie mit Selbstvertrauen und Stil vorankommen.<\/p>\n<ul>\n<li><strong>Farbgebung:<\/strong> Black\/White\/Blue<\/li>\n<li><strong>Stilcode:<\/strong> 112345530-2<\/li>\n<li><strong>Farbe:<\/strong> Black<\/li>\n<\/ul>\n","protected":false},"excerpt":{"rendered":"<p>Steigern Sie Ihre sportliche Leistung mit den Anta Light Cloud \u201eBlack White\u201c 112345530-2 Sneakers. Diese Premium-Schuhe wurden f\u00fcr ultimativen Komfort und Stil entwickelt und verf\u00fcgen \u00fcber ein leichtes Design und eine fortschrittliche D\u00e4mpfung, die beispiellosen Halt bei hochintensiven Aktivit\u00e4ten bieten. Die elegante Schwarz-Wei\u00df-Farbgebung verleiht einen Hauch moderner Eleganz und erg\u00e4nzt m\u00fchelos jedes Sport- oder Freizeitoutfit. [&hellip;]<\/p>\n","protected":false},"featured_media":368117,"comment_status":"closed","ping_status":"closed","template":"","meta":[],"product_brand":[],"product_cat":[19910],"product_tag":[19911,18431,12564,10829,10777,12563],"class_list":{"0":"post-368002","1":"product","2":"type-product","3":"status-publish","4":"has-post-thumbnail","6":"product_cat-anta","7":"product_tag-anta","8":"product_tag-geschenkidee-fuer-ihn","9":"product_tag-laufschuhe","10":"product_tag-lightweight-running-shoes","11":"product_tag-performance-running-shoes","12":"product_tag-performance-sportschuhe","14":"first","15":"instock","16":"taxable","17":"shipping-taxable","18":"purchasable","19":"product-type-simple"},"wcpa_form_fields":null,"_links":{"self":[{"href":"https:\/\/moroen.com\/de\/wp-json\/wp\/v2\/product\/368002","targetHints":{"allow":["GET"]}}],"collection":[{"href":"https:\/\/moroen.com\/de\/wp-json\/wp\/v2\/product"}],"about":[{"href":"https:\/\/moroen.com\/de\/wp-json\/wp\/v2\/types\/product"}],"replies":[{"embeddable":true,"href":"https:\/\/moroen.com\/de\/wp-json\/wp\/v2\/comments?post=368002"}],"wp:featuredmedia":[{"embeddable":true,"href":"https:\/\/moroen.com\/de\/wp-json\/wp\/v2\/media\/368117"}],"wp:attachment":[{"href":"https:\/\/moroen.com\/de\/wp-json\/wp\/v2\/media?parent=368002"}],"wp:term":[{"taxonomy":"product_brand","embeddable":true,"href":"https:\/\/moroen.com\/de\/wp-json\/wp\/v2\/product_brand?post=368002"},{"taxonomy":"product_cat","embeddable":true,"href":"https:\/\/moroen.com\/de\/wp-json\/wp\/v2\/product_cat?post=368002"},{"taxonomy":"product_tag","embeddable":true,"href":"https:\/\/moroen.com\/de\/wp-json\/wp\/v2\/product_tag?post=368002"}],"curies":[{"name":"wp","href":"https:\/\/api.w.org\/{rel}","templated":true}]}}