{"id":368013,"date":"2026-04-20T01:33:27","date_gmt":"2026-04-19T18:33:27","guid":{"rendered":"https:\/\/moroen.com\/de\/?p=368013"},"modified":"2026-04-20T01:33:27","modified_gmt":"2026-04-19T18:33:27","slug":"the-north-face-nuptse-boot-brown-black-nf02273-bk","status":"publish","type":"product","link":"https:\/\/moroen.com\/de\/produkt\/the-north-face-nuptse-boot-brown-black-nf02273-bk\/","title":{"rendered":"The North Face Nuptse Boot &#8216;Brown Black&#8217; NF02273-BK"},"content":{"rendered":"<p>Wir stellen den Nuptse Boot von The North Face vor: das Nonplusultra der Winterschuhe! Mit wetterbest\u00e4ndigem Nylon und einer wasserdichten, atmungsaktiven Membran halten diese Stiefel Ihre F\u00fc\u00dfe unter allen Bedingungen trocken und warm. Die leichte Heatseeker\u2122 Eco-Isolierung sorgt f\u00fcr ein hervorragendes W\u00e4rme-Gewichts-Verh\u00e4ltnis, w\u00e4hrend das OrthoLite\u00ae-Fu\u00dfbett jeden Schritt d\u00e4mpft und unterst\u00fctzt. Die strapazierf\u00e4hige Gummiau\u00dfensohle garantiert Traktion auf eisigen und verschneiten Oberfl\u00e4chen und sorgt f\u00fcr einen sicheren und sicheren Schritt. Erleben Sie die ultimative Kombination aus W\u00e4rme, Komfort und Stil mit dem The North Face Nuptse Boot \u201eBrown Black\u201c.<\/p>\n<ul>\n<li><strong>Stilcode:<\/strong> NF02273-BK<\/li>\n<li><strong>Farbe:<\/strong> Beige<\/li>\n<\/ul>\n","protected":false},"excerpt":{"rendered":"<p>Wir stellen den Nuptse Boot von The North Face vor: das Nonplusultra der Winterschuhe! Mit wetterbest\u00e4ndigem Nylon und einer wasserdichten, atmungsaktiven Membran halten diese Stiefel Ihre F\u00fc\u00dfe unter allen Bedingungen trocken und warm. Die leichte Heatseeker\u2122 Eco-Isolierung sorgt f\u00fcr ein hervorragendes W\u00e4rme-Gewichts-Verh\u00e4ltnis, w\u00e4hrend das OrthoLite\u00ae-Fu\u00dfbett jeden Schritt d\u00e4mpft und unterst\u00fctzt. Die strapazierf\u00e4hige Gummiau\u00dfensohle garantiert Traktion [&hellip;]<\/p>\n","protected":false},"featured_media":368167,"comment_status":"closed","ping_status":"closed","template":"","meta":[],"product_brand":[],"product_cat":[21180],"product_tag":[18431,11463,10756,17090,20779,21183,18411],"class_list":{"0":"post-368013","1":"product","2":"type-product","3":"status-publish","4":"has-post-thumbnail","6":"product_cat-the-north-face","7":"product_tag-geschenkidee-fuer-ihn","8":"product_tag-lifestyle-boots","9":"product_tag-lifestyle-casual-shoes","10":"product_tag-outdoor-boots","11":"product_tag-snow-boots","12":"product_tag-the-north-face","13":"product_tag-unter-dem-regulaeren-preis","15":"first","16":"instock","17":"taxable","18":"shipping-taxable","19":"purchasable","20":"product-type-simple"},"wcpa_form_fields":null,"_links":{"self":[{"href":"https:\/\/moroen.com\/de\/wp-json\/wp\/v2\/product\/368013","targetHints":{"allow":["GET"]}}],"collection":[{"href":"https:\/\/moroen.com\/de\/wp-json\/wp\/v2\/product"}],"about":[{"href":"https:\/\/moroen.com\/de\/wp-json\/wp\/v2\/types\/product"}],"replies":[{"embeddable":true,"href":"https:\/\/moroen.com\/de\/wp-json\/wp\/v2\/comments?post=368013"}],"wp:featuredmedia":[{"embeddable":true,"href":"https:\/\/moroen.com\/de\/wp-json\/wp\/v2\/media\/368167"}],"wp:attachment":[{"href":"https:\/\/moroen.com\/de\/wp-json\/wp\/v2\/media?parent=368013"}],"wp:term":[{"taxonomy":"product_brand","embeddable":true,"href":"https:\/\/moroen.com\/de\/wp-json\/wp\/v2\/product_brand?post=368013"},{"taxonomy":"product_cat","embeddable":true,"href":"https:\/\/moroen.com\/de\/wp-json\/wp\/v2\/product_cat?post=368013"},{"taxonomy":"product_tag","embeddable":true,"href":"https:\/\/moroen.com\/de\/wp-json\/wp\/v2\/product_tag?post=368013"}],"curies":[{"name":"wp","href":"https:\/\/api.w.org\/{rel}","templated":true}]}}