{"id":368054,"date":"2026-04-20T01:33:27","date_gmt":"2026-04-19T18:33:27","guid":{"rendered":"https:\/\/moroen.com\/de\/?p=368054"},"modified":"2026-04-20T01:33:27","modified_gmt":"2026-04-19T18:33:27","slug":"puma-serve-pro-lite-bright-melon-white-374902-24","status":"publish","type":"product","link":"https:\/\/moroen.com\/de\/produkt\/puma-serve-pro-lite-bright-melon-white-374902-24\/","title":{"rendered":"Puma Serve Pro Lite &#8216;Bright Melon White&#8217; 374902-24"},"content":{"rendered":"<p>Wir stellen Ihnen die Puma Serve Pro Lite \u201eBright Melon White\u201c-Sneaker vor, die f\u00fcr Beweglichkeit und Komfort auf dem Tennisplatz konzipiert sind. Diese Schuhe verf\u00fcgen \u00fcber ein atmungsaktives Mesh-Obermaterial und einen st\u00fctzenden TPU-K\u00e4fig f\u00fcr Stabilit\u00e4t bei schnellen Bewegungen. Die leichte EVA-Zwischensohle sorgt f\u00fcr D\u00e4mpfung, w\u00e4hrend die strapazierf\u00e4hige Gummiau\u00dfensohle f\u00fcr hervorragenden Halt auf jedem Untergrund sorgt. Mit seiner lebendigen Farbgebung wird der Puma Serve Pro Lite \u201eBright Melon White\u201c auf und neben dem Platz alle Blicke auf sich ziehen.<\/p>\n<ul>\n<li><strong>Farbgebung:<\/strong> Bright Melon\/White<\/li>\n<li><strong>Stilcode:<\/strong> 374902-24<\/li>\n<li><strong>Farbe:<\/strong> Beige<\/li>\n<\/ul>\n","protected":false},"excerpt":{"rendered":"<p>Wir stellen Ihnen die Puma Serve Pro Lite \u201eBright Melon White\u201c-Sneaker vor, die f\u00fcr Beweglichkeit und Komfort auf dem Tennisplatz konzipiert sind. Diese Schuhe verf\u00fcgen \u00fcber ein atmungsaktives Mesh-Obermaterial und einen st\u00fctzenden TPU-K\u00e4fig f\u00fcr Stabilit\u00e4t bei schnellen Bewegungen. Die leichte EVA-Zwischensohle sorgt f\u00fcr D\u00e4mpfung, w\u00e4hrend die strapazierf\u00e4hige Gummiau\u00dfensohle f\u00fcr hervorragenden Halt auf jedem Untergrund sorgt. [&hellip;]<\/p>\n","protected":false},"featured_media":368359,"comment_status":"closed","ping_status":"closed","template":"","meta":[],"product_brand":[],"product_cat":[19714],"product_tag":[10750,10941,18431,10756,10943,19715,20219,12885],"class_list":{"0":"post-368054","1":"product","2":"type-product","3":"status-publish","4":"has-post-thumbnail","6":"product_cat-puma","7":"product_tag-athleisure-shoes","8":"product_tag-court-classic-shoes","9":"product_tag-geschenkidee-fuer-ihn","10":"product_tag-lifestyle-casual-shoes","11":"product_tag-lifestyle-shoes-tennis-inspired","12":"product_tag-puma","13":"product_tag-puma-skateboarding-shoes","14":"product_tag-tennisschuhe","16":"first","17":"instock","18":"taxable","19":"shipping-taxable","20":"purchasable","21":"product-type-simple"},"wcpa_form_fields":null,"_links":{"self":[{"href":"https:\/\/moroen.com\/de\/wp-json\/wp\/v2\/product\/368054","targetHints":{"allow":["GET"]}}],"collection":[{"href":"https:\/\/moroen.com\/de\/wp-json\/wp\/v2\/product"}],"about":[{"href":"https:\/\/moroen.com\/de\/wp-json\/wp\/v2\/types\/product"}],"replies":[{"embeddable":true,"href":"https:\/\/moroen.com\/de\/wp-json\/wp\/v2\/comments?post=368054"}],"wp:featuredmedia":[{"embeddable":true,"href":"https:\/\/moroen.com\/de\/wp-json\/wp\/v2\/media\/368359"}],"wp:attachment":[{"href":"https:\/\/moroen.com\/de\/wp-json\/wp\/v2\/media?parent=368054"}],"wp:term":[{"taxonomy":"product_brand","embeddable":true,"href":"https:\/\/moroen.com\/de\/wp-json\/wp\/v2\/product_brand?post=368054"},{"taxonomy":"product_cat","embeddable":true,"href":"https:\/\/moroen.com\/de\/wp-json\/wp\/v2\/product_cat?post=368054"},{"taxonomy":"product_tag","embeddable":true,"href":"https:\/\/moroen.com\/de\/wp-json\/wp\/v2\/product_tag?post=368054"}],"curies":[{"name":"wp","href":"https:\/\/api.w.org\/{rel}","templated":true}]}}