{"id":368098,"date":"2026-04-20T01:33:27","date_gmt":"2026-04-19T18:33:27","guid":{"rendered":"https:\/\/moroen.com\/de\/?p=368098"},"modified":"2026-04-20T01:33:27","modified_gmt":"2026-04-19T18:33:27","slug":"salomon-xt-6-black-phantom-l47293800","status":"publish","type":"product","link":"https:\/\/moroen.com\/de\/produkt\/salomon-xt-6-black-phantom-l47293800\/","title":{"rendered":"Salomon XT-6 &#8216;Black Phantom&#8217; L47293800"},"content":{"rendered":"<p>Wir stellen den Salomon XT-6 \u201eBlack Phantom\u201c vor: der Inbegriff von Stil und Leistung. Diese Silhouette im eleganten schwarzen Design bietet mit der EnergyCell\u2122-Zwischensohle und der SensiFit\u2122-Technologie unvergleichlichen Komfort. Dank der robusten Contagrip\u00ae-Au\u00dfensohle k\u00f6nnen Sie jedes Gel\u00e4nde souver\u00e4n bew\u00e4ltigen. Mit reflektierenden Details bleiben Sie auch nachts sichtbar und machen den XT-6 zu Ihrem ultimativen Abenteuerbegleiter. Treten Sie in die Schatten und erobern Sie jeden Weg mit dem \u201eSchwarzen Phantom\u201c.<\/p>\n<ul>\n<li><strong>Farbgebung:<\/strong> Black\/Falcon\/Cow Hide<\/li>\n<li><strong>Stilcode:<\/strong> L47293800<\/li>\n<li><strong>Mittelsohle:<\/strong> EnergyCell<\/li>\n<li><strong>Erscheinungsjahr:<\/strong> 2023<\/li>\n<\/ul>\n","protected":false},"excerpt":{"rendered":"<p>Wir stellen den Salomon XT-6 \u201eBlack Phantom\u201c vor: der Inbegriff von Stil und Leistung. Diese Silhouette im eleganten schwarzen Design bietet mit der EnergyCell\u2122-Zwischensohle und der SensiFit\u2122-Technologie unvergleichlichen Komfort. Dank der robusten Contagrip\u00ae-Au\u00dfensohle k\u00f6nnen Sie jedes Gel\u00e4nde souver\u00e4n bew\u00e4ltigen. Mit reflektierenden Details bleiben Sie auch nachts sichtbar und machen den XT-6 zu Ihrem ultimativen Abenteuerbegleiter. [&hellip;]<\/p>\n","protected":false},"featured_media":368599,"comment_status":"closed","ping_status":"closed","template":"","meta":[],"product_brand":[],"product_cat":[19669],"product_tag":[18431,11446,12563,19670,18432,10937,13188],"class_list":{"0":"post-368098","1":"product","2":"type-product","3":"status-publish","4":"has-post-thumbnail","6":"product_cat-salomon","7":"product_tag-geschenkidee-fuer-ihn","8":"product_tag-lightweight-hiking-shoes","9":"product_tag-performance-sportschuhe","10":"product_tag-salomon","11":"product_tag-top-angebote","12":"product_tag-trail-running-shoes","13":"product_tag-wanderschuhe","15":"first","16":"instock","17":"taxable","18":"shipping-taxable","19":"purchasable","20":"product-type-simple"},"wcpa_form_fields":null,"_links":{"self":[{"href":"https:\/\/moroen.com\/de\/wp-json\/wp\/v2\/product\/368098","targetHints":{"allow":["GET"]}}],"collection":[{"href":"https:\/\/moroen.com\/de\/wp-json\/wp\/v2\/product"}],"about":[{"href":"https:\/\/moroen.com\/de\/wp-json\/wp\/v2\/types\/product"}],"replies":[{"embeddable":true,"href":"https:\/\/moroen.com\/de\/wp-json\/wp\/v2\/comments?post=368098"}],"wp:featuredmedia":[{"embeddable":true,"href":"https:\/\/moroen.com\/de\/wp-json\/wp\/v2\/media\/368599"}],"wp:attachment":[{"href":"https:\/\/moroen.com\/de\/wp-json\/wp\/v2\/media?parent=368098"}],"wp:term":[{"taxonomy":"product_brand","embeddable":true,"href":"https:\/\/moroen.com\/de\/wp-json\/wp\/v2\/product_brand?post=368098"},{"taxonomy":"product_cat","embeddable":true,"href":"https:\/\/moroen.com\/de\/wp-json\/wp\/v2\/product_cat?post=368098"},{"taxonomy":"product_tag","embeddable":true,"href":"https:\/\/moroen.com\/de\/wp-json\/wp\/v2\/product_tag?post=368098"}],"curies":[{"name":"wp","href":"https:\/\/api.w.org\/{rel}","templated":true}]}}