{"id":368624,"date":"2026-04-20T01:33:27","date_gmt":"2026-04-19T18:33:27","guid":{"rendered":"https:\/\/moroen.com\/de\/?p=368624"},"modified":"2026-04-20T01:33:27","modified_gmt":"2026-04-19T18:33:27","slug":"salomon-xt-6-creme-grau-471513","status":"publish","type":"product","link":"https:\/\/moroen.com\/de\/produkt\/salomon-xt-6-creme-grau-471513\/","title":{"rendered":"Salomon Xt-6 &#8216;CREME GRAU&#8217; 471513"},"content":{"rendered":"<p>Verbessern Sie Ihren Stil und erobern Sie jedes Gel\u00e4nde mit dem Salomon Xt-6 \u201eCREAM GREY\u201c 471513. Diese auff\u00e4lligen Sneaker verbinden nahtlos urbanes Flair mit Outdoor-Funktionalit\u00e4t. Der auf Komfort und Haltbarkeit ausgelegte Xt-6 verf\u00fcgt \u00fcber ein atmungsaktives Mesh-Obermaterial, weiche Polsterung und eine robuste Au\u00dfensohle, die auf verschiedenen Oberfl\u00e4chen au\u00dfergew\u00f6hnliche Traktion bietet. Schl\u00fcpfen Sie in diese Schuhe und erleben Sie bei Ihrem n\u00e4chsten Abenteuer die ultimative Kombination aus Stil und Leistung.<\/p>\n<ul>\n<li><strong>Farbgebung:<\/strong> CREAM\/GRAY<\/li>\n<li><strong>Stilcode:<\/strong> 471513<\/li>\n<li><strong>Farbe:<\/strong> Green<\/li>\n<\/ul>\n","protected":false},"excerpt":{"rendered":"<p>Verbessern Sie Ihren Stil und erobern Sie jedes Gel\u00e4nde mit dem Salomon Xt-6 \u201eCREAM GREY\u201c 471513. Diese auff\u00e4lligen Sneaker verbinden nahtlos urbanes Flair mit Outdoor-Funktionalit\u00e4t. Der auf Komfort und Haltbarkeit ausgelegte Xt-6 verf\u00fcgt \u00fcber ein atmungsaktives Mesh-Obermaterial, weiche Polsterung und eine robuste Au\u00dfensohle, die auf verschiedenen Oberfl\u00e4chen au\u00dfergew\u00f6hnliche Traktion bietet. Schl\u00fcpfen Sie in diese Schuhe [&hellip;]<\/p>\n","protected":false},"featured_media":368793,"comment_status":"closed","ping_status":"closed","template":"","meta":[],"product_brand":[],"product_cat":[19669],"product_tag":[18431,11446,12563,19670,22088,10937,13188],"class_list":{"0":"post-368624","1":"product","2":"type-product","3":"status-publish","4":"has-post-thumbnail","6":"product_cat-salomon","7":"product_tag-geschenkidee-fuer-ihn","8":"product_tag-lightweight-hiking-shoes","9":"product_tag-performance-sportschuhe","10":"product_tag-salomon","11":"product_tag-salomon-running-shoes","12":"product_tag-trail-running-shoes","13":"product_tag-wanderschuhe","14":"wcpa_has_options","16":"first","17":"instock","18":"taxable","19":"shipping-taxable","20":"purchasable","21":"product-type-simple"},"wcpa_form_fields":{"rules":{"pric_overide_base_price":false,"pric_overide_base_price_if_gt_zero":false,"pric_overide_base_price_fully":false,"pric_cal_option_once":false,"pric_use_as_fee":false,"bind_quantity":false,"quantity_bind_formula":false},"fields":[{"type":"color-group","required":true,"elementId":"wcpa-color-group-66c4a75505e74","label":"Gru00f6u00dfe - EU Gru00f6u00dfe","inline":true,"priceOptions":"different_for_all","pricingType":"fixed","className":"hassizechart product-shoes-size-eu product-shoes-size","name":"color-group-66c4a75505e89","disp_type":"square","selection_type":"tick-border","disp_size":"44","show_label_inside":true,"adjust_width":true,"cart_display_type":"text","other_text":"Other","cl_rule":"show","col":6,"values":[{"label":"36","value":"EU 36","price":"","pimage":"","pimage_id":"","pthumb":"","color":"","selected":true},{"label":"36.5","value":"EU 36.5","price":"","pimage":"","pimage_id":"","pthumb":"","color":""},{"label":"37.5","value":"EU 37.5","price":"","pimage":"","pimage_id":"","pthumb":"","color":""},{"label":"38","value":"EU 38","price":"","pimage":"","pimage_id":"","pthumb":"","color":""},{"label":"38.5","value":"EU 38.5","price":"","pimage":"","pimage_id":"","pthumb":"","color":""},{"label":"39","value":"EU 39","price":"","pimage":"","pimage_id":"","pthumb":"","color":""},{"label":"40","value":"EU 40","price":"","pimage":"","pimage_id":"","pthumb":"","color":""},{"label":"40.5","value":"EU 40.5","price":"","pimage":"","pimage_id":"","pthumb":"","color":""},{"label":"41","value":"EU 41","price":"","pimage":"","pimage_id":"","pthumb":"","color":""},{"label":"42","value":"EU 42","price":"","pimage":"","pimage_id":"","pthumb":"","color":""},{"label":"42.5","value":"EU 42.5","price":"","pimage":"","pimage_id":"","pthumb":"","color":""},{"label":"43","value":"EU 43","price":"","pimage":"","pimage_id":"","pthumb":"","color":""},{"label":"44","value":"EU 44","price":"","pimage":"","pimage_id":"","pthumb":"","color":""},{"label":"44.5","value":"EU 44.5","price":"","pimage":"","pimage_id":"","pthumb":"","color":""},{"label":"45","value":"EU 45","price":"","pimage":"","pimage_id":"","pthumb":"","color":""},{"label":"45.5","value":"EU 45.5","price":"","pimage":"","pimage_id":"","pthumb":"","color":""},{"label":"46","value":"EU 46","price":"","pimage":"","pimage_id":"","pthumb":"","color":""},{"label":"47","value":"EU 47","price":"","pimage":"","pimage_id":"","pthumb":"","color":""},{"label":"47.5","value":"EU 47.5","price":"","pimage":"","pimage_id":"","pthumb":"","color":""},{"label":"48","value":"EU 48","price":"","pimage":"","pimage_id":"","pthumb":"","color":""}],"relations":[{"operator":false,"rules":[]}],"form_id":369624,"form_rules":{"pric_cal_option_once":false,"exclude_from_discount":false,"pric_use_as_fee":false,"fee_label":"Fee","render_after_acb":false,"disp_hide_options_price":false}}]},"_links":{"self":[{"href":"https:\/\/moroen.com\/de\/wp-json\/wp\/v2\/product\/368624","targetHints":{"allow":["GET"]}}],"collection":[{"href":"https:\/\/moroen.com\/de\/wp-json\/wp\/v2\/product"}],"about":[{"href":"https:\/\/moroen.com\/de\/wp-json\/wp\/v2\/types\/product"}],"replies":[{"embeddable":true,"href":"https:\/\/moroen.com\/de\/wp-json\/wp\/v2\/comments?post=368624"}],"wp:featuredmedia":[{"embeddable":true,"href":"https:\/\/moroen.com\/de\/wp-json\/wp\/v2\/media\/368793"}],"wp:attachment":[{"href":"https:\/\/moroen.com\/de\/wp-json\/wp\/v2\/media?parent=368624"}],"wp:term":[{"taxonomy":"product_brand","embeddable":true,"href":"https:\/\/moroen.com\/de\/wp-json\/wp\/v2\/product_brand?post=368624"},{"taxonomy":"product_cat","embeddable":true,"href":"https:\/\/moroen.com\/de\/wp-json\/wp\/v2\/product_cat?post=368624"},{"taxonomy":"product_tag","embeddable":true,"href":"https:\/\/moroen.com\/de\/wp-json\/wp\/v2\/product_tag?post=368624"}],"curies":[{"name":"wp","href":"https:\/\/api.w.org\/{rel}","templated":true}]}}