{"id":368647,"date":"2026-04-20T01:33:27","date_gmt":"2026-04-19T18:33:27","guid":{"rendered":"https:\/\/moroen.com\/de\/?p=368647"},"modified":"2026-04-20T01:33:27","modified_gmt":"2026-04-19T18:33:27","slug":"salomon-s-lab-xt-6-473056","status":"publish","type":"product","link":"https:\/\/moroen.com\/de\/produkt\/salomon-s-lab-xt-6-473056\/","title":{"rendered":"Salomon S-Lab XT-6 473056"},"content":{"rendered":"<p>Erleben Sie Ihre Trail-Abenteuer mit dem Salomon S-Lab XT-6 473056. Diese auf Pr\u00e4zision und Schutz ausgelegten Schuhe verf\u00fcgen \u00fcber ein nahtloses SensiFit\u2122-Obermaterial f\u00fcr sicheren Sitz, w\u00e4hrend die EnergyCell\u2122+-Zwischensohle f\u00fcr langanhaltende D\u00e4mpfung sorgt. Die Premium Wet Traction Contagrip\u00ae-Au\u00dfensohle sorgt f\u00fcr au\u00dfergew\u00f6hnlichen Grip auf allen Oberfl\u00e4chen und erm\u00f6glicht es Ihnen, selbst die anspruchsvollsten Trails souver\u00e4n zu meistern. Erleben Sie den Gipfel der Trailrunning-Leistung mit dem Salomon S-Lab XT-6 473056.<\/p>\n<ul>\n<li><strong>Farbgebung:<\/strong> Black<\/li>\n<li><strong>Stilcode:<\/strong> 473056<\/li>\n<li><strong>Farbe:<\/strong> Black<\/li>\n<\/ul>\n","protected":false},"excerpt":{"rendered":"<p>Erleben Sie Ihre Trail-Abenteuer mit dem Salomon S-Lab XT-6 473056. Diese auf Pr\u00e4zision und Schutz ausgelegten Schuhe verf\u00fcgen \u00fcber ein nahtloses SensiFit\u2122-Obermaterial f\u00fcr sicheren Sitz, w\u00e4hrend die EnergyCell\u2122+-Zwischensohle f\u00fcr langanhaltende D\u00e4mpfung sorgt. Die Premium Wet Traction Contagrip\u00ae-Au\u00dfensohle sorgt f\u00fcr au\u00dfergew\u00f6hnlichen Grip auf allen Oberfl\u00e4chen und erm\u00f6glicht es Ihnen, selbst die anspruchsvollsten Trails souver\u00e4n zu meistern. [&hellip;]<\/p>\n","protected":false},"featured_media":368885,"comment_status":"closed","ping_status":"closed","template":"","meta":[],"product_brand":[],"product_cat":[19669],"product_tag":[18431,11446,12563,19670,22088,10937,13188],"class_list":{"0":"post-368647","1":"product","2":"type-product","3":"status-publish","4":"has-post-thumbnail","6":"product_cat-salomon","7":"product_tag-geschenkidee-fuer-ihn","8":"product_tag-lightweight-hiking-shoes","9":"product_tag-performance-sportschuhe","10":"product_tag-salomon","11":"product_tag-salomon-running-shoes","12":"product_tag-trail-running-shoes","13":"product_tag-wanderschuhe","15":"first","16":"instock","17":"taxable","18":"shipping-taxable","19":"purchasable","20":"product-type-simple"},"wcpa_form_fields":null,"_links":{"self":[{"href":"https:\/\/moroen.com\/de\/wp-json\/wp\/v2\/product\/368647","targetHints":{"allow":["GET"]}}],"collection":[{"href":"https:\/\/moroen.com\/de\/wp-json\/wp\/v2\/product"}],"about":[{"href":"https:\/\/moroen.com\/de\/wp-json\/wp\/v2\/types\/product"}],"replies":[{"embeddable":true,"href":"https:\/\/moroen.com\/de\/wp-json\/wp\/v2\/comments?post=368647"}],"wp:featuredmedia":[{"embeddable":true,"href":"https:\/\/moroen.com\/de\/wp-json\/wp\/v2\/media\/368885"}],"wp:attachment":[{"href":"https:\/\/moroen.com\/de\/wp-json\/wp\/v2\/media?parent=368647"}],"wp:term":[{"taxonomy":"product_brand","embeddable":true,"href":"https:\/\/moroen.com\/de\/wp-json\/wp\/v2\/product_brand?post=368647"},{"taxonomy":"product_cat","embeddable":true,"href":"https:\/\/moroen.com\/de\/wp-json\/wp\/v2\/product_cat?post=368647"},{"taxonomy":"product_tag","embeddable":true,"href":"https:\/\/moroen.com\/de\/wp-json\/wp\/v2\/product_tag?post=368647"}],"curies":[{"name":"wp","href":"https:\/\/api.w.org\/{rel}","templated":true}]}}