{"id":369182,"date":"2026-04-20T01:33:27","date_gmt":"2026-04-19T18:33:27","guid":{"rendered":"https:\/\/moroen.com\/de\/?p=369182"},"modified":"2026-04-20T01:33:27","modified_gmt":"2026-04-19T18:33:27","slug":"salomon-s-lab-xt-6-blau-410142","status":"publish","type":"product","link":"https:\/\/moroen.com\/de\/produkt\/salomon-s-lab-xt-6-blau-410142\/","title":{"rendered":"Salomon S\/Lab XT-6 &#8216;Blau&#8217; 410142"},"content":{"rendered":"<p>Erobern Sie jedes Gel\u00e4nde mit dem Salomon S\/Lab XT-6 &#8216;Blue&#8217;. Diese Trailrunning-Schuhe sind auf maximale Leistung ausgelegt und verf\u00fcgen \u00fcber:<\/p>\n<p>* Fortschrittlicher Energy Surge-Schaum f\u00fcr reaktionsfreudige D\u00e4mpfung<br \/>\n* SensiFit-Wickel f\u00fcr eine sichere, individuelle Passform<br \/>\n* Contragrip-Au\u00dfensohle f\u00fcr au\u00dfergew\u00f6hnlichen Grip auf allen Oberfl\u00e4chen<br \/>\n* Lebendige blaue Farbgebung f\u00fcr einen stilvollen Touch<\/p>\n<p>Erleben Sie un\u00fcbertroffenen Komfort, Halt und Traktion mit dem Salomon S\/Lab XT-6 \u201eBlue\u201c. Perfekt f\u00fcr Abenteurer, die den ultimativen Trailbegleiter suchen.<\/p>\n<ul>\n<li><strong>Stilcode:<\/strong> 410142<\/li>\n<li><strong>Farbe:<\/strong> Blue<\/li>\n<\/ul>\n","protected":false},"excerpt":{"rendered":"<p>Erobern Sie jedes Gel\u00e4nde mit dem Salomon S\/Lab XT-6 &#8216;Blue&#8217;. Diese Trailrunning-Schuhe sind auf maximale Leistung ausgelegt und verf\u00fcgen \u00fcber: * Fortschrittlicher Energy Surge-Schaum f\u00fcr reaktionsfreudige D\u00e4mpfung * SensiFit-Wickel f\u00fcr eine sichere, individuelle Passform * Contragrip-Au\u00dfensohle f\u00fcr au\u00dfergew\u00f6hnlichen Grip auf allen Oberfl\u00e4chen * Lebendige blaue Farbgebung f\u00fcr einen stilvollen Touch Erleben Sie un\u00fcbertroffenen Komfort, Halt [&hellip;]<\/p>\n","protected":false},"featured_media":369310,"comment_status":"closed","ping_status":"closed","template":"","meta":[],"product_brand":[],"product_cat":[19669],"product_tag":[18431,11446,12563,19670,22088,13188],"class_list":{"0":"post-369182","1":"product","2":"type-product","3":"status-publish","4":"has-post-thumbnail","6":"product_cat-salomon","7":"product_tag-geschenkidee-fuer-ihn","8":"product_tag-lightweight-hiking-shoes","9":"product_tag-performance-sportschuhe","10":"product_tag-salomon","11":"product_tag-salomon-running-shoes","12":"product_tag-wanderschuhe","13":"wcpa_has_options","15":"first","16":"instock","17":"taxable","18":"shipping-taxable","19":"purchasable","20":"product-type-simple"},"wcpa_form_fields":{"rules":{"pric_overide_base_price":false,"pric_overide_base_price_if_gt_zero":false,"pric_overide_base_price_fully":false,"pric_cal_option_once":false,"pric_use_as_fee":false,"bind_quantity":false,"quantity_bind_formula":false},"fields":[{"type":"color-group","required":true,"elementId":"wcpa-color-group-66c4a75505e74","label":"Gru00f6u00dfe - EU Gru00f6u00dfe","inline":true,"priceOptions":"different_for_all","pricingType":"fixed","className":"hassizechart product-shoes-size-eu product-shoes-size","name":"color-group-66c4a75505e89","disp_type":"square","selection_type":"tick-border","disp_size":"44","show_label_inside":true,"adjust_width":true,"cart_display_type":"text","other_text":"Other","cl_rule":"show","col":6,"values":[{"label":"36","value":"EU 36","price":"","pimage":"","pimage_id":"","pthumb":"","color":"","selected":true},{"label":"36.5","value":"EU 36.5","price":"","pimage":"","pimage_id":"","pthumb":"","color":""},{"label":"37.5","value":"EU 37.5","price":"","pimage":"","pimage_id":"","pthumb":"","color":""},{"label":"38","value":"EU 38","price":"","pimage":"","pimage_id":"","pthumb":"","color":""},{"label":"38.5","value":"EU 38.5","price":"","pimage":"","pimage_id":"","pthumb":"","color":""},{"label":"39","value":"EU 39","price":"","pimage":"","pimage_id":"","pthumb":"","color":""},{"label":"40","value":"EU 40","price":"","pimage":"","pimage_id":"","pthumb":"","color":""},{"label":"40.5","value":"EU 40.5","price":"","pimage":"","pimage_id":"","pthumb":"","color":""},{"label":"41","value":"EU 41","price":"","pimage":"","pimage_id":"","pthumb":"","color":""},{"label":"42","value":"EU 42","price":"","pimage":"","pimage_id":"","pthumb":"","color":""},{"label":"42.5","value":"EU 42.5","price":"","pimage":"","pimage_id":"","pthumb":"","color":""},{"label":"43","value":"EU 43","price":"","pimage":"","pimage_id":"","pthumb":"","color":""},{"label":"44","value":"EU 44","price":"","pimage":"","pimage_id":"","pthumb":"","color":""},{"label":"44.5","value":"EU 44.5","price":"","pimage":"","pimage_id":"","pthumb":"","color":""},{"label":"45","value":"EU 45","price":"","pimage":"","pimage_id":"","pthumb":"","color":""},{"label":"45.5","value":"EU 45.5","price":"","pimage":"","pimage_id":"","pthumb":"","color":""},{"label":"46","value":"EU 46","price":"","pimage":"","pimage_id":"","pthumb":"","color":""},{"label":"47","value":"EU 47","price":"","pimage":"","pimage_id":"","pthumb":"","color":""},{"label":"47.5","value":"EU 47.5","price":"","pimage":"","pimage_id":"","pthumb":"","color":""},{"label":"48","value":"EU 48","price":"","pimage":"","pimage_id":"","pthumb":"","color":""}],"relations":[{"operator":false,"rules":[]}],"form_id":369624,"form_rules":{"pric_cal_option_once":false,"exclude_from_discount":false,"pric_use_as_fee":false,"fee_label":"Fee","render_after_acb":false,"disp_hide_options_price":false}}]},"_links":{"self":[{"href":"https:\/\/moroen.com\/de\/wp-json\/wp\/v2\/product\/369182","targetHints":{"allow":["GET"]}}],"collection":[{"href":"https:\/\/moroen.com\/de\/wp-json\/wp\/v2\/product"}],"about":[{"href":"https:\/\/moroen.com\/de\/wp-json\/wp\/v2\/types\/product"}],"replies":[{"embeddable":true,"href":"https:\/\/moroen.com\/de\/wp-json\/wp\/v2\/comments?post=369182"}],"wp:featuredmedia":[{"embeddable":true,"href":"https:\/\/moroen.com\/de\/wp-json\/wp\/v2\/media\/369310"}],"wp:attachment":[{"href":"https:\/\/moroen.com\/de\/wp-json\/wp\/v2\/media?parent=369182"}],"wp:term":[{"taxonomy":"product_brand","embeddable":true,"href":"https:\/\/moroen.com\/de\/wp-json\/wp\/v2\/product_brand?post=369182"},{"taxonomy":"product_cat","embeddable":true,"href":"https:\/\/moroen.com\/de\/wp-json\/wp\/v2\/product_cat?post=369182"},{"taxonomy":"product_tag","embeddable":true,"href":"https:\/\/moroen.com\/de\/wp-json\/wp\/v2\/product_tag?post=369182"}],"curies":[{"name":"wp","href":"https:\/\/api.w.org\/{rel}","templated":true}]}}