{"id":369210,"date":"2026-04-20T01:33:27","date_gmt":"2026-04-19T18:33:27","guid":{"rendered":"https:\/\/moroen.com\/de\/?p=369210"},"modified":"2026-04-20T01:33:27","modified_gmt":"2026-04-19T18:33:27","slug":"w-acs-pro-l47596700","status":"publish","type":"product","link":"https:\/\/moroen.com\/de\/produkt\/w-acs-pro-l47596700\/","title":{"rendered":"(W) ACS Pro L47596700"},"content":{"rendered":"<p>Verbessern Sie Ihre Trailrunning-Leistung mit dem ACS Pro L47596700, einem hochmodernen Sportschuh, der entwickelt wurde, um h\u00e4rtestes Gel\u00e4nde mit Leichtigkeit und Pr\u00e4zision zu bew\u00e4ltigen. Entwickelt f\u00fcr Ausdauer und Agilit\u00e4t, verf\u00fcgt es \u00fcber eine robuste und dennoch leichte Konstruktion und bietet die perfekte Balance zwischen Haltbarkeit und Komfort. Das innovative Fahrwerkssystem sorgt f\u00fcr \u00fcberragende Stabilit\u00e4t und Kontrolle und sorgt so f\u00fcr optimale Unterst\u00fctzung bei hochintensiven Aktivit\u00e4ten. Seine fortschrittlichen Traktionssohlen bieten au\u00dfergew\u00f6hnlichen Grip auf nassen und unebenen Oberfl\u00e4chen und sind somit ideal f\u00fcr alle Wetterbedingungen. Das Schnellschn\u00fcrsystem sorgt f\u00fcr einen sicheren Sitz und ein problemloses An- und Ausziehen. Es besteht aus atmungsaktiven Materialien und h\u00e4lt Ihre F\u00fc\u00dfe auch auf den l\u00e4ngsten L\u00e4ufen k\u00fchl und trocken. Egal, ob Sie ein Offroad-Enthusiast oder ein professioneller Trailrunner sind, der ACS Pro L47596700 vereint modernste Technologie mit schlankem, funktionalem Design und gibt Ihnen das Selbstvertrauen, jedes Gel\u00e4nde zu erobern. Dieses Produkt wurde unter Ber\u00fccksichtigung der Nachhaltigkeit hergestellt und ist ein Bekenntnis zu umweltbewusster Leistung im Freien. Erh\u00f6hen Sie Ihre Abenteuer mit zuverl\u00e4ssiger Haltbarkeit, bemerkenswertem Komfort und un\u00fcbertroffener Leistung bei jedem Schritt.<\/p>\n<ul>\n<li><strong>Farbgebung:<\/strong> Portabella\/Natural\/Black<\/li>\n<li><strong>Stilcode:<\/strong> L47596700<\/li>\n<li><strong>Obermaterial:<\/strong> Mesh<\/li>\n<li><strong>Mittelsohle:<\/strong> EnergyCell<\/li>\n<li><strong>Farbe:<\/strong> Beige<\/li>\n<li><strong>Saison:<\/strong> Winter<\/li>\n<li><strong>Erscheinungsjahr:<\/strong> 2025<\/li>\n<\/ul>\n","protected":false},"excerpt":{"rendered":"<p>Verbessern Sie Ihre Trailrunning-Leistung mit dem ACS Pro L47596700, einem hochmodernen Sportschuh, der entwickelt wurde, um h\u00e4rtestes Gel\u00e4nde mit Leichtigkeit und Pr\u00e4zision zu bew\u00e4ltigen. Entwickelt f\u00fcr Ausdauer und Agilit\u00e4t, verf\u00fcgt es \u00fcber eine robuste und dennoch leichte Konstruktion und bietet die perfekte Balance zwischen Haltbarkeit und Komfort. Das innovative Fahrwerkssystem sorgt f\u00fcr \u00fcberragende Stabilit\u00e4t und [&hellip;]<\/p>\n","protected":false},"featured_media":369403,"comment_status":"closed","ping_status":"closed","template":"","meta":[],"product_brand":[],"product_cat":[19669],"product_tag":[10750,10756,10758,10858,19670,18411],"class_list":{"0":"post-369210","1":"product","2":"type-product","3":"status-publish","4":"has-post-thumbnail","6":"product_cat-salomon","7":"product_tag-athleisure-shoes","8":"product_tag-lifestyle-casual-shoes","9":"product_tag-lifestyle-shoes-running-inspired","10":"product_tag-retro-casual-shoes","11":"product_tag-salomon","12":"product_tag-unter-dem-regulaeren-preis","13":"wcpa_has_options","15":"first","16":"instock","17":"taxable","18":"shipping-taxable","19":"purchasable","20":"product-type-simple"},"wcpa_form_fields":{"rules":{"pric_overide_base_price":false,"pric_overide_base_price_if_gt_zero":false,"pric_overide_base_price_fully":false,"pric_cal_option_once":false,"pric_use_as_fee":false,"bind_quantity":false,"quantity_bind_formula":false},"fields":[{"type":"color-group","required":true,"elementId":"wcpa-color-group-66c4a75505e74","label":"Gru00f6u00dfe - EU Gru00f6u00dfe","inline":true,"priceOptions":"different_for_all","pricingType":"fixed","className":"hassizechart product-shoes-size-eu product-shoes-size","name":"color-group-66c4a75505e89","disp_type":"square","selection_type":"tick-border","disp_size":"44","show_label_inside":true,"adjust_width":true,"cart_display_type":"text","other_text":"Other","cl_rule":"show","col":6,"values":[{"label":"36","value":"EU 36","price":"","pimage":"","pimage_id":"","pthumb":"","color":"","selected":true},{"label":"36.5","value":"EU 36.5","price":"","pimage":"","pimage_id":"","pthumb":"","color":""},{"label":"37.5","value":"EU 37.5","price":"","pimage":"","pimage_id":"","pthumb":"","color":""},{"label":"38","value":"EU 38","price":"","pimage":"","pimage_id":"","pthumb":"","color":""},{"label":"38.5","value":"EU 38.5","price":"","pimage":"","pimage_id":"","pthumb":"","color":""},{"label":"39","value":"EU 39","price":"","pimage":"","pimage_id":"","pthumb":"","color":""},{"label":"40","value":"EU 40","price":"","pimage":"","pimage_id":"","pthumb":"","color":""},{"label":"40.5","value":"EU 40.5","price":"","pimage":"","pimage_id":"","pthumb":"","color":""},{"label":"41","value":"EU 41","price":"","pimage":"","pimage_id":"","pthumb":"","color":""},{"label":"42","value":"EU 42","price":"","pimage":"","pimage_id":"","pthumb":"","color":""},{"label":"42.5","value":"EU 42.5","price":"","pimage":"","pimage_id":"","pthumb":"","color":""},{"label":"43","value":"EU 43","price":"","pimage":"","pimage_id":"","pthumb":"","color":""},{"label":"44","value":"EU 44","price":"","pimage":"","pimage_id":"","pthumb":"","color":""},{"label":"44.5","value":"EU 44.5","price":"","pimage":"","pimage_id":"","pthumb":"","color":""},{"label":"45","value":"EU 45","price":"","pimage":"","pimage_id":"","pthumb":"","color":""},{"label":"45.5","value":"EU 45.5","price":"","pimage":"","pimage_id":"","pthumb":"","color":""},{"label":"46","value":"EU 46","price":"","pimage":"","pimage_id":"","pthumb":"","color":""},{"label":"47","value":"EU 47","price":"","pimage":"","pimage_id":"","pthumb":"","color":""},{"label":"47.5","value":"EU 47.5","price":"","pimage":"","pimage_id":"","pthumb":"","color":""},{"label":"48","value":"EU 48","price":"","pimage":"","pimage_id":"","pthumb":"","color":""}],"relations":[{"operator":false,"rules":[]}],"form_id":369624,"form_rules":{"pric_cal_option_once":false,"exclude_from_discount":false,"pric_use_as_fee":false,"fee_label":"Fee","render_after_acb":false,"disp_hide_options_price":false}}]},"_links":{"self":[{"href":"https:\/\/moroen.com\/de\/wp-json\/wp\/v2\/product\/369210","targetHints":{"allow":["GET"]}}],"collection":[{"href":"https:\/\/moroen.com\/de\/wp-json\/wp\/v2\/product"}],"about":[{"href":"https:\/\/moroen.com\/de\/wp-json\/wp\/v2\/types\/product"}],"replies":[{"embeddable":true,"href":"https:\/\/moroen.com\/de\/wp-json\/wp\/v2\/comments?post=369210"}],"wp:featuredmedia":[{"embeddable":true,"href":"https:\/\/moroen.com\/de\/wp-json\/wp\/v2\/media\/369403"}],"wp:attachment":[{"href":"https:\/\/moroen.com\/de\/wp-json\/wp\/v2\/media?parent=369210"}],"wp:term":[{"taxonomy":"product_brand","embeddable":true,"href":"https:\/\/moroen.com\/de\/wp-json\/wp\/v2\/product_brand?post=369210"},{"taxonomy":"product_cat","embeddable":true,"href":"https:\/\/moroen.com\/de\/wp-json\/wp\/v2\/product_cat?post=369210"},{"taxonomy":"product_tag","embeddable":true,"href":"https:\/\/moroen.com\/de\/wp-json\/wp\/v2\/product_tag?post=369210"}],"curies":[{"name":"wp","href":"https:\/\/api.w.org\/{rel}","templated":true}]}}