{"id":369211,"date":"2026-04-20T01:33:27","date_gmt":"2026-04-19T18:33:27","guid":{"rendered":"https:\/\/moroen.com\/de\/?p=369211"},"modified":"2026-04-20T01:33:27","modified_gmt":"2026-04-19T18:33:27","slug":"acs-pro-l47596500","status":"publish","type":"product","link":"https:\/\/moroen.com\/de\/produkt\/acs-pro-l47596500\/","title":{"rendered":"ACS Pro L47596500"},"content":{"rendered":"<p>Der ACS Pro L47596500 ist ein leistungsstarker All-Terrain-Wanderschuh f\u00fcr Outdoor-Enthusiasten, die erstklassige Haltbarkeit, Komfort und Stabilit\u00e4t suchen. Dieser Schuh verf\u00fcgt \u00fcber ein fortschrittliches Chassis f\u00fcr reaktionsschnelle Energie\u00fcbertragung und optimale Kontrolle und gew\u00e4hrleistet beispiellosen Halt auf anspruchsvollem Gel\u00e4nde wie schroffen Wegen, felsigen Pfaden und Berglandschaften. Seine Contagrip-Au\u00dfensohle bietet hervorragende Traktion sowohl auf nassen als auch auf trockenen Oberfl\u00e4chen und ist somit die ideale Wahl f\u00fcr verschiedene Wetterbedingungen. Das atmungsaktive, schnell trocknende Obermaterial verbessert die Feuchtigkeitsregulierung und sorgt so f\u00fcr ein angenehmes Fu\u00dfklima bei ausgedehnten Abenteuern. Ausgestattet mit einem benutzerfreundlichen Quicklace-System bietet der ACS Pro L47596500 m\u00fchelos eine sichere und individuelle Passform, sodass Sie sich auf Ihre Reise konzentrieren k\u00f6nnen. Seine leistungsorientierten Funktionen sind leicht und elegant im Design und gepaart mit un\u00fcbertroffener Haltbarkeit, um dem langfristigen Einsatz in anspruchsvollen Umgebungen standzuhalten.<\/p>\n<ul>\n<li><strong>Farbgebung:<\/strong> Green Milieu\/Metal\/Sea Moss<\/li>\n<li><strong>Stilcode:<\/strong> L47596500<\/li>\n<li><strong>Obermaterial:<\/strong> Mesh<\/li>\n<li><strong>Mittelsohle:<\/strong> EnergyCell<\/li>\n<li><strong>Farbe:<\/strong> Green<\/li>\n<\/ul>\n","protected":false},"excerpt":{"rendered":"<p>Der ACS Pro L47596500 ist ein leistungsstarker All-Terrain-Wanderschuh f\u00fcr Outdoor-Enthusiasten, die erstklassige Haltbarkeit, Komfort und Stabilit\u00e4t suchen. Dieser Schuh verf\u00fcgt \u00fcber ein fortschrittliches Chassis f\u00fcr reaktionsschnelle Energie\u00fcbertragung und optimale Kontrolle und gew\u00e4hrleistet beispiellosen Halt auf anspruchsvollem Gel\u00e4nde wie schroffen Wegen, felsigen Pfaden und Berglandschaften. Seine Contagrip-Au\u00dfensohle bietet hervorragende Traktion sowohl auf nassen als auch auf [&hellip;]<\/p>\n","protected":false},"featured_media":369410,"comment_status":"closed","ping_status":"closed","template":"","meta":[],"product_brand":[],"product_cat":[19669],"product_tag":[12564,10777,12563,19670,18411],"class_list":{"0":"post-369211","1":"product","2":"type-product","3":"status-publish","4":"has-post-thumbnail","6":"product_cat-salomon","7":"product_tag-laufschuhe","8":"product_tag-performance-running-shoes","9":"product_tag-performance-sportschuhe","10":"product_tag-salomon","11":"product_tag-unter-dem-regulaeren-preis","13":"first","14":"instock","15":"taxable","16":"shipping-taxable","17":"purchasable","18":"product-type-simple"},"wcpa_form_fields":null,"_links":{"self":[{"href":"https:\/\/moroen.com\/de\/wp-json\/wp\/v2\/product\/369211","targetHints":{"allow":["GET"]}}],"collection":[{"href":"https:\/\/moroen.com\/de\/wp-json\/wp\/v2\/product"}],"about":[{"href":"https:\/\/moroen.com\/de\/wp-json\/wp\/v2\/types\/product"}],"replies":[{"embeddable":true,"href":"https:\/\/moroen.com\/de\/wp-json\/wp\/v2\/comments?post=369211"}],"wp:featuredmedia":[{"embeddable":true,"href":"https:\/\/moroen.com\/de\/wp-json\/wp\/v2\/media\/369410"}],"wp:attachment":[{"href":"https:\/\/moroen.com\/de\/wp-json\/wp\/v2\/media?parent=369211"}],"wp:term":[{"taxonomy":"product_brand","embeddable":true,"href":"https:\/\/moroen.com\/de\/wp-json\/wp\/v2\/product_brand?post=369211"},{"taxonomy":"product_cat","embeddable":true,"href":"https:\/\/moroen.com\/de\/wp-json\/wp\/v2\/product_cat?post=369211"},{"taxonomy":"product_tag","embeddable":true,"href":"https:\/\/moroen.com\/de\/wp-json\/wp\/v2\/product_tag?post=369211"}],"curies":[{"name":"wp","href":"https:\/\/api.w.org\/{rel}","templated":true}]}}