{"id":369214,"date":"2026-04-20T01:33:27","date_gmt":"2026-04-19T18:33:27","guid":{"rendered":"https:\/\/moroen.com\/de\/?p=369214"},"modified":"2026-04-20T01:33:27","modified_gmt":"2026-04-19T18:33:27","slug":"salomon-acs-pro-grau-474484-s-box","status":"publish","type":"product","link":"https:\/\/moroen.com\/de\/produkt\/salomon-acs-pro-grau-474484-s-box\/","title":{"rendered":"Salomon ACS Pro &#8216;Grau&#8217; 474484 (S-BOX)"},"content":{"rendered":"<p>Erleben Sie die perfekte Mischung aus Stil und Leistung mit den Salomon ACS Pro \u201eGrey\u201c 474484 Sneakers. Diese f\u00fcr Abenteuer konzipierten Schuhe verf\u00fcgen \u00fcber eine fortschrittliche D\u00e4mpfung und eine strapazierf\u00e4hige Contagrip\u00ae-Au\u00dfensohle f\u00fcr au\u00dfergew\u00f6hnliche Traktion auf jedem Gel\u00e4nde. Das atmungsaktive Mesh-Obermaterial sorgt f\u00fcr ganzt\u00e4gigen Tragekomfort, w\u00e4hrend das elegante graue Design Ihrer Outdoor-Ausr\u00fcstung einen modernen Touch verleiht. Der Salomon ACS Pro eignet sich sowohl f\u00fcr Wanderwege als auch f\u00fcr Stadtstra\u00dfen und ist Ihre erste Wahl f\u00fcr vielseitige, zuverl\u00e4ssige Schuhe.<\/p>\n<ul>\n<li><strong>Stilcode:<\/strong> 474484\uff08S-BOX\uff09<\/li>\n<li><strong>Farbe:<\/strong> Grey<\/li>\n<\/ul>\n","protected":false},"excerpt":{"rendered":"<p>Erleben Sie die perfekte Mischung aus Stil und Leistung mit den Salomon ACS Pro \u201eGrey\u201c 474484 Sneakers. Diese f\u00fcr Abenteuer konzipierten Schuhe verf\u00fcgen \u00fcber eine fortschrittliche D\u00e4mpfung und eine strapazierf\u00e4hige Contagrip\u00ae-Au\u00dfensohle f\u00fcr au\u00dfergew\u00f6hnliche Traktion auf jedem Gel\u00e4nde. Das atmungsaktive Mesh-Obermaterial sorgt f\u00fcr ganzt\u00e4gigen Tragekomfort, w\u00e4hrend das elegante graue Design Ihrer Outdoor-Ausr\u00fcstung einen modernen Touch verleiht. [&hellip;]<\/p>\n","protected":false},"featured_media":369422,"comment_status":"closed","ping_status":"closed","template":"","meta":[],"product_brand":[],"product_cat":[19669],"product_tag":[10750,10756,10758,10763,19670],"class_list":{"0":"post-369214","1":"product","2":"type-product","3":"status-publish","4":"has-post-thumbnail","6":"product_cat-salomon","7":"product_tag-athleisure-shoes","8":"product_tag-lifestyle-casual-shoes","9":"product_tag-lifestyle-shoes-running-inspired","10":"product_tag-retro-running-shoes","11":"product_tag-salomon","13":"first","14":"instock","15":"taxable","16":"shipping-taxable","17":"purchasable","18":"product-type-simple"},"wcpa_form_fields":null,"_links":{"self":[{"href":"https:\/\/moroen.com\/de\/wp-json\/wp\/v2\/product\/369214","targetHints":{"allow":["GET"]}}],"collection":[{"href":"https:\/\/moroen.com\/de\/wp-json\/wp\/v2\/product"}],"about":[{"href":"https:\/\/moroen.com\/de\/wp-json\/wp\/v2\/types\/product"}],"replies":[{"embeddable":true,"href":"https:\/\/moroen.com\/de\/wp-json\/wp\/v2\/comments?post=369214"}],"wp:featuredmedia":[{"embeddable":true,"href":"https:\/\/moroen.com\/de\/wp-json\/wp\/v2\/media\/369422"}],"wp:attachment":[{"href":"https:\/\/moroen.com\/de\/wp-json\/wp\/v2\/media?parent=369214"}],"wp:term":[{"taxonomy":"product_brand","embeddable":true,"href":"https:\/\/moroen.com\/de\/wp-json\/wp\/v2\/product_brand?post=369214"},{"taxonomy":"product_cat","embeddable":true,"href":"https:\/\/moroen.com\/de\/wp-json\/wp\/v2\/product_cat?post=369214"},{"taxonomy":"product_tag","embeddable":true,"href":"https:\/\/moroen.com\/de\/wp-json\/wp\/v2\/product_tag?post=369214"}],"curies":[{"name":"wp","href":"https:\/\/api.w.org\/{rel}","templated":true}]}}