{"id":369219,"date":"2026-04-20T01:33:27","date_gmt":"2026-04-19T18:33:27","guid":{"rendered":"https:\/\/moroen.com\/de\/?p=369219"},"modified":"2026-04-20T01:33:27","modified_gmt":"2026-04-19T18:33:27","slug":"onitsuka-tiger-mexico-66-sd-birch-metropolis-1183c015-200","status":"publish","type":"product","link":"https:\/\/moroen.com\/de\/produkt\/onitsuka-tiger-mexico-66-sd-birch-metropolis-1183c015-200\/","title":{"rendered":"Onitsuka Tiger Mexico 66 SD \u201eBirch Metropolis\u201c 1183C015-200"},"content":{"rendered":"<p>Treten Sie ein in den ikonischen Stil mit dem Onitsuka Tiger Mexico 66 SD \u201eBirch Metropolis\u201c 1183C015-200. Dieser klassische Sneaker verf\u00fcgt \u00fcber eine raffinierte Mischung aus Birken- und Gro\u00dfstadtt\u00f6nen und ist aus hochwertigen Materialien f\u00fcr Haltbarkeit und Komfort gefertigt. Der Schuh beh\u00e4lt seine legend\u00e4re Silhouette, die durch die charakteristischen Streifen und die verst\u00e4rkte Ferse f\u00fcr besseren Halt hervorgehoben wird. Das vielseitige Design ist ideal f\u00fcr den t\u00e4glichen Gebrauch und erg\u00e4nzt m\u00fchelos jedes Outfit, w\u00e4hrend die gepolsterte Sohle den ganzen Tag \u00fcber f\u00fcr Komfort sorgt. Werten Sie damit Ihre Schuhkollektion auf<\/p>\n<ul>\n<li><strong>Farbgebung:<\/strong> Birch\/Metropolis<\/li>\n<li><strong>Stilcode:<\/strong> 1183C015-200<\/li>\n<li><strong>Obermaterial:<\/strong> Leather<\/li>\n<li><strong>Farbe:<\/strong> White<\/li>\n<\/ul>\n","protected":false},"excerpt":{"rendered":"<p>Treten Sie ein in den ikonischen Stil mit dem Onitsuka Tiger Mexico 66 SD \u201eBirch Metropolis\u201c 1183C015-200. Dieser klassische Sneaker verf\u00fcgt \u00fcber eine raffinierte Mischung aus Birken- und Gro\u00dfstadtt\u00f6nen und ist aus hochwertigen Materialien f\u00fcr Haltbarkeit und Komfort gefertigt. Der Schuh beh\u00e4lt seine legend\u00e4re Silhouette, die durch die charakteristischen Streifen und die verst\u00e4rkte Ferse f\u00fcr [&hellip;]<\/p>\n","protected":false},"featured_media":369464,"comment_status":"closed","ping_status":"closed","template":"","meta":[],"product_brand":[],"product_cat":[19756],"product_tag":[10750,18431,10756,10758,19757,10763],"class_list":{"0":"post-369219","1":"product","2":"type-product","3":"status-publish","4":"has-post-thumbnail","6":"product_cat-onitsuka-tiger","7":"product_tag-athleisure-shoes","8":"product_tag-geschenkidee-fuer-ihn","9":"product_tag-lifestyle-casual-shoes","10":"product_tag-lifestyle-shoes-running-inspired","11":"product_tag-onitsuka-tiger","12":"product_tag-retro-running-shoes","14":"first","15":"instock","16":"taxable","17":"shipping-taxable","18":"purchasable","19":"product-type-simple"},"wcpa_form_fields":null,"_links":{"self":[{"href":"https:\/\/moroen.com\/de\/wp-json\/wp\/v2\/product\/369219","targetHints":{"allow":["GET"]}}],"collection":[{"href":"https:\/\/moroen.com\/de\/wp-json\/wp\/v2\/product"}],"about":[{"href":"https:\/\/moroen.com\/de\/wp-json\/wp\/v2\/types\/product"}],"replies":[{"embeddable":true,"href":"https:\/\/moroen.com\/de\/wp-json\/wp\/v2\/comments?post=369219"}],"wp:featuredmedia":[{"embeddable":true,"href":"https:\/\/moroen.com\/de\/wp-json\/wp\/v2\/media\/369464"}],"wp:attachment":[{"href":"https:\/\/moroen.com\/de\/wp-json\/wp\/v2\/media?parent=369219"}],"wp:term":[{"taxonomy":"product_brand","embeddable":true,"href":"https:\/\/moroen.com\/de\/wp-json\/wp\/v2\/product_brand?post=369219"},{"taxonomy":"product_cat","embeddable":true,"href":"https:\/\/moroen.com\/de\/wp-json\/wp\/v2\/product_cat?post=369219"},{"taxonomy":"product_tag","embeddable":true,"href":"https:\/\/moroen.com\/de\/wp-json\/wp\/v2\/product_tag?post=369219"}],"curies":[{"name":"wp","href":"https:\/\/api.w.org\/{rel}","templated":true}]}}