{"id":369240,"date":"2026-04-20T01:33:27","date_gmt":"2026-04-19T18:33:27","guid":{"rendered":"https:\/\/moroen.com\/de\/?p=369240"},"modified":"2026-04-20T01:33:27","modified_gmt":"2026-04-19T18:33:27","slug":"salomon-xt-6-trailrunning-schuhe-l47737600","status":"publish","type":"product","link":"https:\/\/moroen.com\/de\/produkt\/salomon-xt-6-trailrunning-schuhe-l47737600\/","title":{"rendered":"Salomon XT-6 Trailrunning-Schuhe L47737600"},"content":{"rendered":"<p>Steigern Sie Ihr Trailrunning-Erlebnis mit den Salomon XT-6 Trailrunning-Schuhen (L47737600). Diese Hochleistungsschuhe wurden f\u00fcr globale Abenteurer entwickelt und bieten beispiellose Stabilit\u00e4t, Haltbarkeit und Komfort in jedem Gel\u00e4nde. Sie sind mit fortschrittlicher D\u00e4mpfung und einer robusten Contragrip-Au\u00dfensohle ausgestattet und bieten optimalen Halt auf anspruchsvollen Trails. Das atmungsaktive Obermaterial sorgt f\u00fcr eine perfekte Passform und h\u00e4lt Ihre F\u00fc\u00dfe k\u00fchl und sicher. Erobern Sie die Natur mit Selbstvertrauen und Stil und erleben Sie un\u00fcbertroffene Leistung mit dem Salomon XT-6, Ihrem ultimativen Trail-Begleiter.<\/p>\n<ul>\n<li><strong>Farbgebung:<\/strong> Icicle\/Nirvana\/Nine Iron<\/li>\n<li><strong>Stilcode:<\/strong> L47737600<\/li>\n<li><strong>Obermaterial:<\/strong> Synthetic<\/li>\n<li><strong>Mittelsohle:<\/strong> EnergyCell<\/li>\n<li><strong>Farbe:<\/strong> White<\/li>\n<li><strong>Saison:<\/strong> Spring<\/li>\n<li><strong>Erscheinungsjahr:<\/strong> 2025<\/li>\n<\/ul>\n","protected":false},"excerpt":{"rendered":"<p>Steigern Sie Ihr Trailrunning-Erlebnis mit den Salomon XT-6 Trailrunning-Schuhen (L47737600). Diese Hochleistungsschuhe wurden f\u00fcr globale Abenteurer entwickelt und bieten beispiellose Stabilit\u00e4t, Haltbarkeit und Komfort in jedem Gel\u00e4nde. Sie sind mit fortschrittlicher D\u00e4mpfung und einer robusten Contragrip-Au\u00dfensohle ausgestattet und bieten optimalen Halt auf anspruchsvollen Trails. Das atmungsaktive Obermaterial sorgt f\u00fcr eine perfekte Passform und h\u00e4lt Ihre [&hellip;]<\/p>\n","protected":false},"featured_media":369611,"comment_status":"closed","ping_status":"closed","template":"","meta":[],"product_brand":[],"product_cat":[19669],"product_tag":[12564,12563,19670,10937],"class_list":{"0":"post-369240","1":"product","2":"type-product","3":"status-publish","4":"has-post-thumbnail","6":"product_cat-salomon","7":"product_tag-laufschuhe","8":"product_tag-performance-sportschuhe","9":"product_tag-salomon","10":"product_tag-trail-running-shoes","11":"wcpa_has_options","13":"first","14":"instock","15":"taxable","16":"shipping-taxable","17":"purchasable","18":"product-type-simple"},"wcpa_form_fields":{"rules":{"pric_overide_base_price":false,"pric_overide_base_price_if_gt_zero":false,"pric_overide_base_price_fully":false,"pric_cal_option_once":false,"pric_use_as_fee":false,"bind_quantity":false,"quantity_bind_formula":false},"fields":[{"type":"color-group","required":true,"elementId":"wcpa-color-group-66c4a75505e74","label":"Gru00f6u00dfe - EU Gru00f6u00dfe","inline":true,"priceOptions":"different_for_all","pricingType":"fixed","className":"hassizechart product-shoes-size-eu product-shoes-size","name":"color-group-66c4a75505e89","disp_type":"square","selection_type":"tick-border","disp_size":"44","show_label_inside":true,"adjust_width":true,"cart_display_type":"text","other_text":"Other","cl_rule":"show","col":6,"values":[{"label":"36","value":"EU 36","price":"","pimage":"","pimage_id":"","pthumb":"","color":"","selected":true},{"label":"36.5","value":"EU 36.5","price":"","pimage":"","pimage_id":"","pthumb":"","color":""},{"label":"37.5","value":"EU 37.5","price":"","pimage":"","pimage_id":"","pthumb":"","color":""},{"label":"38","value":"EU 38","price":"","pimage":"","pimage_id":"","pthumb":"","color":""},{"label":"38.5","value":"EU 38.5","price":"","pimage":"","pimage_id":"","pthumb":"","color":""},{"label":"39","value":"EU 39","price":"","pimage":"","pimage_id":"","pthumb":"","color":""},{"label":"40","value":"EU 40","price":"","pimage":"","pimage_id":"","pthumb":"","color":""},{"label":"40.5","value":"EU 40.5","price":"","pimage":"","pimage_id":"","pthumb":"","color":""},{"label":"41","value":"EU 41","price":"","pimage":"","pimage_id":"","pthumb":"","color":""},{"label":"42","value":"EU 42","price":"","pimage":"","pimage_id":"","pthumb":"","color":""},{"label":"42.5","value":"EU 42.5","price":"","pimage":"","pimage_id":"","pthumb":"","color":""},{"label":"43","value":"EU 43","price":"","pimage":"","pimage_id":"","pthumb":"","color":""},{"label":"44","value":"EU 44","price":"","pimage":"","pimage_id":"","pthumb":"","color":""},{"label":"44.5","value":"EU 44.5","price":"","pimage":"","pimage_id":"","pthumb":"","color":""},{"label":"45","value":"EU 45","price":"","pimage":"","pimage_id":"","pthumb":"","color":""},{"label":"45.5","value":"EU 45.5","price":"","pimage":"","pimage_id":"","pthumb":"","color":""},{"label":"46","value":"EU 46","price":"","pimage":"","pimage_id":"","pthumb":"","color":""},{"label":"47","value":"EU 47","price":"","pimage":"","pimage_id":"","pthumb":"","color":""},{"label":"47.5","value":"EU 47.5","price":"","pimage":"","pimage_id":"","pthumb":"","color":""},{"label":"48","value":"EU 48","price":"","pimage":"","pimage_id":"","pthumb":"","color":""}],"relations":[{"operator":false,"rules":[]}],"form_id":369624,"form_rules":{"pric_cal_option_once":false,"exclude_from_discount":false,"pric_use_as_fee":false,"fee_label":"Fee","render_after_acb":false,"disp_hide_options_price":false}}]},"_links":{"self":[{"href":"https:\/\/moroen.com\/de\/wp-json\/wp\/v2\/product\/369240","targetHints":{"allow":["GET"]}}],"collection":[{"href":"https:\/\/moroen.com\/de\/wp-json\/wp\/v2\/product"}],"about":[{"href":"https:\/\/moroen.com\/de\/wp-json\/wp\/v2\/types\/product"}],"replies":[{"embeddable":true,"href":"https:\/\/moroen.com\/de\/wp-json\/wp\/v2\/comments?post=369240"}],"wp:featuredmedia":[{"embeddable":true,"href":"https:\/\/moroen.com\/de\/wp-json\/wp\/v2\/media\/369611"}],"wp:attachment":[{"href":"https:\/\/moroen.com\/de\/wp-json\/wp\/v2\/media?parent=369240"}],"wp:term":[{"taxonomy":"product_brand","embeddable":true,"href":"https:\/\/moroen.com\/de\/wp-json\/wp\/v2\/product_brand?post=369240"},{"taxonomy":"product_cat","embeddable":true,"href":"https:\/\/moroen.com\/de\/wp-json\/wp\/v2\/product_cat?post=369240"},{"taxonomy":"product_tag","embeddable":true,"href":"https:\/\/moroen.com\/de\/wp-json\/wp\/v2\/product_tag?post=369240"}],"curies":[{"name":"wp","href":"https:\/\/api.w.org\/{rel}","templated":true}]}}