{"id":38782,"date":"2026-03-17T10:12:43","date_gmt":"2026-03-17T03:12:43","guid":{"rendered":"https:\/\/moroen.com\/de\/product\/new-balance-1906d-protection-packeclipse-m1906di"},"modified":"2026-03-17T10:12:43","modified_gmt":"2026-03-17T03:12:43","slug":"new-balance-1906d-protection-packeclipse-m1906di","status":"publish","type":"product","link":"https:\/\/moroen.com\/de\/produkt\/new-balance-1906d-protection-packeclipse-m1906di\/","title":{"rendered":"New Balance 1906D &#8218;Protection Pack &#8211; Eclipse&#8216; M1906DI"},"content":{"rendered":"<p>Wir pr\u00e4sentieren den New Balance 1906D \u201eProtection Pack \u2013 Eclipse\u201c M1906DI \u2013 hier trifft Stil auf Funktionalit\u00e4t. Dieser Sneaker aus hochwertigen Materialien besticht durch seine robuste Konstruktion und das wasserdichte GORE-TEX-Futter, das f\u00fcr trockene F\u00fc\u00dfe und Schutz bei jedem Wetter sorgt. Die markante Eclipse-Farbgebung verleiht ihm einen eleganten Look, w\u00e4hrend die Dual-Density-Mittelsohle au\u00dfergew\u00f6hnlichen Komfort und Stabilit\u00e4t bietet. Schl\u00fcpfen Sie in den 1906D und erleben Sie unvergleichlichen Schutz und Stil \u2013 egal ob auf der Stra\u00dfe oder im Gel\u00e4nde.<\/p>\n<ul>\n<li><strong>Farbgebung:<\/strong> Silber Metallic\/Wei\u00df\/Karmesinrot<\/li>\n<li><strong>Style-Code:<\/strong> M1906DI<\/li>\n<li><strong>Obermaterial:<\/strong> Mesh<\/li>\n<li><strong>Zwischensohle:<\/strong> NERGY<\/li>\n<li><strong>Farbe:<\/strong> Schwarz<\/li>\n<li><strong>Erscheinungsjahr:<\/strong> 2023<\/li>\n<\/ul>\n","protected":false},"excerpt":{"rendered":"<p>Wir pr\u00e4sentieren den New Balance 1906D \u201eProtection Pack \u2013 Eclipse\u201c M1906DI \u2013 hier trifft Stil auf Funktionalit\u00e4t. Dieser Sneaker aus hochwertigen Materialien besticht durch seine robuste Konstruktion und das wasserdichte GORE-TEX-Futter, das f\u00fcr trockene F\u00fc\u00dfe und Schutz bei jedem Wetter sorgt. Die markante Eclipse-Farbgebung verleiht ihm einen eleganten Look, w\u00e4hrend die Dual-Density-Mittelsohle au\u00dfergew\u00f6hnlichen Komfort und [&hellip;]<\/p>\n","protected":false},"featured_media":38783,"comment_status":"open","ping_status":"closed","template":"","meta":[],"product_brand":[],"product_cat":[10776,10778,10780,10774],"product_tag":[10750,10752,10754,10756,10758,10760,10761,10763,10765,10768,10770],"class_list":{"0":"post-38782","1":"product","2":"type-product","3":"status-publish","4":"has-post-thumbnail","6":"product_cat-new-balance-1906d-protection-pack-eclipse","7":"product_cat-lifestyle-shoes-running-inspired","8":"product_cat-gender-men","9":"product_cat-new-balance","10":"product_tag-athleisure-shoes","11":"product_tag-best-finds-under-100","12":"product_tag-gift-for-him","13":"product_tag-lifestyle-casual-shoes","14":"product_tag-lifestyle-shoes-running-inspired","15":"product_tag-new-balance","16":"product_tag-new-balance-running-shoes","17":"product_tag-retro-running-shoes","18":"product_tag-trending-deals","19":"product_tag-trending-deals-under-150","20":"product_tag-under-retail","21":"wcpa_has_options","23":"first","24":"instock","25":"taxable","26":"shipping-taxable","27":"purchasable","28":"product-type-simple"},"wcpa_form_fields":{"rules":{"pric_overide_base_price":false,"pric_overide_base_price_if_gt_zero":false,"pric_overide_base_price_fully":false,"pric_cal_option_once":false,"pric_use_as_fee":false,"bind_quantity":false,"quantity_bind_formula":false},"fields":[{"type":"color-group","required":true,"elementId":"wcpa-color-group-66c4a928225d2","label":"Gr\u00f6\u00dfe","inline":true,"priceOptions":"different_for_all","pricingType":"fixed","className":"hassizechart product-shoes-size-eu product-shoes-size","name":"color-group-66c4a928225e2","disp_type":"square","selection_type":"tick-border","disp_size":"50","show_label_inside":true,"adjust_width":true,"cart_display_type":"text","other_text":"Other","cl_rule":"show","col":6,"values":[{"label":"35","value":"EU 35","price":"","pimage":"","pimage_id":"","pthumb":"","color":""},{"label":"36","value":"EU 36","price":"","pimage":"","pimage_id":"","pthumb":"","color":"","selected":true},{"label":"37","value":"EU 37","price":"","pimage":"","pimage_id":"","pthumb":"","color":""},{"label":"37.5","value":"EU 37.5","price":"","pimage":"","pimage_id":"","pthumb":"","color":""},{"label":"38","value":"EU 38","price":"","pimage":"","pimage_id":"","pthumb":"","color":""},{"label":"38.5","value":"EU 38.5","price":"","pimage":"","pimage_id":"","pthumb":"","color":""},{"label":"39","value":"EU 39","price":"","pimage":"","pimage_id":"","pthumb":"","color":""},{"label":"39.5","value":"EU 39.5","price":"","pimage":"","pimage_id":"","pthumb":"","color":""},{"label":"40","value":"EU 40","price":"","pimage":"","pimage_id":"","pthumb":"","color":""},{"label":"40.5","value":"EU 40.5","price":"","pimage":"","pimage_id":"","pthumb":"","color":""},{"label":" 41.5","value":"EU 41.5","price":"","pimage":"","pimage_id":"","pthumb":"","color":""},{"label":"42","value":"EU 42","price":"","pimage":"","pimage_id":"","pthumb":"","color":""},{"label":"42.5","value":"EU 42.5","price":"","pimage":"","pimage_id":"","pthumb":"","color":""},{"label":"43","value":"EU 43","price":"","pimage":"","pimage_id":"","pthumb":"","color":""},{"label":"44","value":"EU 44","price":"","pimage":"","pimage_id":"","pthumb":"","color":""},{"label":"44.5","value":"EU 44.5","price":"","pimage":"","pimage_id":"","pthumb":"","color":""},{"label":"45","value":"EU 45","price":"","pimage":"","pimage_id":"","pthumb":"","color":""},{"label":"45.5","value":"EU 45.5","price":"","pimage":"","pimage_id":"","pthumb":"","color":""},{"label":"46","value":"EU 46","price":"","pimage":"","pimage_id":"","pthumb":"","color":""}],"relations":[{"operator":false,"rules":[]}],"form_id":24803,"form_rules":{"pric_cal_option_once":false,"exclude_from_discount":false,"pric_use_as_fee":false,"fee_label":"Fee","render_after_acb":false,"disp_hide_options_price":false}}]},"_links":{"self":[{"href":"https:\/\/moroen.com\/de\/wp-json\/wp\/v2\/product\/38782","targetHints":{"allow":["GET"]}}],"collection":[{"href":"https:\/\/moroen.com\/de\/wp-json\/wp\/v2\/product"}],"about":[{"href":"https:\/\/moroen.com\/de\/wp-json\/wp\/v2\/types\/product"}],"replies":[{"embeddable":true,"href":"https:\/\/moroen.com\/de\/wp-json\/wp\/v2\/comments?post=38782"}],"wp:featuredmedia":[{"embeddable":true,"href":"https:\/\/moroen.com\/de\/wp-json\/wp\/v2\/media\/38783"}],"wp:attachment":[{"href":"https:\/\/moroen.com\/de\/wp-json\/wp\/v2\/media?parent=38782"}],"wp:term":[{"taxonomy":"product_brand","embeddable":true,"href":"https:\/\/moroen.com\/de\/wp-json\/wp\/v2\/product_brand?post=38782"},{"taxonomy":"product_cat","embeddable":true,"href":"https:\/\/moroen.com\/de\/wp-json\/wp\/v2\/product_cat?post=38782"},{"taxonomy":"product_tag","embeddable":true,"href":"https:\/\/moroen.com\/de\/wp-json\/wp\/v2\/product_tag?post=38782"}],"curies":[{"name":"wp","href":"https:\/\/api.w.org\/{rel}","templated":true}]}}